{"id":3712,"date":"2025-11-29T18:52:42","date_gmt":"2025-11-29T18:52:42","guid":{"rendered":"https:\/\/djbaldaiwood.lt\/?post_type=product&#038;p=3712"},"modified":"2025-11-29T18:53:00","modified_gmt":"2025-11-29T18:53:00","slug":"suppera","status":"publish","type":"product","link":"https:\/\/djbaldaiwood.lt\/lt\/product\/suppera\/","title":{"rendered":"SUPPERA"},"content":{"rendered":"<p style=\"font-weight: 400;\">Spyruoklinis \u010diu\u017einys SUPPERA \u2013 tai dvipusis \u010diu\u017einys, idealiai tinkantis tiems, kurie vertina mink\u0161t\u0105 miego pagrind\u0105. \u201eVitaRest origin BIO green\u201c viskoelastin\u0117s putos \u0161velniai priglunda prie k\u016bno, o septyni\u0173 anatomini\u0173 mink\u0161tumo zon\u0173 sistema su ki\u0161enin\u0117mis \u201ePocket\u201c spyruokl\u0117mis suteikia nepakartojam\u0105 komfort\u0105 ir k\u016bno pad\u0117ties palaikym\u0105 viso miego metu.<\/p>\n<p style=\"font-weight: 400;\">\u010ciu\u017einio savyb\u0117s:<\/p>\n<ul style=\"font-weight: 400;\">\n<li>Mink\u0161tas ir komforti\u0161kas.<\/li>\n<li>7 anatomini\u0173 mink\u0161tumo zon\u0173\u00a0 ki\u0161enini\u0173 \u201ePocket\u201c spyruokli\u0173 blokas.<\/li>\n<li>Su\u00a0 unikalaus viskoelastin\u0117s med\u017eiagos put\u0173 poliuretano sluoksniu teisingai k\u016bno atramai ir spaudimui ma\u017einti.<\/li>\n<li>Tylus, neperduodami kito miegan\u010diojo judesiai.<\/li>\n<li>Dvipusis \u010diu\u017einys su skirtingo kietumo\/mink\u0161tumo lygiais.<\/li>\n<li>V\u0117dinimo angel\u0117s optimaliai oro cirkuliacijai.<\/li>\n<li>Nuimamas ir skalbiamas u\u017evalkalas.<\/li>\n<\/ul>\n<p style=\"font-weight: 400;\">\u010ciu\u017einio branduolys sujungia 7 zon\u0173 \u201ePocket\u201c spyruokli\u0173 blok\u0105 ir unikalaus viskoelastinio \u201eVitaRest origin BIO green\u201c put\u0173 poliuretano sluoksn\u012f, bei HR poliuretano lak\u0161t\u0105, kuris dengia kit\u0105 \u010diu\u017einio pus\u0119. Toks med\u017eiag\u0173 derinys u\u017etikrina taisykling\u0105 stuburo pad\u0117t\u012f, suma\u017eina k\u016bno apkrov\u0105 ir leid\u017eia raumenims visi\u0161kai atsipalaiduoti.<\/p>\n<p style=\"font-weight: 400;\">Spyruoklinis \u010diu\u017einys SUPPERA pasi\u017eymi tyliu veikimu, nes kiekviena spyruokl\u0117 \u012fvilkta \u012f atskir\u0105 tekstilin\u012f mai\u0161el\u012f, tad J\u016bs\u0173 miegas nebus trikdomas pa\u0161alini\u0173 gars\u0173. Aplinkui \u010diu\u017ein\u012f einan\u010dios v\u0117dinimo angel\u0117s u\u017etikrina optimali\u0105 oro cirkuliacij\u0105 ir palaiko puik\u0173 susidariusios dr\u0117gm\u0117s garinim\u0105.<\/p>\n<p style=\"font-weight: 400;\">\u010ciu\u017einys SUPPERA tai dvigubas komfortas leid\u017eiantis rinktis kietesn\u012f\/mink\u0161tesn\u012f, bei v\u0117sesn\u012f \/\u0161iltesn\u012f miego malonum\u0105. \u010ciu\u017einys yra dvipusis tod\u0117l\u00a0 nor\u0117dami kartais pa\u012fvairinti savo mieg\u0105 tiesiog apverskite j\u012f ir atraskite kit\u0105 komforto lyg\u012f, \u0161altuoju metu apgaubian\u010dios viskoelastin\u0117s med\u017eiagos poj\u016bt\u012f, \u0161iltuoju \u2013 itin elastingo put\u0173 poliuretano sluoksn\u012f, kuris suteiks nepakartojam\u0105 lengvumo poj\u016bt\u012f.<\/p>\n<p style=\"font-weight: 400;\">\u010ciu\u017einio u\u017evalkalas i\u0161 mink\u0161to, kokybi\u0161ko trikota\u017einio audinio yra ne tik patogus, bet ir prakti\u0161kas. Abi jo pus\u0117s daigstytos antialergine putlia med\u017eiaga, o u\u017evalkalas lengvai atitraukiamas u\u017etrauktuku ir skalbiamas iki 40 \u00b0 C temperat\u016broje arba valomas sausu cheminiu b\u016bdu. Galite rinktis i\u0161 keleto si\u016blom\u0173 audinio variant\u0173, kad \u010diu\u017einys tobulai der\u0117t\u0173 prie J\u016bs\u0173 miegamojo interjero.<\/p>\n<p style=\"font-weight: 400;\">Atsikratykite nuovargio, m\u0117gaukit\u0117s kiekviena naktimi ir atsibuskite pails\u0117j\u0119 bei kupini energijos.<\/p>\n<p style=\"font-weight: 400;\">\u010ciu\u017einio auk\u0161tis su u\u017evalkalu apie: 24 cm.<\/p>\n<hr \/>\n<h3 class=\"mt-5\">Audiniai<\/h3>\n<p>&nbsp;<\/p>\n<div style=\"display: flex; gap: 10px;\" data-wp-editing=\"1\">\n<div style=\"flex: 1;\">\n<p><img decoding=\"async\" class=\"aligncenter\" style=\"width: 150px; height: 150px; object-fit: cover; border-radius: 50%;\" src=\"https:\/\/djbaldaiwood.lt\/wp-content\/uploads\/2025\/11\/1724929233-Trikotazinis-baltas-audinys-Nr.-10.png\" alt=\"Trikota\u017einis baltas (Nr.10)\" \/><\/p>\n<p style=\"text-align: center;\"><strong>Trikota\u017einis <\/strong> <strong>baltas <\/strong><\/p>\n<p style=\"text-align: center;\"><strong>(Nr.10) <\/strong><\/p>\n<p style=\"text-align: center;\">(16% viskoz\u0117,<\/p>\n<p style=\"text-align: center;\">84% poliesteris)<\/p>\n<\/div>\n<div style=\"flex: 1;\">\n<p style=\"text-align: center;\"><img decoding=\"async\" style=\"width: 150px; height: 150px; object-fit: cover; border-radius: 50%;\" src=\"https:\/\/djbaldaiwood.lt\/wp-content\/uploads\/2025\/11\/1726773334-IMG_5456.png\" alt=\"Trikota\u017einis su bambuku (Nr.17)\" \/><\/p>\n<p style=\"text-align: center;\"><strong> Trikota\u017einis su <\/strong><\/p>\n<p style=\"text-align: center;\"><strong>bambuku (Nr.17)<\/strong><\/p>\n<p style=\"text-align: center;\">(36% bambukas,<\/p>\n<p style=\"text-align: center;\">64% poliesteris)<\/p>\n<\/div>\n<div style=\"flex: 1;\">\n<p style=\"text-align: center;\"><img decoding=\"async\" style=\"width: 150px; height: 150px; object-fit: cover; border-radius: 50%;\" src=\"https:\/\/djbaldaiwood.lt\/wp-content\/uploads\/2025\/11\/1724929414-Trikotazinis-audinys-Aloe-Vera-Nr.-32-1.png\" alt=\"Trikota\u017einis Aloe Vera (Nr.32)\" \/><\/p>\n<p style=\"text-align: center;\"><strong>Trikota\u017einis Aloe <\/strong><\/p>\n<p style=\"text-align: center;\"><strong>Vera (Nr.32)<\/strong><\/p>\n<p style=\"text-align: center;\">(26% viskoz\u0117,<\/p>\n<p style=\"text-align: center;\">74% poliesteris)<\/p>\n<\/div>\n<div style=\"flex: 1;\">\n<p style=\"text-align: center;\"><img decoding=\"async\" style=\"width: 150px; height: 150px; object-fit: cover; border-radius: 50%;\" src=\"https:\/\/djbaldaiwood.lt\/wp-content\/uploads\/2025\/11\/1724929456-Trikotazinis-lino-spalvos-audinys-Nr.-39-1.png\" alt=\"Trikota\u017einis lino spalvos (Nr. 39))\" \/><\/p>\n<p style=\"text-align: center;\"><strong>Trikota\u017einis lino <\/strong><\/p>\n<p style=\"text-align: center;\"><strong>spalvos (Nr. 39)<\/strong><\/p>\n<p style=\"text-align: center;\">(23% viskoz\u0117,<\/p>\n<p style=\"text-align: center;\">77% poliesteris)<\/p>\n<\/div>\n<div style=\"flex: 1;\">\n<p style=\"text-align: center;\"><img decoding=\"async\" style=\"width: 150px; height: 150px; object-fit: cover; border-radius: 50%;\" src=\"https:\/\/djbaldaiwood.lt\/wp-content\/uploads\/2025\/11\/1724929487-Audinys-nr.58_auraplus.eu_-23.png\" alt=\"Trikota\u017einis audinys (Nr. 58)\" \/><\/p>\n<p style=\"text-align: center;\"><strong>Trikota\u017einis <\/strong><\/p>\n<p style=\"text-align: center;\"><strong>audinys (Nr. 58)<\/strong><\/p>\n<p style=\"text-align: center;\">(30% viskoz\u0117,<\/p>\n<p style=\"text-align: center;\">70% poliesteris)<\/p>\n<\/div>\n<\/div>\n","protected":false},"excerpt":{"rendered":"<p>Spyruoklinis \u010diu\u017einys SUPPERA \u2013 tai dvipusis \u010diu\u017einys, idealiai tinkantis tiems, kurie vertina mink\u0161t\u0105 miego pagrind\u0105. \u201eVitaRest origin BIO green\u201c viskoelastin\u0117s putos \u0161velniai priglunda prie k\u016bno, o septyni\u0173 anatomini\u0173 mink\u0161tumo zon\u0173 sistema su ki\u0161enin\u0117mis \u201ePocket\u201c spyruokl\u0117mis suteikia nepakartojam\u0105 komfort\u0105 ir k\u016bno pad\u0117ties palaikym\u0105 viso miego metu. \u010ciu\u017einio savyb\u0117s: Mink\u0161tas ir komforti\u0161kas. 7 anatomini\u0173 mink\u0161tumo zon\u0173\u00a0 ki\u0161enini\u0173 [&hellip;]<\/p>\n","protected":false},"featured_media":3713,"template":"","meta":{"_uag_custom_page_level_css":"","site-sidebar-layout":"default","site-content-layout":"","ast-site-content-layout":"default","site-content-style":"default","site-sidebar-style":"default","ast-global-header-display":"","ast-banner-title-visibility":"","ast-main-header-display":"","ast-hfb-above-header-display":"","ast-hfb-below-header-display":"","ast-hfb-mobile-header-display":"","site-post-title":"","ast-breadcrumbs-content":"","ast-featured-img":"","footer-sml-layout":"","ast-disable-related-posts":"","theme-transparent-header-meta":"default","adv-header-id-meta":"","stick-header-meta":"","header-above-stick-meta":"","header-main-stick-meta":"","header-below-stick-meta":"","astra-migrate-meta-layouts":"set","ast-page-background-enabled":"default","ast-page-background-meta":{"desktop":{"background-color":"","background-image":"","background-repeat":"repeat","background-position":"center center","background-size":"auto","background-attachment":"scroll","background-type":"","background-media":"","overlay-type":"","overlay-color":"","overlay-opacity":"","overlay-gradient":""},"tablet":{"background-color":"","background-image":"","background-repeat":"repeat","background-position":"center center","background-size":"auto","background-attachment":"scroll","background-type":"","background-media":"","overlay-type":"","overlay-color":"","overlay-opacity":"","overlay-gradient":""},"mobile":{"background-color":"","background-image":"","background-repeat":"repeat","background-position":"center center","background-size":"auto","background-attachment":"scroll","background-type":"","background-media":"","overlay-type":"","overlay-color":"","overlay-opacity":"","overlay-gradient":""}},"ast-content-background-meta":{"desktop":{"background-color":"var(--ast-global-color-5)","background-image":"","background-repeat":"repeat","background-position":"center center","background-size":"auto","background-attachment":"scroll","background-type":"","background-media":"","overlay-type":"","overlay-color":"","overlay-opacity":"","overlay-gradient":""},"tablet":{"background-color":"var(--ast-global-color-5)","background-image":"","background-repeat":"repeat","background-position":"center center","background-size":"auto","background-attachment":"scroll","background-type":"","background-media":"","overlay-type":"","overlay-color":"","overlay-opacity":"","overlay-gradient":""},"mobile":{"background-color":"var(--ast-global-color-5)","background-image":"","background-repeat":"repeat","background-position":"center center","background-size":"auto","background-attachment":"scroll","background-type":"","background-media":"","overlay-type":"","overlay-color":"","overlay-opacity":"","overlay-gradient":""}}},"product_brand":[161],"product_cat":[159,157,32],"product_tag":[],"class_list":{"0":"post-3712","1":"product","2":"type-product","3":"status-publish","4":"has-post-thumbnail","6":"product_brand-pocket","7":"product_cat-ciuziniai","8":"product_cat-ciuziniai-su-spyruoklemis-pocket","9":"product_cat-miegamojo_baldai","10":"desktop-align-left","11":"tablet-align-left","12":"mobile-align-left","14":"first","15":"instock","16":"shipping-taxable","17":"product-type-simple"},"uagb_featured_image_src":{"full":["https:\/\/djbaldaiwood.lt\/wp-content\/uploads\/2025\/11\/spyruoklinis-pocket-ciuzinys-suppera.jpg",800,800,false],"thumbnail":["https:\/\/djbaldaiwood.lt\/wp-content\/uploads\/2025\/11\/spyruoklinis-pocket-ciuzinys-suppera-150x150.jpg",150,150,true],"medium":["https:\/\/djbaldaiwood.lt\/wp-content\/uploads\/2025\/11\/spyruoklinis-pocket-ciuzinys-suppera-300x300.jpg",300,300,true],"medium_large":["https:\/\/djbaldaiwood.lt\/wp-content\/uploads\/2025\/11\/spyruoklinis-pocket-ciuzinys-suppera-768x768.jpg",768,768,true],"large":["https:\/\/djbaldaiwood.lt\/wp-content\/uploads\/2025\/11\/spyruoklinis-pocket-ciuzinys-suppera.jpg",800,800,false],"1536x1536":["https:\/\/djbaldaiwood.lt\/wp-content\/uploads\/2025\/11\/spyruoklinis-pocket-ciuzinys-suppera.jpg",800,800,false],"2048x2048":["https:\/\/djbaldaiwood.lt\/wp-content\/uploads\/2025\/11\/spyruoklinis-pocket-ciuzinys-suppera.jpg",800,800,false],"trp-custom-language-flag":["https:\/\/djbaldaiwood.lt\/wp-content\/uploads\/2025\/11\/spyruoklinis-pocket-ciuzinys-suppera-12x12.jpg",12,12,true],"woocommerce_thumbnail":["https:\/\/djbaldaiwood.lt\/wp-content\/uploads\/2025\/11\/spyruoklinis-pocket-ciuzinys-suppera-300x300.jpg",300,300,true],"woocommerce_single":["https:\/\/djbaldaiwood.lt\/wp-content\/uploads\/2025\/11\/spyruoklinis-pocket-ciuzinys-suppera-600x600.jpg",600,600,true],"woocommerce_gallery_thumbnail":["https:\/\/djbaldaiwood.lt\/wp-content\/uploads\/2025\/11\/spyruoklinis-pocket-ciuzinys-suppera-100x100.jpg",100,100,true],"dgwt-wcas-product-suggestion":["https:\/\/djbaldaiwood.lt\/wp-content\/uploads\/2025\/11\/spyruoklinis-pocket-ciuzinys-suppera-64x64.jpg",64,64,true]},"uagb_author_info":{"display_name":"u9335422869@gmail.com","author_link":"https:\/\/djbaldaiwood.lt\/lt\/author\/"},"uagb_comment_info":0,"uagb_excerpt":"Spyruoklinis \u010diu\u017einys SUPPERA \u2013 tai dvipusis \u010diu\u017einys, idealiai tinkantis tiems, kurie vertina mink\u0161t\u0105 miego pagrind\u0105. \u201eVitaRest origin BIO green\u201c viskoelastin\u0117s putos \u0161velniai priglunda prie k\u016bno, o septyni\u0173 anatomini\u0173 mink\u0161tumo zon\u0173 sistema su ki\u0161enin\u0117mis \u201ePocket\u201c spyruokl\u0117mis suteikia nepakartojam\u0105 komfort\u0105 ir k\u016bno pad\u0117ties palaikym\u0105 viso miego metu. \u010ciu\u017einio savyb\u0117s: Mink\u0161tas ir komforti\u0161kas. 7 anatomini\u0173 mink\u0161tumo zon\u0173\u00a0 ki\u0161enini\u0173&hellip;","_links":{"self":[{"href":"https:\/\/djbaldaiwood.lt\/lt\/wp-json\/wp\/v2\/product\/3712","targetHints":{"allow":["GET"]}}],"collection":[{"href":"https:\/\/djbaldaiwood.lt\/lt\/wp-json\/wp\/v2\/product"}],"about":[{"href":"https:\/\/djbaldaiwood.lt\/lt\/wp-json\/wp\/v2\/types\/product"}],"wp:featuredmedia":[{"embeddable":true,"href":"https:\/\/djbaldaiwood.lt\/lt\/wp-json\/wp\/v2\/media\/3713"}],"wp:attachment":[{"href":"https:\/\/djbaldaiwood.lt\/lt\/wp-json\/wp\/v2\/media?parent=3712"}],"wp:term":[{"taxonomy":"product_brand","embeddable":true,"href":"https:\/\/djbaldaiwood.lt\/lt\/wp-json\/wp\/v2\/product_brand?post=3712"},{"taxonomy":"product_cat","embeddable":true,"href":"https:\/\/djbaldaiwood.lt\/lt\/wp-json\/wp\/v2\/product_cat?post=3712"},{"taxonomy":"product_tag","embeddable":true,"href":"https:\/\/djbaldaiwood.lt\/lt\/wp-json\/wp\/v2\/product_tag?post=3712"}],"curies":[{"name":"wp","href":"https:\/\/api.w.org\/{rel}","templated":true}]}}