{"id":3707,"date":"2025-11-29T18:42:07","date_gmt":"2025-11-29T18:42:07","guid":{"rendered":"https:\/\/djbaldaiwood.lt\/?post_type=product&#038;p=3707"},"modified":"2025-11-29T18:48:13","modified_gmt":"2025-11-29T18:48:13","slug":"oskaras","status":"publish","type":"product","link":"https:\/\/djbaldaiwood.lt\/lt\/product\/oskaras\/","title":{"rendered":"OSKARAS"},"content":{"rendered":"<p style=\"font-weight: 400;\">Spyruoklinis \u010diu\u017einys OSKARAS sukurtas tiems, kurie vertina ne tik prabang\u0173 poils\u012f, bet ir harmonij\u0105 su gamta, i\u0161siskiriantis savo sud\u0117tyje esan\u010diais nat\u016braliais, \u017emogui ir aplinkai draugi\u0161kais lino ir kanapi\u0173 pluo\u0161tais.<\/p>\n<p style=\"font-weight: 400;\">\u010ciu\u017einio savyb\u0117s:<\/p>\n<ul style=\"font-weight: 400;\">\n<li>7 mink\u0161tumo zon\u0173 ki\u0161enini\u0173 (Multipocket) spyruokli\u0173 pagrindu.<\/li>\n<li>\u010ciu\u017einys savo sud\u0117tyje turi daug nat\u016brali\u0173 med\u017eiag\u0173.<\/li>\n<li>Universalus, dvipusis.<\/li>\n<li>Ergonomi\u0161kas, suteikiantis taisykling\u0105 atram\u0105 stuburui.<\/li>\n<li>I\u0161skirtinai laidus orui, elastingas, tvirtas ir ilgaam\u017eis.<\/li>\n<li>Patogumui u\u017etikrinti u\u017evalkalas nuvelkamas u\u017etrauktuku ir skalbiamas pagal rekomendacijas.<\/li>\n<\/ul>\n<p style=\"font-weight: 400;\">\u012e atskirus tekstil\u0117s mai\u0161elius vilkt\u0173 &#8222;Multipocket&#8221; spyruokli\u0173 sistema prisitaiko prie kiekvienos k\u016bno linijos, suteikdama individuali\u0105 atram\u0105 ir leid\u017eia stuburui ils\u0117tis taisyklingoje pad\u0117tyje. Nepriklausomai nuo J\u016bs\u0173 miegojimo pozos, \u010diu\u017einys u\u017etikrins optimal\u0173 komfort\u0105 ir atpalaiduos \u012fsitempusius raumenis.<\/p>\n<p style=\"font-weight: 400;\">Viena \u010diu\u017einio pus\u0117 apgaubia \u0161velniu, nat\u016bralaus lino ir kanapi\u0173 pluo\u0161tu, derinyje su &#8222;Clima&#8221; lateksu, kuris u\u017etikrina nepriekai\u0161ting\u0105 oro cirkuliacij\u0105 ir leid\u017eia odai kv\u0117puoti. Lino pluo\u0161tas yra vienas i\u0161 pla\u010diausiai naudojam\u0173 augalini\u0173 pluo\u0161t\u0173. Tai ilgalaik\u0117, patvari ir nat\u016brali med\u017eiaga, kuri pasi\u017eymi puikiomis termoreguliacin\u0117mis savyb\u0117mis, gerai sugeria ir i\u0161garina dr\u0117gm\u0119. Pluo\u0161tin\u0117s kanap\u0117s turi teigiamos \u012ftakos \u017emogaus savijautai, leid\u017eia odai kv\u0117puoti , vasar\u0105 v\u0117sina, o \u017eiem\u0105 \u0161ildo. Tai stipriausi ir patvariausi nat\u016bral\u016bs pluo\u0161tai, d\u0117l to i\u0161 j\u0173 gaminami gaminiai yra ilgaam\u017eiai . Kita \u010diu\u017einio pus\u0119 dengia atvir\u0173 por\u0173 padidinto elastingumo HR put\u0173 poliuretanas, kuris puikiai prisitaiko prie \u017emogaus k\u016bno kont\u016br\u0173 miegant. \u010ciu\u017einio sud\u0117tis ir jame esan\u010dios med\u017eiagos\u00a0\u00a0leid\u017eia orui laisvai cirkuliuoti, tod\u0117l \u010diu\u017einys i\u0161lieka gaivus ir sausas vis\u0105 nakt\u012f. Spyruoklinis \u010diu\u017einys\u00a0\u00a0OSKARAS pagamintas i\u0161 nat\u016brali\u0173, atsinaujinan\u010di\u0173 med\u017eiag\u0173, toki\u0173 kaip linas ir kanap\u0117s, kurios ne tik suteikia i\u0161skirtin\u012f komfort\u0105, bet ir yra draugi\u0161kos aplinkai.<\/p>\n<p style=\"font-weight: 400;\">\u010ciu\u017einio gamyboje naudojama nauja, nekenksminga aplinkai ir patvari klij\u0173 technologija, kurios pagrindas \u2013 EVA (etilen vinil acetatas) ir vaiki\u0161kas k\u016bno aliejus kaip klij\u0173 plastifikatorius. Klij\u0173 sud\u0117tyje n\u0117ra laki\u0173j\u0173 chemini\u0173 med\u017eiag\u0173. Tai u\u017etikrina, kad OSKARAS b\u016bt\u0173 ne tik patogus, bet ir saugus J\u016bs\u0173 sveikatai. Spyruoklinis \u010diu\u017einys OSKARAS yra vienas i\u0161 geriausi\u0173 Auraplus gaminam\u0173 \u010diu\u017eini\u0173, suteikiantis neprilygstam\u0105 komfort\u0105.<\/p>\n<p style=\"font-weight: 400;\">U\u017evalkalas yra pagamintas i\u0161 auk\u0161tos kokyb\u0117s, \u0161velnaus trikota\u017einio audinio\u2013 i\u0161 abiej\u0173 pusi\u0173 daigstytas antialergine putlia med\u017eiaga. Visas \u010diu\u017einio u\u017evalkalo kra\u0161tines juosia 3D tinklelis, kuris taip pat padidina oro laidumo galimybes.\u00a0U\u017evalkalas nuvelkamas u\u017etrauktuku ir skalbiamas 40 \u00baC temperat\u016broje arba valomas sausu cheminiu b\u016bdu.<\/p>\n<p style=\"font-weight: 400;\">\u010ciu\u017einio auk\u0161tis su u\u017evalkalu apie: 25 cm.<\/p>\n<hr \/>\n<h3 class=\"mt-5\">Audiniai<\/h3>\n<p>&nbsp;<\/p>\n<div style=\"display: flex; gap: 10px;\" data-wp-editing=\"1\">\n<div style=\"flex: 1;\">\n<p><img decoding=\"async\" class=\"aligncenter\" style=\"width: 150px; height: 150px; object-fit: cover; border-radius: 50%;\" src=\"https:\/\/djbaldaiwood.lt\/wp-content\/uploads\/2025\/11\/1724929233-Trikotazinis-baltas-audinys-Nr.-10.png\" alt=\"Trikota\u017einis baltas (Nr.10)\" \/><\/p>\n<p style=\"text-align: center;\"><strong>Trikota\u017einis <\/strong> <strong>baltas <\/strong><\/p>\n<p style=\"text-align: center;\"><strong>(Nr.10) <\/strong><\/p>\n<p style=\"text-align: center;\">(16% viskoz\u0117,<\/p>\n<p style=\"text-align: center;\">84% poliesteris)<\/p>\n<\/div>\n<div style=\"flex: 1;\">\n<p style=\"text-align: center;\"><img decoding=\"async\" style=\"width: 150px; height: 150px; object-fit: cover; border-radius: 50%;\" src=\"https:\/\/djbaldaiwood.lt\/wp-content\/uploads\/2025\/11\/1726773334-IMG_5456.png\" alt=\"Trikota\u017einis su bambuku (Nr.17)\" \/><\/p>\n<p style=\"text-align: center;\"><strong> Trikota\u017einis su <\/strong><\/p>\n<p style=\"text-align: center;\"><strong>bambuku (Nr.17)<\/strong><\/p>\n<p style=\"text-align: center;\">(36% bambukas,<\/p>\n<p style=\"text-align: center;\">64% poliesteris)<\/p>\n<\/div>\n<div style=\"flex: 1;\">\n<p style=\"text-align: center;\"><img decoding=\"async\" style=\"width: 150px; height: 150px; object-fit: cover; border-radius: 50%;\" src=\"https:\/\/djbaldaiwood.lt\/wp-content\/uploads\/2025\/11\/1724929414-Trikotazinis-audinys-Aloe-Vera-Nr.-32-1.png\" alt=\"Trikota\u017einis Aloe Vera (Nr.32)\" \/><\/p>\n<p style=\"text-align: center;\"><strong>Trikota\u017einis Aloe <\/strong><\/p>\n<p style=\"text-align: center;\"><strong>Vera (Nr.32)<\/strong><\/p>\n<p style=\"text-align: center;\">(26% viskoz\u0117,<\/p>\n<p style=\"text-align: center;\">74% poliesteris)<\/p>\n<\/div>\n<div style=\"flex: 1;\">\n<p style=\"text-align: center;\"><img decoding=\"async\" style=\"width: 150px; height: 150px; object-fit: cover; border-radius: 50%;\" src=\"https:\/\/djbaldaiwood.lt\/wp-content\/uploads\/2025\/11\/1724929456-Trikotazinis-lino-spalvos-audinys-Nr.-39-1.png\" alt=\"Trikota\u017einis lino spalvos (Nr. 39))\" \/><\/p>\n<p style=\"text-align: center;\"><strong>Trikota\u017einis lino <\/strong><\/p>\n<p style=\"text-align: center;\"><strong>spalvos (Nr. 39)<\/strong><\/p>\n<p style=\"text-align: center;\">(23% viskoz\u0117,<\/p>\n<p style=\"text-align: center;\">77% poliesteris)<\/p>\n<\/div>\n<div style=\"flex: 1;\">\n<p style=\"text-align: center;\"><img decoding=\"async\" style=\"width: 150px; height: 150px; object-fit: cover; border-radius: 50%;\" src=\"https:\/\/djbaldaiwood.lt\/wp-content\/uploads\/2025\/11\/1724929487-Audinys-nr.58_auraplus.eu_-23.png\" alt=\"Trikota\u017einis audinys (Nr. 58)\" \/><\/p>\n<p style=\"text-align: center;\"><strong>Trikota\u017einis <\/strong><\/p>\n<p style=\"text-align: center;\"><strong>audinys (Nr. 58)<\/strong><\/p>\n<p style=\"text-align: center;\">(30% viskoz\u0117,<\/p>\n<p style=\"text-align: center;\">70% poliesteris)<\/p>\n<\/div>\n<\/div>\n","protected":false},"excerpt":{"rendered":"<p>Spyruoklinis \u010diu\u017einys OSKARAS sukurtas tiems, kurie vertina ne tik prabang\u0173 poils\u012f, bet ir harmonij\u0105 su gamta, i\u0161siskiriantis savo sud\u0117tyje esan\u010diais nat\u016braliais, \u017emogui ir aplinkai draugi\u0161kais lino ir kanapi\u0173 pluo\u0161tais. \u010ciu\u017einio savyb\u0117s: 7 mink\u0161tumo zon\u0173 ki\u0161enini\u0173 (Multipocket) spyruokli\u0173 pagrindu. \u010ciu\u017einys savo sud\u0117tyje turi daug nat\u016brali\u0173 med\u017eiag\u0173. Universalus, dvipusis. Ergonomi\u0161kas, suteikiantis taisykling\u0105 atram\u0105 stuburui. I\u0161skirtinai laidus orui, [&hellip;]<\/p>\n","protected":false},"featured_media":3708,"template":"","meta":{"_uag_custom_page_level_css":"","site-sidebar-layout":"default","site-content-layout":"","ast-site-content-layout":"default","site-content-style":"default","site-sidebar-style":"default","ast-global-header-display":"","ast-banner-title-visibility":"","ast-main-header-display":"","ast-hfb-above-header-display":"","ast-hfb-below-header-display":"","ast-hfb-mobile-header-display":"","site-post-title":"","ast-breadcrumbs-content":"","ast-featured-img":"","footer-sml-layout":"","ast-disable-related-posts":"","theme-transparent-header-meta":"default","adv-header-id-meta":"","stick-header-meta":"","header-above-stick-meta":"","header-main-stick-meta":"","header-below-stick-meta":"","astra-migrate-meta-layouts":"set","ast-page-background-enabled":"default","ast-page-background-meta":{"desktop":{"background-color":"","background-image":"","background-repeat":"repeat","background-position":"center center","background-size":"auto","background-attachment":"scroll","background-type":"","background-media":"","overlay-type":"","overlay-color":"","overlay-opacity":"","overlay-gradient":""},"tablet":{"background-color":"","background-image":"","background-repeat":"repeat","background-position":"center center","background-size":"auto","background-attachment":"scroll","background-type":"","background-media":"","overlay-type":"","overlay-color":"","overlay-opacity":"","overlay-gradient":""},"mobile":{"background-color":"","background-image":"","background-repeat":"repeat","background-position":"center center","background-size":"auto","background-attachment":"scroll","background-type":"","background-media":"","overlay-type":"","overlay-color":"","overlay-opacity":"","overlay-gradient":""}},"ast-content-background-meta":{"desktop":{"background-color":"var(--ast-global-color-5)","background-image":"","background-repeat":"repeat","background-position":"center center","background-size":"auto","background-attachment":"scroll","background-type":"","background-media":"","overlay-type":"","overlay-color":"","overlay-opacity":"","overlay-gradient":""},"tablet":{"background-color":"var(--ast-global-color-5)","background-image":"","background-repeat":"repeat","background-position":"center center","background-size":"auto","background-attachment":"scroll","background-type":"","background-media":"","overlay-type":"","overlay-color":"","overlay-opacity":"","overlay-gradient":""},"mobile":{"background-color":"var(--ast-global-color-5)","background-image":"","background-repeat":"repeat","background-position":"center center","background-size":"auto","background-attachment":"scroll","background-type":"","background-media":"","overlay-type":"","overlay-color":"","overlay-opacity":"","overlay-gradient":""}}},"product_brand":[162],"product_cat":[159,158,32],"product_tag":[],"class_list":{"0":"post-3707","1":"product","2":"type-product","3":"status-publish","4":"has-post-thumbnail","6":"product_brand-multipocket","7":"product_cat-ciuziniai","8":"product_cat-ciuziniai-su-spyruokliniu-bloku-multipocket","9":"product_cat-miegamojo_baldai","10":"desktop-align-left","11":"tablet-align-left","12":"mobile-align-left","14":"first","15":"instock","16":"shipping-taxable","17":"product-type-simple"},"uagb_featured_image_src":{"full":["https:\/\/djbaldaiwood.lt\/wp-content\/uploads\/2025\/11\/spyruoklinis-multipocket-ciuzinys-oskaras.jpg",800,800,false],"thumbnail":["https:\/\/djbaldaiwood.lt\/wp-content\/uploads\/2025\/11\/spyruoklinis-multipocket-ciuzinys-oskaras-150x150.jpg",150,150,true],"medium":["https:\/\/djbaldaiwood.lt\/wp-content\/uploads\/2025\/11\/spyruoklinis-multipocket-ciuzinys-oskaras-300x300.jpg",300,300,true],"medium_large":["https:\/\/djbaldaiwood.lt\/wp-content\/uploads\/2025\/11\/spyruoklinis-multipocket-ciuzinys-oskaras-768x768.jpg",768,768,true],"large":["https:\/\/djbaldaiwood.lt\/wp-content\/uploads\/2025\/11\/spyruoklinis-multipocket-ciuzinys-oskaras.jpg",800,800,false],"1536x1536":["https:\/\/djbaldaiwood.lt\/wp-content\/uploads\/2025\/11\/spyruoklinis-multipocket-ciuzinys-oskaras.jpg",800,800,false],"2048x2048":["https:\/\/djbaldaiwood.lt\/wp-content\/uploads\/2025\/11\/spyruoklinis-multipocket-ciuzinys-oskaras.jpg",800,800,false],"trp-custom-language-flag":["https:\/\/djbaldaiwood.lt\/wp-content\/uploads\/2025\/11\/spyruoklinis-multipocket-ciuzinys-oskaras-12x12.jpg",12,12,true],"woocommerce_thumbnail":["https:\/\/djbaldaiwood.lt\/wp-content\/uploads\/2025\/11\/spyruoklinis-multipocket-ciuzinys-oskaras-300x300.jpg",300,300,true],"woocommerce_single":["https:\/\/djbaldaiwood.lt\/wp-content\/uploads\/2025\/11\/spyruoklinis-multipocket-ciuzinys-oskaras-600x600.jpg",600,600,true],"woocommerce_gallery_thumbnail":["https:\/\/djbaldaiwood.lt\/wp-content\/uploads\/2025\/11\/spyruoklinis-multipocket-ciuzinys-oskaras-100x100.jpg",100,100,true],"dgwt-wcas-product-suggestion":["https:\/\/djbaldaiwood.lt\/wp-content\/uploads\/2025\/11\/spyruoklinis-multipocket-ciuzinys-oskaras-64x64.jpg",64,64,true]},"uagb_author_info":{"display_name":"u9335422869@gmail.com","author_link":"https:\/\/djbaldaiwood.lt\/lt\/author\/"},"uagb_comment_info":0,"uagb_excerpt":"Spyruoklinis \u010diu\u017einys OSKARAS sukurtas tiems, kurie vertina ne tik prabang\u0173 poils\u012f, bet ir harmonij\u0105 su gamta, i\u0161siskiriantis savo sud\u0117tyje esan\u010diais nat\u016braliais, \u017emogui ir aplinkai draugi\u0161kais lino ir kanapi\u0173 pluo\u0161tais. \u010ciu\u017einio savyb\u0117s: 7 mink\u0161tumo zon\u0173 ki\u0161enini\u0173 (Multipocket) spyruokli\u0173 pagrindu. \u010ciu\u017einys savo sud\u0117tyje turi daug nat\u016brali\u0173 med\u017eiag\u0173. Universalus, dvipusis. Ergonomi\u0161kas, suteikiantis taisykling\u0105 atram\u0105 stuburui. I\u0161skirtinai laidus orui,&hellip;","_links":{"self":[{"href":"https:\/\/djbaldaiwood.lt\/lt\/wp-json\/wp\/v2\/product\/3707","targetHints":{"allow":["GET"]}}],"collection":[{"href":"https:\/\/djbaldaiwood.lt\/lt\/wp-json\/wp\/v2\/product"}],"about":[{"href":"https:\/\/djbaldaiwood.lt\/lt\/wp-json\/wp\/v2\/types\/product"}],"wp:featuredmedia":[{"embeddable":true,"href":"https:\/\/djbaldaiwood.lt\/lt\/wp-json\/wp\/v2\/media\/3708"}],"wp:attachment":[{"href":"https:\/\/djbaldaiwood.lt\/lt\/wp-json\/wp\/v2\/media?parent=3707"}],"wp:term":[{"taxonomy":"product_brand","embeddable":true,"href":"https:\/\/djbaldaiwood.lt\/lt\/wp-json\/wp\/v2\/product_brand?post=3707"},{"taxonomy":"product_cat","embeddable":true,"href":"https:\/\/djbaldaiwood.lt\/lt\/wp-json\/wp\/v2\/product_cat?post=3707"},{"taxonomy":"product_tag","embeddable":true,"href":"https:\/\/djbaldaiwood.lt\/lt\/wp-json\/wp\/v2\/product_tag?post=3707"}],"curies":[{"name":"wp","href":"https:\/\/api.w.org\/{rel}","templated":true}]}}