{"id":3702,"date":"2025-11-29T18:41:20","date_gmt":"2025-11-29T18:41:20","guid":{"rendered":"https:\/\/djbaldaiwood.lt\/?post_type=product&#038;p=3702"},"modified":"2025-11-29T18:48:06","modified_gmt":"2025-11-29T18:48:06","slug":"nojus","status":"publish","type":"product","link":"https:\/\/djbaldaiwood.lt\/lt\/product\/nojus\/","title":{"rendered":"NOJUS"},"content":{"rendered":"<p style=\"font-weight: 400;\">Spyruoklinis \u010diu\u017einys NOJUS \u2013 i\u0161skirtinis, dvipusis \u010diu\u017einys sukurtas specialiai tiems, kurie vertina nat\u016bralias med\u017eiagas, auk\u0161\u010diausio lygio patogum\u0105 ir maksimal\u0173 prisitaikym\u0105 prie k\u016bno.<\/p>\n<p style=\"font-weight: 400;\">\u010ciu\u017einio savyb\u0117s:<\/p>\n<ul style=\"font-weight: 400;\">\n<li>7 zon\u0173 Multipocket spyruokli\u0173 blokas \u2013 nepriekai\u0161tinga atrama stuburui.<\/li>\n<li>Patvarus, dvipusis \u010diu\u017einys.<\/li>\n<li>Clima lateksas pasir\u016bpins, kad jaustum\u0117t\u0117s patogiai ir atsipalaidav\u0119 vis\u0105 nakt\u012f.<\/li>\n<li>Nat\u016bralus lino pluo\u0161tas \u2013 sveikas pasirinkimas j\u016bs\u0173 miegui, sukuria termoreguliacin\u012f efekt\u0105 ir leid\u017eia odai laisvai kv\u0117puoti.<\/li>\n<li>\u010ciu\u017einio gamyboje naudojami aplinkai nekenksmingi ir patvar\u016bs klijai.<\/li>\n<li>Papildomos v\u0117dinimo angel\u0117s \u2013 u\u017etikrina maksimal\u0173 \u010diu\u017einio v\u0117dinim\u0105 ir higieni\u0161kum\u0105.<\/li>\n<li>\u010ciu\u017einio u\u017evalkalas nusegamas u\u017etrauktuku \u2013 lengvai palaikykite jo \u0161var\u0105.<\/li>\n<\/ul>\n<p style=\"font-weight: 400;\">Spyruoklinis \u010diu\u017einys NOJUS pagamintas Multipocket spyruokli\u0173 pagrindu, kuomet kiekviena spyruokl\u0117 reaguoja individualiai, prisitaikydama prie J\u016bs\u0173 k\u016bno form\u0173 ir svorio, taip u\u017etikrindama taisykling\u0105 stuburo atram\u0105 ir maksimal\u0173 komfort\u0105 bet kurioje miego pozoje.<\/p>\n<p style=\"font-weight: 400;\">5 cm Pulse latekso sluoksnis naudojamas vienoje \u010diu\u017einio pus\u0117je ypa\u010d komforti\u0161ka med\u017eiaga \u2013 nesvarbu ar miegate ant \u0161ono, nugaros, ar ant pilvo.\u00a0\u00a0\u0160is lateksas mink\u0161tas ir elastingas su daugybe skylu\u010di\u0173, pasi\u017eymi puikiomis ventiliacin\u0117mis savyb\u0117mis, leid\u017eia odai kv\u0117puoti ir palaiko optimali\u0105 k\u016bno temperat\u016br\u0105.<\/p>\n<p style=\"font-weight: 400;\">Nat\u016bralus lino pluo\u0161to derinys su Clima lateksu kitoje \u010diu\u017einio pus\u0117je \u2013 sveikas pasirinkimas J\u016bs\u0173 miegui. Lino pluo\u0161tas pasi\u017eymi antibakterin\u0117mis ir antialergin\u0117mis savyb\u0117mis, sukuria termoreguliacin\u012f efekt\u0105 yra laidi orui med\u017eiaga. Tad, su \u010diu\u017einiu NOJUS miegosite ramiai ir sveikai.<\/p>\n<p style=\"font-weight: 400;\">Papildomos v\u0117dinimo angel\u0117s visuose \u010diu\u017einio bortuose u\u017etikrina maksimal\u0173 \u010diu\u017einio v\u0117dinim\u0105 ir higieni\u0161kum\u0105. \u010ciu\u017einio gamyboje naudojami nekenksmingi ir patvar\u016bs klijai, kuri\u0173 sud\u0117tyje n\u0117ra laki\u0173j\u0173 chemini\u0173 med\u017eiag\u0173. \u0160ie klijai yra saug\u016bs ir draugi\u0161ki sveikatai.<\/p>\n<p style=\"font-weight: 400;\">\u010ciu\u017einio u\u017evalkalas pagamintas i\u0161 auk\u0161tos kokyb\u0117s\u00a0\u00a0trikota\u017einio audinio su bambuko si\u016blu, kuris u\u017etikrina komforti\u0161k\u0105 mieg\u0105. Audinys su bambuko si\u016blu pasi\u017eymi antibakterin\u0117mis ir antialergin\u0117mis savyb\u0117mis, yra mink\u0161tas ir malonus liesti, taip pat puikiai reguliuoja temperat\u016br\u0105 ir palaiko optimali\u0105 dr\u0117gm\u0119. U\u017evalkalas lengvai nuvelkamas u\u017etrauktuku ir skalbiamas 40\u00b0C temperat\u016broje arba galima valyti sausu cheminiu b\u016bdu.<\/p>\n<p style=\"font-weight: 400;\">Patirkite nepakartojam\u0105 komfort\u0105 ir sveik\u0105 mieg\u0105 su \u010diu\u017einiu NOJUS!<\/p>\n<p style=\"font-weight: 400;\">\u010ciu\u017einio auk\u0161tis su u\u017evalkalu apie: 24 cm<\/p>\n<hr \/>\n<h3 class=\"mt-5\">Audiniai<\/h3>\n<p>&nbsp;<\/p>\n<div style=\"display: flex; gap: 10px;\" data-wp-editing=\"1\">\n<div style=\"flex: 1;\">\n<p><img decoding=\"async\" class=\"aligncenter\" style=\"width: 150px; height: 150px; object-fit: cover; border-radius: 50%;\" src=\"https:\/\/djbaldaiwood.lt\/wp-content\/uploads\/2025\/11\/1724929233-Trikotazinis-baltas-audinys-Nr.-10.png\" alt=\"Trikota\u017einis baltas (Nr.10)\" \/><\/p>\n<p style=\"text-align: center;\"><strong>Trikota\u017einis <\/strong> <strong>baltas <\/strong><\/p>\n<p style=\"text-align: center;\"><strong>(Nr.10) <\/strong><\/p>\n<p style=\"text-align: center;\">(16% viskoz\u0117,<\/p>\n<p style=\"text-align: center;\">84% poliesteris)<\/p>\n<\/div>\n<div style=\"flex: 1;\">\n<p style=\"text-align: center;\"><img decoding=\"async\" style=\"width: 150px; height: 150px; object-fit: cover; border-radius: 50%;\" src=\"https:\/\/djbaldaiwood.lt\/wp-content\/uploads\/2025\/11\/1726773334-IMG_5456.png\" alt=\"Trikota\u017einis su bambuku (Nr.17)\" \/><\/p>\n<p style=\"text-align: center;\"><strong> Trikota\u017einis su <\/strong><\/p>\n<p style=\"text-align: center;\"><strong>bambuku (Nr.17)<\/strong><\/p>\n<p style=\"text-align: center;\">(36% bambukas,<\/p>\n<p style=\"text-align: center;\">64% poliesteris)<\/p>\n<\/div>\n<div style=\"flex: 1;\">\n<p style=\"text-align: center;\"><img decoding=\"async\" style=\"width: 150px; height: 150px; object-fit: cover; border-radius: 50%;\" src=\"https:\/\/djbaldaiwood.lt\/wp-content\/uploads\/2025\/11\/1724929414-Trikotazinis-audinys-Aloe-Vera-Nr.-32-1.png\" alt=\"Trikota\u017einis Aloe Vera (Nr.32)\" \/><\/p>\n<p style=\"text-align: center;\"><strong>Trikota\u017einis Aloe <\/strong><\/p>\n<p style=\"text-align: center;\"><strong>Vera (Nr.32)<\/strong><\/p>\n<p style=\"text-align: center;\">(26% viskoz\u0117,<\/p>\n<p style=\"text-align: center;\">74% poliesteris)<\/p>\n<\/div>\n<div style=\"flex: 1;\">\n<p style=\"text-align: center;\"><img decoding=\"async\" style=\"width: 150px; height: 150px; object-fit: cover; border-radius: 50%;\" src=\"https:\/\/djbaldaiwood.lt\/wp-content\/uploads\/2025\/11\/1724929456-Trikotazinis-lino-spalvos-audinys-Nr.-39-1.png\" alt=\"Trikota\u017einis lino spalvos (Nr. 39))\" \/><\/p>\n<p style=\"text-align: center;\"><strong>Trikota\u017einis lino <\/strong><\/p>\n<p style=\"text-align: center;\"><strong>spalvos (Nr. 39)<\/strong><\/p>\n<p style=\"text-align: center;\">(23% viskoz\u0117,<\/p>\n<p style=\"text-align: center;\">77% poliesteris)<\/p>\n<\/div>\n<div style=\"flex: 1;\">\n<p style=\"text-align: center;\"><img decoding=\"async\" style=\"width: 150px; height: 150px; object-fit: cover; border-radius: 50%;\" src=\"https:\/\/djbaldaiwood.lt\/wp-content\/uploads\/2025\/11\/1724929487-Audinys-nr.58_auraplus.eu_-23.png\" alt=\"Trikota\u017einis audinys (Nr. 58)\" \/><\/p>\n<p style=\"text-align: center;\"><strong>Trikota\u017einis <\/strong><\/p>\n<p style=\"text-align: center;\"><strong>audinys (Nr. 58)<\/strong><\/p>\n<p style=\"text-align: center;\">(30% viskoz\u0117,<\/p>\n<p style=\"text-align: center;\">70% poliesteris)<\/p>\n<\/div>\n<\/div>\n","protected":false},"excerpt":{"rendered":"<p>Spyruoklinis \u010diu\u017einys NOJUS \u2013 i\u0161skirtinis, dvipusis \u010diu\u017einys sukurtas specialiai tiems, kurie vertina nat\u016bralias med\u017eiagas, auk\u0161\u010diausio lygio patogum\u0105 ir maksimal\u0173 prisitaikym\u0105 prie k\u016bno. \u010ciu\u017einio savyb\u0117s: 7 zon\u0173 Multipocket spyruokli\u0173 blokas \u2013 nepriekai\u0161tinga atrama stuburui. Patvarus, dvipusis \u010diu\u017einys. Clima lateksas pasir\u016bpins, kad jaustum\u0117t\u0117s patogiai ir atsipalaidav\u0119 vis\u0105 nakt\u012f. Nat\u016bralus lino pluo\u0161tas \u2013 sveikas pasirinkimas j\u016bs\u0173 miegui, sukuria [&hellip;]<\/p>\n","protected":false},"featured_media":3703,"template":"","meta":{"_uag_custom_page_level_css":"","site-sidebar-layout":"default","site-content-layout":"","ast-site-content-layout":"default","site-content-style":"default","site-sidebar-style":"default","ast-global-header-display":"","ast-banner-title-visibility":"","ast-main-header-display":"","ast-hfb-above-header-display":"","ast-hfb-below-header-display":"","ast-hfb-mobile-header-display":"","site-post-title":"","ast-breadcrumbs-content":"","ast-featured-img":"","footer-sml-layout":"","ast-disable-related-posts":"","theme-transparent-header-meta":"default","adv-header-id-meta":"","stick-header-meta":"","header-above-stick-meta":"","header-main-stick-meta":"","header-below-stick-meta":"","astra-migrate-meta-layouts":"set","ast-page-background-enabled":"default","ast-page-background-meta":{"desktop":{"background-color":"","background-image":"","background-repeat":"repeat","background-position":"center center","background-size":"auto","background-attachment":"scroll","background-type":"","background-media":"","overlay-type":"","overlay-color":"","overlay-opacity":"","overlay-gradient":""},"tablet":{"background-color":"","background-image":"","background-repeat":"repeat","background-position":"center center","background-size":"auto","background-attachment":"scroll","background-type":"","background-media":"","overlay-type":"","overlay-color":"","overlay-opacity":"","overlay-gradient":""},"mobile":{"background-color":"","background-image":"","background-repeat":"repeat","background-position":"center center","background-size":"auto","background-attachment":"scroll","background-type":"","background-media":"","overlay-type":"","overlay-color":"","overlay-opacity":"","overlay-gradient":""}},"ast-content-background-meta":{"desktop":{"background-color":"var(--ast-global-color-5)","background-image":"","background-repeat":"repeat","background-position":"center center","background-size":"auto","background-attachment":"scroll","background-type":"","background-media":"","overlay-type":"","overlay-color":"","overlay-opacity":"","overlay-gradient":""},"tablet":{"background-color":"var(--ast-global-color-5)","background-image":"","background-repeat":"repeat","background-position":"center center","background-size":"auto","background-attachment":"scroll","background-type":"","background-media":"","overlay-type":"","overlay-color":"","overlay-opacity":"","overlay-gradient":""},"mobile":{"background-color":"var(--ast-global-color-5)","background-image":"","background-repeat":"repeat","background-position":"center center","background-size":"auto","background-attachment":"scroll","background-type":"","background-media":"","overlay-type":"","overlay-color":"","overlay-opacity":"","overlay-gradient":""}}},"product_brand":[162],"product_cat":[159,158,32],"product_tag":[],"class_list":{"0":"post-3702","1":"product","2":"type-product","3":"status-publish","4":"has-post-thumbnail","6":"product_brand-multipocket","7":"product_cat-ciuziniai","8":"product_cat-ciuziniai-su-spyruokliniu-bloku-multipocket","9":"product_cat-miegamojo_baldai","10":"desktop-align-left","11":"tablet-align-left","12":"mobile-align-left","14":"first","15":"instock","16":"shipping-taxable","17":"product-type-simple"},"uagb_featured_image_src":{"full":["https:\/\/djbaldaiwood.lt\/wp-content\/uploads\/2025\/11\/spyruoklinis-multipocket-ciuzinys-nojus.jpg",800,800,false],"thumbnail":["https:\/\/djbaldaiwood.lt\/wp-content\/uploads\/2025\/11\/spyruoklinis-multipocket-ciuzinys-nojus-150x150.jpg",150,150,true],"medium":["https:\/\/djbaldaiwood.lt\/wp-content\/uploads\/2025\/11\/spyruoklinis-multipocket-ciuzinys-nojus-300x300.jpg",300,300,true],"medium_large":["https:\/\/djbaldaiwood.lt\/wp-content\/uploads\/2025\/11\/spyruoklinis-multipocket-ciuzinys-nojus-768x768.jpg",768,768,true],"large":["https:\/\/djbaldaiwood.lt\/wp-content\/uploads\/2025\/11\/spyruoklinis-multipocket-ciuzinys-nojus.jpg",800,800,false],"1536x1536":["https:\/\/djbaldaiwood.lt\/wp-content\/uploads\/2025\/11\/spyruoklinis-multipocket-ciuzinys-nojus.jpg",800,800,false],"2048x2048":["https:\/\/djbaldaiwood.lt\/wp-content\/uploads\/2025\/11\/spyruoklinis-multipocket-ciuzinys-nojus.jpg",800,800,false],"trp-custom-language-flag":["https:\/\/djbaldaiwood.lt\/wp-content\/uploads\/2025\/11\/spyruoklinis-multipocket-ciuzinys-nojus-12x12.jpg",12,12,true],"woocommerce_thumbnail":["https:\/\/djbaldaiwood.lt\/wp-content\/uploads\/2025\/11\/spyruoklinis-multipocket-ciuzinys-nojus-300x300.jpg",300,300,true],"woocommerce_single":["https:\/\/djbaldaiwood.lt\/wp-content\/uploads\/2025\/11\/spyruoklinis-multipocket-ciuzinys-nojus-600x600.jpg",600,600,true],"woocommerce_gallery_thumbnail":["https:\/\/djbaldaiwood.lt\/wp-content\/uploads\/2025\/11\/spyruoklinis-multipocket-ciuzinys-nojus-100x100.jpg",100,100,true],"dgwt-wcas-product-suggestion":["https:\/\/djbaldaiwood.lt\/wp-content\/uploads\/2025\/11\/spyruoklinis-multipocket-ciuzinys-nojus-64x64.jpg",64,64,true]},"uagb_author_info":{"display_name":"u9335422869@gmail.com","author_link":"https:\/\/djbaldaiwood.lt\/lt\/author\/"},"uagb_comment_info":0,"uagb_excerpt":"Spyruoklinis \u010diu\u017einys NOJUS \u2013 i\u0161skirtinis, dvipusis \u010diu\u017einys sukurtas specialiai tiems, kurie vertina nat\u016bralias med\u017eiagas, auk\u0161\u010diausio lygio patogum\u0105 ir maksimal\u0173 prisitaikym\u0105 prie k\u016bno. \u010ciu\u017einio savyb\u0117s: 7 zon\u0173 Multipocket spyruokli\u0173 blokas \u2013 nepriekai\u0161tinga atrama stuburui. Patvarus, dvipusis \u010diu\u017einys. Clima lateksas pasir\u016bpins, kad jaustum\u0117t\u0117s patogiai ir atsipalaidav\u0119 vis\u0105 nakt\u012f. Nat\u016bralus lino pluo\u0161tas \u2013 sveikas pasirinkimas j\u016bs\u0173 miegui, sukuria&hellip;","_links":{"self":[{"href":"https:\/\/djbaldaiwood.lt\/lt\/wp-json\/wp\/v2\/product\/3702","targetHints":{"allow":["GET"]}}],"collection":[{"href":"https:\/\/djbaldaiwood.lt\/lt\/wp-json\/wp\/v2\/product"}],"about":[{"href":"https:\/\/djbaldaiwood.lt\/lt\/wp-json\/wp\/v2\/types\/product"}],"wp:featuredmedia":[{"embeddable":true,"href":"https:\/\/djbaldaiwood.lt\/lt\/wp-json\/wp\/v2\/media\/3703"}],"wp:attachment":[{"href":"https:\/\/djbaldaiwood.lt\/lt\/wp-json\/wp\/v2\/media?parent=3702"}],"wp:term":[{"taxonomy":"product_brand","embeddable":true,"href":"https:\/\/djbaldaiwood.lt\/lt\/wp-json\/wp\/v2\/product_brand?post=3702"},{"taxonomy":"product_cat","embeddable":true,"href":"https:\/\/djbaldaiwood.lt\/lt\/wp-json\/wp\/v2\/product_cat?post=3702"},{"taxonomy":"product_tag","embeddable":true,"href":"https:\/\/djbaldaiwood.lt\/lt\/wp-json\/wp\/v2\/product_tag?post=3702"}],"curies":[{"name":"wp","href":"https:\/\/api.w.org\/{rel}","templated":true}]}}