{"id":3695,"date":"2025-11-29T18:37:13","date_gmt":"2025-11-29T18:37:13","guid":{"rendered":"https:\/\/djbaldaiwood.lt\/?post_type=product&#038;p=3695"},"modified":"2025-11-29T18:47:41","modified_gmt":"2025-11-29T18:47:41","slug":"vanesa","status":"publish","type":"product","link":"https:\/\/djbaldaiwood.lt\/lt\/product\/vanesa\/","title":{"rendered":"VANESA"},"content":{"rendered":"<p style=\"font-weight: 400;\">Spyruoklinis \u010diu\u017einys VANESA \u2013 tai auk\u0161tos kokyb\u0117s med\u017eiag\u0173 dvipusis spyruoklinis \u010diu\u017einys, sukurtas u\u017etikrinti maksimal\u0173 komfort\u0105, k\u016bno atram\u0105 ir ger\u0105 mieg\u0105.<\/p>\n<p style=\"font-weight: 400;\">\u010ciu\u017einio VANESA privalumai:<\/p>\n<ul style=\"font-weight: 400;\">\n<li>Pocket\u00a0ki\u0161enini\u0173 spyruokli\u0173 blokas pagamintas i\u0161 auk\u0161tos kokyb\u0117s plieno spyruokli\u0173, vilkt\u0173 \u012f atskirus mai\u0161elius bei u\u017etikrinan\u010di\u0173 ilgaam\u017ei\u0161kum\u0105 ir elastingum\u0105.<\/li>\n<li>Patogumui u\u017etikrinti viena \u010diu\u017einio pus\u0117 profiliuota 3D pjaustymu pagal specialiai sukurt\u0105 br\u0117\u017ein\u012f.<\/li>\n<li>Abi \u010diu\u017einio puses dengia skirtingi komforto sluoksniai tod\u0117l \u010diu\u017einys universalus, dvipusis.<\/li>\n<li>U\u017etrauktukas, einantis per visas \u010diu\u017einio kra\u0161tines, leid\u017eia lengvai nuimti u\u017evalkal\u0105 ir pagal poreik\u012f j\u012f skalbti. Tai padeda u\u017etikrinti paprast\u0105 prie\u017ei\u016br\u0105 ir higien\u0105.<\/li>\n<\/ul>\n<p style=\"font-weight: 400;\">Ki\u0161enini\u0173 Pocket spyruokli\u0173 bloko konstrukcija\u00a0 u\u017etikrina nepriklausom\u0105 atram\u0105 kiekvienai k\u016bno daliai, reaguojant \u012f jos svor\u012f ir spaudim\u0105. D\u0117l to \u010diu\u017einys idealiai prisitaiko prie k\u016bno form\u0173, suma\u017eina stuburo \u012ftamp\u0105 ir u\u017etikrina komfortabil\u0173 mieg\u0105 bet kokioje pozoje. \u010ciu\u017einys suskirstytas \u012f 7 skirtingo mink\u0161tumo zonas, atsi\u017evelgiant \u012f k\u016bno anatomij\u0105, taip u\u017etikrinamas optimalus palaikymas kiekvienai k\u016bno daliai. Tai padeda\u00a0\u00a0pagerinti kraujotak\u0105 ir u\u017etikrina kokybi\u0161k\u0105 poils\u012f. Spyruoklinis \u010diu\u017einys VANESA yra dvipusis, tod\u0117l galite pasirinkti kietesn\u0119 arba mink\u0161tesn\u0119 pus\u0119 pagal savo miego pageidavimus. Kietesn\u0119 \u010diu\u017einio pus\u0119 dengia atvir\u0173 por\u0173 padidinto elastingumo put\u0173 poliuretano sluoksnis, pasi\u017eymintis puikiu oro pralaidumu ir prisitaikymu prie k\u016bno form\u0173. Mink\u0161tesn\u0119 pus\u0119 dengia ma\u017eesnio tankio, profiliuotas 3D pjaustymu , zoninis HR put\u0173 poliuretanas, u\u017etikrinantis \u0161velnum\u0105 ir jaukum\u0105. Kietesn\u0117 pus\u0117 idealiai tiks m\u0117gstantiems tvirtesn\u012f pagrind\u0105, o mink\u0161tesn\u0117 \u2013 ie\u0161kantiems maksimalaus apkabinimo ir jaukumo.<\/p>\n<p style=\"font-weight: 400;\">\u010ciu\u017einio u\u017evalkalas\u00a0mink\u0161tas ir malonus liesti pagamintas i\u0161 auk\u0161tos kokyb\u0117s trikota\u017einio audinio, kuris leid\u017eia odai kv\u0117puoti ir u\u017etikrina komfortabil\u0173 mieg\u0105. U\u017evalkalas daigstytas antialergine putlia med\u017eiaga, apsaugan\u010dia nuo dulki\u0173 erku\u010di\u0173.\u00a0U\u017etrauktukas, einantis per visas \u010diu\u017einio kra\u0161tines, leid\u017eia j\u012f lengvai nuimti ir skalbti iki 40\u00b0C temperat\u016broje arba valyti sausu cheminiu b\u016bdu.<\/p>\n<p style=\"font-weight: 400;\">Platus audini\u0173 ir j\u0173 atspalvi\u0173 pasirinkimas.\u00a0Galima rinktis i\u0161 \u012fvairi\u0173 spalv\u0173 ir skirting\u0173 savybi\u0173 audini\u0173, \u012fskaitant trikota\u017ein\u012f balt\u0105, su bambuku, rud\u0105, lino ar impregnuoto Aloe Vera ekstraktu. Taip gal\u0117site \u010diu\u017ein\u012f puikiai suderinti su savo miegamojo interjeru ar savo poreikiais. Naujas, kokybi\u0161kas\u00a0\u00a0\u010diu\u017einys \u2013 tai investicija \u012f kokybi\u0161k\u0105 mieg\u0105 ir ger\u0105 savijaut\u0105!<\/p>\n<p style=\"font-weight: 400;\">\u010ciu\u017einio auk\u0161tis su u\u017evalkalu apie: 22 cm.<\/p>\n<hr \/>\n<h3 class=\"mt-5\">Audiniai<\/h3>\n<p>&nbsp;<\/p>\n<div style=\"display: flex; gap: 10px;\" data-wp-editing=\"1\">\n<div style=\"flex: 1;\">\n<p><img decoding=\"async\" class=\"aligncenter\" style=\"width: 150px; height: 150px; object-fit: cover; border-radius: 50%;\" src=\"https:\/\/djbaldaiwood.lt\/wp-content\/uploads\/2025\/11\/1724929233-Trikotazinis-baltas-audinys-Nr.-10.png\" alt=\"Trikota\u017einis baltas (Nr.10)\" \/><\/p>\n<p style=\"text-align: center;\"><strong>Trikota\u017einis <\/strong> <strong>baltas <\/strong><\/p>\n<p style=\"text-align: center;\"><strong>(Nr.10) <\/strong><\/p>\n<p style=\"text-align: center;\">(16% viskoz\u0117,<\/p>\n<p style=\"text-align: center;\">84% poliesteris)<\/p>\n<\/div>\n<div style=\"flex: 1;\">\n<p style=\"text-align: center;\"><img decoding=\"async\" style=\"width: 150px; height: 150px; object-fit: cover; border-radius: 50%;\" src=\"https:\/\/djbaldaiwood.lt\/wp-content\/uploads\/2025\/11\/1726773334-IMG_5456.png\" alt=\"Trikota\u017einis su bambuku (Nr.17)\" \/><\/p>\n<p style=\"text-align: center;\"><strong> Trikota\u017einis su <\/strong><\/p>\n<p style=\"text-align: center;\"><strong>bambuku (Nr.17)<\/strong><\/p>\n<p style=\"text-align: center;\">(36% bambukas,<\/p>\n<p style=\"text-align: center;\">64% poliesteris)<\/p>\n<\/div>\n<div style=\"flex: 1;\">\n<p style=\"text-align: center;\"><img decoding=\"async\" style=\"width: 150px; height: 150px; object-fit: cover; border-radius: 50%;\" src=\"https:\/\/djbaldaiwood.lt\/wp-content\/uploads\/2025\/11\/1724929414-Trikotazinis-audinys-Aloe-Vera-Nr.-32-1.png\" alt=\"Trikota\u017einis Aloe Vera (Nr.32)\" \/><\/p>\n<p style=\"text-align: center;\"><strong>Trikota\u017einis Aloe <\/strong><\/p>\n<p style=\"text-align: center;\"><strong>Vera (Nr.32)<\/strong><\/p>\n<p style=\"text-align: center;\">(26% viskoz\u0117,<\/p>\n<p style=\"text-align: center;\">74% poliesteris)<\/p>\n<\/div>\n<div style=\"flex: 1;\">\n<p style=\"text-align: center;\"><img decoding=\"async\" style=\"width: 150px; height: 150px; object-fit: cover; border-radius: 50%;\" src=\"https:\/\/djbaldaiwood.lt\/wp-content\/uploads\/2025\/11\/1724929456-Trikotazinis-lino-spalvos-audinys-Nr.-39-1.png\" alt=\"Trikota\u017einis lino spalvos (Nr. 39))\" \/><\/p>\n<p style=\"text-align: center;\"><strong>Trikota\u017einis lino <\/strong><\/p>\n<p style=\"text-align: center;\"><strong>spalvos (Nr. 39)<\/strong><\/p>\n<p style=\"text-align: center;\">(23% viskoz\u0117,<\/p>\n<p style=\"text-align: center;\">77% poliesteris)<\/p>\n<\/div>\n<div style=\"flex: 1;\">\n<p style=\"text-align: center;\"><img decoding=\"async\" style=\"width: 150px; height: 150px; object-fit: cover; border-radius: 50%;\" src=\"https:\/\/djbaldaiwood.lt\/wp-content\/uploads\/2025\/11\/1724929487-Audinys-nr.58_auraplus.eu_-23.png\" alt=\"Trikota\u017einis audinys (Nr. 58)\" \/><\/p>\n<p style=\"text-align: center;\"><strong>Trikota\u017einis <\/strong><\/p>\n<p style=\"text-align: center;\"><strong>audinys (Nr. 58)<\/strong><\/p>\n<p style=\"text-align: center;\">(30% viskoz\u0117,<\/p>\n<p style=\"text-align: center;\">70% poliesteris)<\/p>\n<\/div>\n<\/div>\n","protected":false},"excerpt":{"rendered":"<p>Spyruoklinis \u010diu\u017einys VANESA \u2013 tai auk\u0161tos kokyb\u0117s med\u017eiag\u0173 dvipusis spyruoklinis \u010diu\u017einys, sukurtas u\u017etikrinti maksimal\u0173 komfort\u0105, k\u016bno atram\u0105 ir ger\u0105 mieg\u0105. \u010ciu\u017einio VANESA privalumai: Pocket\u00a0ki\u0161enini\u0173 spyruokli\u0173 blokas pagamintas i\u0161 auk\u0161tos kokyb\u0117s plieno spyruokli\u0173, vilkt\u0173 \u012f atskirus mai\u0161elius bei u\u017etikrinan\u010di\u0173 ilgaam\u017ei\u0161kum\u0105 ir elastingum\u0105. Patogumui u\u017etikrinti viena \u010diu\u017einio pus\u0117 profiliuota 3D pjaustymu pagal specialiai sukurt\u0105 br\u0117\u017ein\u012f. Abi \u010diu\u017einio [&hellip;]<\/p>\n","protected":false},"featured_media":3696,"template":"","meta":{"_uag_custom_page_level_css":"","site-sidebar-layout":"default","site-content-layout":"","ast-site-content-layout":"default","site-content-style":"default","site-sidebar-style":"default","ast-global-header-display":"","ast-banner-title-visibility":"","ast-main-header-display":"","ast-hfb-above-header-display":"","ast-hfb-below-header-display":"","ast-hfb-mobile-header-display":"","site-post-title":"","ast-breadcrumbs-content":"","ast-featured-img":"","footer-sml-layout":"","ast-disable-related-posts":"","theme-transparent-header-meta":"default","adv-header-id-meta":"","stick-header-meta":"","header-above-stick-meta":"","header-main-stick-meta":"","header-below-stick-meta":"","astra-migrate-meta-layouts":"set","ast-page-background-enabled":"default","ast-page-background-meta":{"desktop":{"background-color":"","background-image":"","background-repeat":"repeat","background-position":"center center","background-size":"auto","background-attachment":"scroll","background-type":"","background-media":"","overlay-type":"","overlay-color":"","overlay-opacity":"","overlay-gradient":""},"tablet":{"background-color":"","background-image":"","background-repeat":"repeat","background-position":"center center","background-size":"auto","background-attachment":"scroll","background-type":"","background-media":"","overlay-type":"","overlay-color":"","overlay-opacity":"","overlay-gradient":""},"mobile":{"background-color":"","background-image":"","background-repeat":"repeat","background-position":"center center","background-size":"auto","background-attachment":"scroll","background-type":"","background-media":"","overlay-type":"","overlay-color":"","overlay-opacity":"","overlay-gradient":""}},"ast-content-background-meta":{"desktop":{"background-color":"var(--ast-global-color-5)","background-image":"","background-repeat":"repeat","background-position":"center center","background-size":"auto","background-attachment":"scroll","background-type":"","background-media":"","overlay-type":"","overlay-color":"","overlay-opacity":"","overlay-gradient":""},"tablet":{"background-color":"var(--ast-global-color-5)","background-image":"","background-repeat":"repeat","background-position":"center center","background-size":"auto","background-attachment":"scroll","background-type":"","background-media":"","overlay-type":"","overlay-color":"","overlay-opacity":"","overlay-gradient":""},"mobile":{"background-color":"var(--ast-global-color-5)","background-image":"","background-repeat":"repeat","background-position":"center center","background-size":"auto","background-attachment":"scroll","background-type":"","background-media":"","overlay-type":"","overlay-color":"","overlay-opacity":"","overlay-gradient":""}}},"product_brand":[161],"product_cat":[159,157,32],"product_tag":[],"class_list":{"0":"post-3695","1":"product","2":"type-product","3":"status-publish","4":"has-post-thumbnail","6":"product_brand-pocket","7":"product_cat-ciuziniai","8":"product_cat-ciuziniai-su-spyruoklemis-pocket","9":"product_cat-miegamojo_baldai","10":"desktop-align-left","11":"tablet-align-left","12":"mobile-align-left","14":"first","15":"instock","16":"shipping-taxable","17":"product-type-simple"},"uagb_featured_image_src":{"full":["https:\/\/djbaldaiwood.lt\/wp-content\/uploads\/2025\/11\/spyruoklinis-pocket-ciuzinys-vanesa.jpg",800,800,false],"thumbnail":["https:\/\/djbaldaiwood.lt\/wp-content\/uploads\/2025\/11\/spyruoklinis-pocket-ciuzinys-vanesa-150x150.jpg",150,150,true],"medium":["https:\/\/djbaldaiwood.lt\/wp-content\/uploads\/2025\/11\/spyruoklinis-pocket-ciuzinys-vanesa-300x300.jpg",300,300,true],"medium_large":["https:\/\/djbaldaiwood.lt\/wp-content\/uploads\/2025\/11\/spyruoklinis-pocket-ciuzinys-vanesa-768x768.jpg",768,768,true],"large":["https:\/\/djbaldaiwood.lt\/wp-content\/uploads\/2025\/11\/spyruoklinis-pocket-ciuzinys-vanesa.jpg",800,800,false],"1536x1536":["https:\/\/djbaldaiwood.lt\/wp-content\/uploads\/2025\/11\/spyruoklinis-pocket-ciuzinys-vanesa.jpg",800,800,false],"2048x2048":["https:\/\/djbaldaiwood.lt\/wp-content\/uploads\/2025\/11\/spyruoklinis-pocket-ciuzinys-vanesa.jpg",800,800,false],"trp-custom-language-flag":["https:\/\/djbaldaiwood.lt\/wp-content\/uploads\/2025\/11\/spyruoklinis-pocket-ciuzinys-vanesa-12x12.jpg",12,12,true],"woocommerce_thumbnail":["https:\/\/djbaldaiwood.lt\/wp-content\/uploads\/2025\/11\/spyruoklinis-pocket-ciuzinys-vanesa-300x300.jpg",300,300,true],"woocommerce_single":["https:\/\/djbaldaiwood.lt\/wp-content\/uploads\/2025\/11\/spyruoklinis-pocket-ciuzinys-vanesa-600x600.jpg",600,600,true],"woocommerce_gallery_thumbnail":["https:\/\/djbaldaiwood.lt\/wp-content\/uploads\/2025\/11\/spyruoklinis-pocket-ciuzinys-vanesa-100x100.jpg",100,100,true],"dgwt-wcas-product-suggestion":["https:\/\/djbaldaiwood.lt\/wp-content\/uploads\/2025\/11\/spyruoklinis-pocket-ciuzinys-vanesa-64x64.jpg",64,64,true]},"uagb_author_info":{"display_name":"u9335422869@gmail.com","author_link":"https:\/\/djbaldaiwood.lt\/lt\/author\/"},"uagb_comment_info":0,"uagb_excerpt":"Spyruoklinis \u010diu\u017einys VANESA \u2013 tai auk\u0161tos kokyb\u0117s med\u017eiag\u0173 dvipusis spyruoklinis \u010diu\u017einys, sukurtas u\u017etikrinti maksimal\u0173 komfort\u0105, k\u016bno atram\u0105 ir ger\u0105 mieg\u0105. \u010ciu\u017einio VANESA privalumai: Pocket\u00a0ki\u0161enini\u0173 spyruokli\u0173 blokas pagamintas i\u0161 auk\u0161tos kokyb\u0117s plieno spyruokli\u0173, vilkt\u0173 \u012f atskirus mai\u0161elius bei u\u017etikrinan\u010di\u0173 ilgaam\u017ei\u0161kum\u0105 ir elastingum\u0105. Patogumui u\u017etikrinti viena \u010diu\u017einio pus\u0117 profiliuota 3D pjaustymu pagal specialiai sukurt\u0105 br\u0117\u017ein\u012f. Abi \u010diu\u017einio&hellip;","_links":{"self":[{"href":"https:\/\/djbaldaiwood.lt\/lt\/wp-json\/wp\/v2\/product\/3695","targetHints":{"allow":["GET"]}}],"collection":[{"href":"https:\/\/djbaldaiwood.lt\/lt\/wp-json\/wp\/v2\/product"}],"about":[{"href":"https:\/\/djbaldaiwood.lt\/lt\/wp-json\/wp\/v2\/types\/product"}],"wp:featuredmedia":[{"embeddable":true,"href":"https:\/\/djbaldaiwood.lt\/lt\/wp-json\/wp\/v2\/media\/3696"}],"wp:attachment":[{"href":"https:\/\/djbaldaiwood.lt\/lt\/wp-json\/wp\/v2\/media?parent=3695"}],"wp:term":[{"taxonomy":"product_brand","embeddable":true,"href":"https:\/\/djbaldaiwood.lt\/lt\/wp-json\/wp\/v2\/product_brand?post=3695"},{"taxonomy":"product_cat","embeddable":true,"href":"https:\/\/djbaldaiwood.lt\/lt\/wp-json\/wp\/v2\/product_cat?post=3695"},{"taxonomy":"product_tag","embeddable":true,"href":"https:\/\/djbaldaiwood.lt\/lt\/wp-json\/wp\/v2\/product_tag?post=3695"}],"curies":[{"name":"wp","href":"https:\/\/api.w.org\/{rel}","templated":true}]}}