{"id":3689,"date":"2025-11-29T18:35:00","date_gmt":"2025-11-29T18:35:00","guid":{"rendered":"https:\/\/djbaldaiwood.lt\/?post_type=product&#038;p=3689"},"modified":"2025-11-29T18:47:26","modified_gmt":"2025-11-29T18:47:26","slug":"salve","status":"publish","type":"product","link":"https:\/\/djbaldaiwood.lt\/lt\/product\/salve\/","title":{"rendered":"SALV\u0116"},"content":{"rendered":"<p style=\"font-weight: 400;\">Spyruoklinis \u010diu\u017einys SALV\u0116 \u2013 tai atskir\u0173, vilkt\u0173 mai\u0161eliuose spyruokli\u0173 ir HR padidinto elastingumo put\u0173 poliuretanu derinys. Pakankamai paprastas savo sud\u0117timi bet u\u017etikrintai stabilus \u010diu\u017einys garantuojantis, kad kiekviena J\u016bs\u0173 k\u016bno dalis gaut\u0173 individual\u0173 palaikym\u0105 ir komfort\u0105, nesvarbu, ar miegate ant \u0161ono, nugaros ar pilvo. Judesiai nepersiduoda per \u010diu\u017ein\u012f, tod\u0117l netrukdysite savo partneriui, jeigu dalinat\u0117s dvigule lova (pvz. \u010diu\u017einys 160&#215;200).<\/p>\n<p style=\"font-weight: 400;\">\u010ciu\u017einio SALV\u0116\u00a0\u00a0privalumai:<\/p>\n<ul style=\"font-weight: 400;\">\n<li>7 mink\u0161tumo zon\u0173 vilktos ki\u0161enin\u0117s spyruokl\u0117s:\u00a0individualus komfortas ir palaikymas kiekvienai k\u016bno daliai.<\/li>\n<li>Dvipusis \u010diu\u017einys su galimyb\u0117 rinktis \u0161iek tiek kietesn\u0119 arba mink\u0161tesn\u0119 puses.<\/li>\n<li>Atskirai \u012fvilktos spyruokl\u0117s slopina judesius bei yra tylus.<\/li>\n<li>V\u0117dinimo angel\u0117s visose pus\u0117se bei nuimamas, skalbiamas u\u017evalkalas suteikia oro cirkuliacij\u0105 bei galimyb\u0119 palaikyti higieni\u0161k\u0105 \u0161var\u0105.<\/li>\n<li>Platus kokybi\u0161ko trikota\u017einio audinio pasirinkimas:\u00a0balta, ruda, lino, su Aloe Vera ekstraktu, Bambo su bambuko si\u016blu bei kt.<\/li>\n<\/ul>\n<p style=\"font-weight: 400;\">Spyruoklinis \u010diu\u017einys SALV\u0116 yra gan\u0117tinai standartinio, patogaus auk\u0161\u010dio kuomet u\u017etikrinama optimali k\u016bno atrama ir komfortas miego metu o \u010diu\u017einys yra pritaikytas daugeliui lov\u0173 dizain\u0173. Neapsunkina lovos konstrukcijos, nes yra pakankamai lengvas jei kalb\u0117tume apie \u010diu\u017einius. Jis neturi girg\u017edesio o\u00a0\u00a0papildomos v\u0117dinimo angel\u0117s, bei kv\u0117puojantis atvir\u0173 por\u0173 put\u0173 poliuretanas garantuoja puiki\u0105 oro cirkuliacij\u0105. Atsi\u017evelgiant \u012f asmeninius poreikius yra galimyb\u0117 pasirinkti\u00a0\u00a0kietesn\u0119 arba mink\u0161tesn\u0119 \u010diu\u017einio pus\u0119.<\/p>\n<p style=\"font-weight: 400;\">\u0160velnus trikota\u017einis u\u017evalkalas su antialergine putlia med\u017eiaga suteikia ne tik malon\u0173 prisilietim\u0105, bet ir higien\u0105. Lengvai nuimamas u\u017evalkalas su u\u017etrauktuku gali b\u016bti skalbiamas iki 40\u00b0C temperat\u016broje arba valomas sausu b\u016bdu, o audin\u012f, J\u016bs\u0173 patogumu,i galite rinktis net i\u0161 keleto spalv\u0173.<\/p>\n<p style=\"font-weight: 400;\">Naujas \u010diu\u017einys \u2013 tai investicija \u012f kokybi\u0161k\u0105 mieg\u0105 ir geresn\u0119 savijaut\u0105. Pagerinkite savo mieg\u0105 su SALV\u0116 \u010diu\u017einiu!<\/p>\n<p style=\"font-weight: 400;\">\u010ciu\u017einio auk\u0161tis su u\u017evalkalu:\u00a0apie 19 cm.<\/p>\n<hr \/>\n<h3 class=\"mt-5\">Audiniai<\/h3>\n<p>&nbsp;<\/p>\n<div style=\"display: flex; gap: 10px;\" data-wp-editing=\"1\">\n<div style=\"flex: 1;\">\n<p><img decoding=\"async\" class=\"aligncenter\" style=\"width: 150px; height: 150px; object-fit: cover; border-radius: 50%;\" src=\"https:\/\/djbaldaiwood.lt\/wp-content\/uploads\/2025\/11\/1724929233-Trikotazinis-baltas-audinys-Nr.-10.png\" alt=\"Trikota\u017einis baltas (Nr.10)\" \/><\/p>\n<p style=\"text-align: center;\"><strong>Trikota\u017einis <\/strong> <strong>baltas <\/strong><\/p>\n<p style=\"text-align: center;\"><strong>(Nr.10) <\/strong><\/p>\n<p style=\"text-align: center;\">(16% viskoz\u0117,<\/p>\n<p style=\"text-align: center;\">84% poliesteris)<\/p>\n<\/div>\n<div style=\"flex: 1;\">\n<p style=\"text-align: center;\"><img decoding=\"async\" style=\"width: 150px; height: 150px; object-fit: cover; border-radius: 50%;\" src=\"https:\/\/djbaldaiwood.lt\/wp-content\/uploads\/2025\/11\/1726773334-IMG_5456.png\" alt=\"Trikota\u017einis su bambuku (Nr.17)\" \/><\/p>\n<p style=\"text-align: center;\"><strong> Trikota\u017einis su <\/strong><\/p>\n<p style=\"text-align: center;\"><strong>bambuku (Nr.17)<\/strong><\/p>\n<p style=\"text-align: center;\">(36% bambukas,<\/p>\n<p style=\"text-align: center;\">64% poliesteris)<\/p>\n<\/div>\n<div style=\"flex: 1;\">\n<p style=\"text-align: center;\"><img decoding=\"async\" style=\"width: 150px; height: 150px; object-fit: cover; border-radius: 50%;\" src=\"https:\/\/djbaldaiwood.lt\/wp-content\/uploads\/2025\/11\/1724929414-Trikotazinis-audinys-Aloe-Vera-Nr.-32-1.png\" alt=\"Trikota\u017einis Aloe Vera (Nr.32)\" \/><\/p>\n<p style=\"text-align: center;\"><strong>Trikota\u017einis Aloe <\/strong><\/p>\n<p style=\"text-align: center;\"><strong>Vera (Nr.32)<\/strong><\/p>\n<p style=\"text-align: center;\">(26% viskoz\u0117,<\/p>\n<p style=\"text-align: center;\">74% poliesteris)<\/p>\n<\/div>\n<div style=\"flex: 1;\">\n<p style=\"text-align: center;\"><img decoding=\"async\" style=\"width: 150px; height: 150px; object-fit: cover; border-radius: 50%;\" src=\"https:\/\/djbaldaiwood.lt\/wp-content\/uploads\/2025\/11\/1724929456-Trikotazinis-lino-spalvos-audinys-Nr.-39-1.png\" alt=\"Trikota\u017einis lino spalvos (Nr. 39))\" \/><\/p>\n<p style=\"text-align: center;\"><strong>Trikota\u017einis lino <\/strong><\/p>\n<p style=\"text-align: center;\"><strong>spalvos (Nr. 39)<\/strong><\/p>\n<p style=\"text-align: center;\">(23% viskoz\u0117,<\/p>\n<p style=\"text-align: center;\">77% poliesteris)<\/p>\n<\/div>\n<div style=\"flex: 1;\">\n<p style=\"text-align: center;\"><img decoding=\"async\" style=\"width: 150px; height: 150px; object-fit: cover; border-radius: 50%;\" src=\"https:\/\/djbaldaiwood.lt\/wp-content\/uploads\/2025\/11\/1724929487-Audinys-nr.58_auraplus.eu_-23.png\" alt=\"Trikota\u017einis audinys (Nr. 58)\" \/><\/p>\n<p style=\"text-align: center;\"><strong>Trikota\u017einis <\/strong><\/p>\n<p style=\"text-align: center;\"><strong>audinys (Nr. 58)<\/strong><\/p>\n<p style=\"text-align: center;\">(30% viskoz\u0117,<\/p>\n<p style=\"text-align: center;\">70% poliesteris)<\/p>\n<\/div>\n<\/div>\n","protected":false},"excerpt":{"rendered":"<p>Spyruoklinis \u010diu\u017einys SALV\u0116 \u2013 tai atskir\u0173, vilkt\u0173 mai\u0161eliuose spyruokli\u0173 ir HR padidinto elastingumo put\u0173 poliuretanu derinys. Pakankamai paprastas savo sud\u0117timi bet u\u017etikrintai stabilus \u010diu\u017einys garantuojantis, kad kiekviena J\u016bs\u0173 k\u016bno dalis gaut\u0173 individual\u0173 palaikym\u0105 ir komfort\u0105, nesvarbu, ar miegate ant \u0161ono, nugaros ar pilvo. Judesiai nepersiduoda per \u010diu\u017ein\u012f, tod\u0117l netrukdysite savo partneriui, jeigu dalinat\u0117s dvigule lova [&hellip;]<\/p>\n","protected":false},"featured_media":3690,"template":"","meta":{"_uag_custom_page_level_css":"","site-sidebar-layout":"default","site-content-layout":"","ast-site-content-layout":"default","site-content-style":"default","site-sidebar-style":"default","ast-global-header-display":"","ast-banner-title-visibility":"","ast-main-header-display":"","ast-hfb-above-header-display":"","ast-hfb-below-header-display":"","ast-hfb-mobile-header-display":"","site-post-title":"","ast-breadcrumbs-content":"","ast-featured-img":"","footer-sml-layout":"","ast-disable-related-posts":"","theme-transparent-header-meta":"default","adv-header-id-meta":"","stick-header-meta":"","header-above-stick-meta":"","header-main-stick-meta":"","header-below-stick-meta":"","astra-migrate-meta-layouts":"set","ast-page-background-enabled":"default","ast-page-background-meta":{"desktop":{"background-color":"","background-image":"","background-repeat":"repeat","background-position":"center center","background-size":"auto","background-attachment":"scroll","background-type":"","background-media":"","overlay-type":"","overlay-color":"","overlay-opacity":"","overlay-gradient":""},"tablet":{"background-color":"","background-image":"","background-repeat":"repeat","background-position":"center center","background-size":"auto","background-attachment":"scroll","background-type":"","background-media":"","overlay-type":"","overlay-color":"","overlay-opacity":"","overlay-gradient":""},"mobile":{"background-color":"","background-image":"","background-repeat":"repeat","background-position":"center center","background-size":"auto","background-attachment":"scroll","background-type":"","background-media":"","overlay-type":"","overlay-color":"","overlay-opacity":"","overlay-gradient":""}},"ast-content-background-meta":{"desktop":{"background-color":"var(--ast-global-color-5)","background-image":"","background-repeat":"repeat","background-position":"center center","background-size":"auto","background-attachment":"scroll","background-type":"","background-media":"","overlay-type":"","overlay-color":"","overlay-opacity":"","overlay-gradient":""},"tablet":{"background-color":"var(--ast-global-color-5)","background-image":"","background-repeat":"repeat","background-position":"center center","background-size":"auto","background-attachment":"scroll","background-type":"","background-media":"","overlay-type":"","overlay-color":"","overlay-opacity":"","overlay-gradient":""},"mobile":{"background-color":"var(--ast-global-color-5)","background-image":"","background-repeat":"repeat","background-position":"center center","background-size":"auto","background-attachment":"scroll","background-type":"","background-media":"","overlay-type":"","overlay-color":"","overlay-opacity":"","overlay-gradient":""}}},"product_brand":[161],"product_cat":[159,157,32],"product_tag":[],"class_list":{"0":"post-3689","1":"product","2":"type-product","3":"status-publish","4":"has-post-thumbnail","6":"product_brand-pocket","7":"product_cat-ciuziniai","8":"product_cat-ciuziniai-su-spyruoklemis-pocket","9":"product_cat-miegamojo_baldai","10":"desktop-align-left","11":"tablet-align-left","12":"mobile-align-left","14":"first","15":"instock","16":"shipping-taxable","17":"product-type-simple"},"uagb_featured_image_src":{"full":["https:\/\/djbaldaiwood.lt\/wp-content\/uploads\/2025\/11\/spyruoklinis-pocket-ciuzinys-salve.jpg",800,800,false],"thumbnail":["https:\/\/djbaldaiwood.lt\/wp-content\/uploads\/2025\/11\/spyruoklinis-pocket-ciuzinys-salve-150x150.jpg",150,150,true],"medium":["https:\/\/djbaldaiwood.lt\/wp-content\/uploads\/2025\/11\/spyruoklinis-pocket-ciuzinys-salve-300x300.jpg",300,300,true],"medium_large":["https:\/\/djbaldaiwood.lt\/wp-content\/uploads\/2025\/11\/spyruoklinis-pocket-ciuzinys-salve-768x768.jpg",768,768,true],"large":["https:\/\/djbaldaiwood.lt\/wp-content\/uploads\/2025\/11\/spyruoklinis-pocket-ciuzinys-salve.jpg",800,800,false],"1536x1536":["https:\/\/djbaldaiwood.lt\/wp-content\/uploads\/2025\/11\/spyruoklinis-pocket-ciuzinys-salve.jpg",800,800,false],"2048x2048":["https:\/\/djbaldaiwood.lt\/wp-content\/uploads\/2025\/11\/spyruoklinis-pocket-ciuzinys-salve.jpg",800,800,false],"trp-custom-language-flag":["https:\/\/djbaldaiwood.lt\/wp-content\/uploads\/2025\/11\/spyruoklinis-pocket-ciuzinys-salve-12x12.jpg",12,12,true],"woocommerce_thumbnail":["https:\/\/djbaldaiwood.lt\/wp-content\/uploads\/2025\/11\/spyruoklinis-pocket-ciuzinys-salve-300x300.jpg",300,300,true],"woocommerce_single":["https:\/\/djbaldaiwood.lt\/wp-content\/uploads\/2025\/11\/spyruoklinis-pocket-ciuzinys-salve-600x600.jpg",600,600,true],"woocommerce_gallery_thumbnail":["https:\/\/djbaldaiwood.lt\/wp-content\/uploads\/2025\/11\/spyruoklinis-pocket-ciuzinys-salve-100x100.jpg",100,100,true],"dgwt-wcas-product-suggestion":["https:\/\/djbaldaiwood.lt\/wp-content\/uploads\/2025\/11\/spyruoklinis-pocket-ciuzinys-salve-64x64.jpg",64,64,true]},"uagb_author_info":{"display_name":"u9335422869@gmail.com","author_link":"https:\/\/djbaldaiwood.lt\/lt\/author\/"},"uagb_comment_info":0,"uagb_excerpt":"Spyruoklinis \u010diu\u017einys SALV\u0116 \u2013 tai atskir\u0173, vilkt\u0173 mai\u0161eliuose spyruokli\u0173 ir HR padidinto elastingumo put\u0173 poliuretanu derinys. Pakankamai paprastas savo sud\u0117timi bet u\u017etikrintai stabilus \u010diu\u017einys garantuojantis, kad kiekviena J\u016bs\u0173 k\u016bno dalis gaut\u0173 individual\u0173 palaikym\u0105 ir komfort\u0105, nesvarbu, ar miegate ant \u0161ono, nugaros ar pilvo. Judesiai nepersiduoda per \u010diu\u017ein\u012f, tod\u0117l netrukdysite savo partneriui, jeigu dalinat\u0117s dvigule lova&hellip;","_links":{"self":[{"href":"https:\/\/djbaldaiwood.lt\/lt\/wp-json\/wp\/v2\/product\/3689","targetHints":{"allow":["GET"]}}],"collection":[{"href":"https:\/\/djbaldaiwood.lt\/lt\/wp-json\/wp\/v2\/product"}],"about":[{"href":"https:\/\/djbaldaiwood.lt\/lt\/wp-json\/wp\/v2\/types\/product"}],"wp:featuredmedia":[{"embeddable":true,"href":"https:\/\/djbaldaiwood.lt\/lt\/wp-json\/wp\/v2\/media\/3690"}],"wp:attachment":[{"href":"https:\/\/djbaldaiwood.lt\/lt\/wp-json\/wp\/v2\/media?parent=3689"}],"wp:term":[{"taxonomy":"product_brand","embeddable":true,"href":"https:\/\/djbaldaiwood.lt\/lt\/wp-json\/wp\/v2\/product_brand?post=3689"},{"taxonomy":"product_cat","embeddable":true,"href":"https:\/\/djbaldaiwood.lt\/lt\/wp-json\/wp\/v2\/product_cat?post=3689"},{"taxonomy":"product_tag","embeddable":true,"href":"https:\/\/djbaldaiwood.lt\/lt\/wp-json\/wp\/v2\/product_tag?post=3689"}],"curies":[{"name":"wp","href":"https:\/\/api.w.org\/{rel}","templated":true}]}}