{"id":3680,"date":"2025-11-29T17:37:50","date_gmt":"2025-11-29T17:37:50","guid":{"rendered":"https:\/\/djbaldaiwood.lt\/?post_type=product&#038;p=3680"},"modified":"2025-11-29T18:43:45","modified_gmt":"2025-11-29T18:43:45","slug":"amber-hybrid","status":"publish","type":"product","link":"https:\/\/djbaldaiwood.lt\/lt\/product\/amber-hybrid\/","title":{"rendered":"AMBER Hybrid"},"content":{"rendered":"<p style=\"font-weight: 400;\">Nespyruoklinis \u010diu\u017einys AMBER Hybrid -tai tobulas miego pagrindas tiems kurie, savo poilsiui, renkasi vidutinio kietumo lov\u0105. Trij\u0173 sluoksni\u0173 \u010diu\u017einio branduolys sudarytas i\u0161 skirting\u0173, ypa\u010d elasting\u0173 med\u017eiag\u0173, kurios papildydamos viena kit\u0105, sukuria patogios, stabilios atramos pagrind\u0105.<\/p>\n<p style=\"font-weight: 400;\">\u010ciu\u017einio savyb\u0117s:<\/p>\n<ul style=\"font-weight: 400;\">\n<li>Trij\u0173 sluoksni\u0173 branduolys i\u0161 Hybrid ir \u201eTiger Touch\u201c put\u0173 poliuretano bei \u201eClima\u201c latekso optimaliam komfortui pasiekti.<\/li>\n<li>Ypatingai tamprus ir elastingas.<\/li>\n<li>Tinka ir modernioms lovoms turin\u010dioms pad\u0117\u010di\u0173 nustatymo mechanizm\u0105, kuris leid\u017eia reguliuoti vertikalumo re\u017eim\u0105.<\/li>\n<li>\u010ciu\u017einio \u00a0u\u017evalkalas lengvai\u00a0 nuimamas u\u017etrauktuku, tai pagerina \u010diu\u017einio prie\u017ei\u016br\u0105 ir jo valym\u0105.<\/li>\n<li>Susuktas rulone, lengva transportuoti. (gali b\u016bti tiesus)<\/li>\n<\/ul>\n<p style=\"font-weight: 400;\">Suk\u016br\u0117me trij\u0173, ypa\u010d elasting\u0173 dali\u0173 jungin\u012f tolygaus miego poj\u016b\u010diui. Did\u017eioji \u010diu\u017einio branduolio dalis tai\u00a0\u00a0Hybrid put\u0173 poliuretanas derinyje su naujai i\u0161gauto auk\u0161\u010diausios kokyb\u0117s poliuretano \u201e Tiger Touch\u201c ir \u201eClima\u201c latekso sluoksniais, pad\u0117s pasinerti \u012f patogaus poilsio oaz\u0119. Auk\u0161tos kokyb\u0117s Hybrid put\u0173 poliuretanas, kuomet padidinto elastingumo \u0161altos putos i\u0161tobulintos taip kad b\u016bt\u0173 puiki atrama miegan\u010diojo k\u016bnui,\u00a0\u00a0yra itin elastinga ir tampri med\u017eiaga tvirtesniam, stabiliam miego pagrindui. &#8222;Tiger Touch&#8221; put\u0173 poliuretanas pasi\u017eymi puikiu oro pralaidumu, dr\u0117gm\u0117s reguliavimu, antibakterin\u0117mis savyb\u0117mis ir suteikia nepakartojam\u0105 komforto jausm\u0105. Vir\u0161utinis sluoksnis i\u0161 \u201eClima\u201c latekso suteikia elastingumo, pasi\u017eymi \u0161velnesniu prisilietimu ir didesniu mink\u0161tumu.<\/p>\n<p style=\"font-weight: 400;\">Nespyruoklinis \u010diu\u017einys AMBER Hybrid tylus, padeda atpalaiduoti \u012fsitempusius raumenis, suteikdamas gil\u0173, atkuriam\u0105j\u012f mieg\u0105.\u00a0\u00a0\u012esigydami\u00a0\u00a0\u010diu\u017ein\u012f,\u00a0 galite b\u016bti tikri, kad miegosite ant med\u017eiag\u0173, kurios yra draugi\u0161kos tiek Jums, tiek ir Jus supan\u010diai aplinkai. Visos gamyboje naudojamos med\u017eiagos yra patikrintos ir sertifikuotos.<\/p>\n<p style=\"font-weight: 400;\">Kokybi\u0161kas, trikota\u017einis \u010diu\u017einio u\u017evalkalas i\u0161 vis\u0173 pusi\u0173 apjuostas 3D tinkleliu, nekaupia dr\u0117gm\u0117s. Jis yra nusegamas u\u017etrauktuku, prakti\u0161kas ir pagal poreik\u012f skalbiamas iki 40 \u00b0C temperat\u016broje\u00a0\u00a0ar valomas sausuoju cheminiu b\u016bdu, taip u\u017etikrinant nepriekai\u0161ting\u0105 u\u017evalkalo higien\u0105. Taip pat, yra galimyb\u0117 rinktis u\u017evalkalo spalv\u0105, bei jo sud\u0117ties variantus ar apdirbim\u0105, i\u0161 keleto \u017eemiau pateikt\u0173 apra\u0161ym\u0173.<\/p>\n<p style=\"font-weight: 400;\">\u010ciu\u017einio auk\u0161tis su u\u017evalkalu apie: 18 cm.<\/p>\n<p style=\"font-weight: 400;\">Ortopedin\u0117 apkrova 1 \u017emogui iki 110 kg.<\/p>\n<hr \/>\n<h3 class=\"mt-5\">Audiniai<\/h3>\n<p>&nbsp;<\/p>\n<div style=\"display: flex; gap: 10px;\" data-wp-editing=\"1\">\n<div style=\"flex: 1;\">\n<p><img decoding=\"async\" class=\"aligncenter\" style=\"width: 150px; height: 150px; object-fit: cover; border-radius: 50%;\" src=\"https:\/\/djbaldaiwood.lt\/wp-content\/uploads\/2025\/11\/1724929233-Trikotazinis-baltas-audinys-Nr.-10.png\" alt=\"Trikota\u017einis baltas (Nr.10)\" \/><\/p>\n<p style=\"text-align: center;\"><strong>Trikota\u017einis <\/strong> <strong>baltas <\/strong><\/p>\n<p style=\"text-align: center;\"><strong>(Nr.10) <\/strong><\/p>\n<p style=\"text-align: center;\">(16% viskoz\u0117,<\/p>\n<p style=\"text-align: center;\">84% poliesteris)<\/p>\n<\/div>\n<div style=\"flex: 1;\">\n<p style=\"text-align: center;\"><img decoding=\"async\" style=\"width: 150px; height: 150px; object-fit: cover; border-radius: 50%;\" src=\"https:\/\/djbaldaiwood.lt\/wp-content\/uploads\/2025\/11\/1726773334-IMG_5456.png\" alt=\"Trikota\u017einis su bambuku (Nr.17)\" \/><\/p>\n<p style=\"text-align: center;\"><strong> Trikota\u017einis su <\/strong><\/p>\n<p style=\"text-align: center;\"><strong>bambuku (Nr.17)<\/strong><\/p>\n<p style=\"text-align: center;\">(36% bambukas,<\/p>\n<p style=\"text-align: center;\">64% poliesteris)<\/p>\n<\/div>\n<div style=\"flex: 1;\">\n<p style=\"text-align: center;\"><img decoding=\"async\" style=\"width: 150px; height: 150px; object-fit: cover; border-radius: 50%;\" src=\"https:\/\/djbaldaiwood.lt\/wp-content\/uploads\/2025\/11\/1724929414-Trikotazinis-audinys-Aloe-Vera-Nr.-32-1.png\" alt=\"Trikota\u017einis Aloe Vera (Nr.32)\" \/><\/p>\n<p style=\"text-align: center;\"><strong>Trikota\u017einis Aloe <\/strong><\/p>\n<p style=\"text-align: center;\"><strong>Vera (Nr.32)<\/strong><\/p>\n<p style=\"text-align: center;\">(26% viskoz\u0117,<\/p>\n<p style=\"text-align: center;\">74% poliesteris)<\/p>\n<\/div>\n<div style=\"flex: 1;\">\n<p style=\"text-align: center;\"><img decoding=\"async\" style=\"width: 150px; height: 150px; object-fit: cover; border-radius: 50%;\" src=\"https:\/\/djbaldaiwood.lt\/wp-content\/uploads\/2025\/11\/1724929456-Trikotazinis-lino-spalvos-audinys-Nr.-39-1.png\" alt=\"Trikota\u017einis lino spalvos (Nr. 39))\" \/><\/p>\n<p style=\"text-align: center;\"><strong>Trikota\u017einis lino <\/strong><\/p>\n<p style=\"text-align: center;\"><strong>spalvos (Nr. 39)<\/strong><\/p>\n<p style=\"text-align: center;\">(23% viskoz\u0117,<\/p>\n<p style=\"text-align: center;\">77% poliesteris)<\/p>\n<\/div>\n<div style=\"flex: 1;\">\n<p style=\"text-align: center;\"><img decoding=\"async\" style=\"width: 150px; height: 150px; object-fit: cover; border-radius: 50%;\" src=\"https:\/\/djbaldaiwood.lt\/wp-content\/uploads\/2025\/11\/1724929487-Audinys-nr.58_auraplus.eu_-23.png\" alt=\"Trikota\u017einis audinys (Nr. 58)\" \/><\/p>\n<p style=\"text-align: center;\"><strong>Trikota\u017einis <\/strong><\/p>\n<p style=\"text-align: center;\"><strong>audinys (Nr. 58)<\/strong><\/p>\n<p style=\"text-align: center;\">(30% viskoz\u0117,<\/p>\n<p style=\"text-align: center;\">70% poliesteris)<\/p>\n<\/div>\n<\/div>\n","protected":false},"excerpt":{"rendered":"<p>Nespyruoklinis \u010diu\u017einys AMBER Hybrid -tai tobulas miego pagrindas tiems kurie, savo poilsiui, renkasi vidutinio kietumo lov\u0105. Trij\u0173 sluoksni\u0173 \u010diu\u017einio branduolys sudarytas i\u0161 skirting\u0173, ypa\u010d elasting\u0173 med\u017eiag\u0173, kurios papildydamos viena kit\u0105, sukuria patogios, stabilios atramos pagrind\u0105. \u010ciu\u017einio savyb\u0117s: Trij\u0173 sluoksni\u0173 branduolys i\u0161 Hybrid ir \u201eTiger Touch\u201c put\u0173 poliuretano bei \u201eClima\u201c latekso optimaliam komfortui pasiekti. Ypatingai tamprus [&hellip;]<\/p>\n","protected":false},"featured_media":3687,"template":"","meta":{"_uag_custom_page_level_css":"","site-sidebar-layout":"default","site-content-layout":"","ast-site-content-layout":"default","site-content-style":"default","site-sidebar-style":"default","ast-global-header-display":"","ast-banner-title-visibility":"","ast-main-header-display":"","ast-hfb-above-header-display":"","ast-hfb-below-header-display":"","ast-hfb-mobile-header-display":"","site-post-title":"","ast-breadcrumbs-content":"","ast-featured-img":"","footer-sml-layout":"","ast-disable-related-posts":"","theme-transparent-header-meta":"default","adv-header-id-meta":"","stick-header-meta":"","header-above-stick-meta":"","header-main-stick-meta":"","header-below-stick-meta":"","astra-migrate-meta-layouts":"set","ast-page-background-enabled":"default","ast-page-background-meta":{"desktop":{"background-color":"","background-image":"","background-repeat":"repeat","background-position":"center center","background-size":"auto","background-attachment":"scroll","background-type":"","background-media":"","overlay-type":"","overlay-color":"","overlay-opacity":"","overlay-gradient":""},"tablet":{"background-color":"","background-image":"","background-repeat":"repeat","background-position":"center center","background-size":"auto","background-attachment":"scroll","background-type":"","background-media":"","overlay-type":"","overlay-color":"","overlay-opacity":"","overlay-gradient":""},"mobile":{"background-color":"","background-image":"","background-repeat":"repeat","background-position":"center center","background-size":"auto","background-attachment":"scroll","background-type":"","background-media":"","overlay-type":"","overlay-color":"","overlay-opacity":"","overlay-gradient":""}},"ast-content-background-meta":{"desktop":{"background-color":"var(--ast-global-color-5)","background-image":"","background-repeat":"repeat","background-position":"center center","background-size":"auto","background-attachment":"scroll","background-type":"","background-media":"","overlay-type":"","overlay-color":"","overlay-opacity":"","overlay-gradient":""},"tablet":{"background-color":"var(--ast-global-color-5)","background-image":"","background-repeat":"repeat","background-position":"center center","background-size":"auto","background-attachment":"scroll","background-type":"","background-media":"","overlay-type":"","overlay-color":"","overlay-opacity":"","overlay-gradient":""},"mobile":{"background-color":"var(--ast-global-color-5)","background-image":"","background-repeat":"repeat","background-position":"center center","background-size":"auto","background-attachment":"scroll","background-type":"","background-media":"","overlay-type":"","overlay-color":"","overlay-opacity":"","overlay-gradient":""}}},"product_brand":[],"product_cat":[160,159,32],"product_tag":[],"class_list":{"0":"post-3680","1":"product","2":"type-product","3":"status-publish","4":"has-post-thumbnail","6":"product_cat-bespyruokliniai-ciuziniai","7":"product_cat-ciuziniai","8":"product_cat-miegamojo_baldai","9":"desktop-align-left","10":"tablet-align-left","11":"mobile-align-left","13":"first","14":"instock","15":"shipping-taxable","16":"product-type-simple"},"uagb_featured_image_src":{"full":["https:\/\/djbaldaiwood.lt\/wp-content\/uploads\/2025\/11\/nespyruoklinis-susukamas-ciuzinys-amber-hybrid.jpg",800,800,false],"thumbnail":["https:\/\/djbaldaiwood.lt\/wp-content\/uploads\/2025\/11\/nespyruoklinis-susukamas-ciuzinys-amber-hybrid-150x150.jpg",150,150,true],"medium":["https:\/\/djbaldaiwood.lt\/wp-content\/uploads\/2025\/11\/nespyruoklinis-susukamas-ciuzinys-amber-hybrid-300x300.jpg",300,300,true],"medium_large":["https:\/\/djbaldaiwood.lt\/wp-content\/uploads\/2025\/11\/nespyruoklinis-susukamas-ciuzinys-amber-hybrid-768x768.jpg",768,768,true],"large":["https:\/\/djbaldaiwood.lt\/wp-content\/uploads\/2025\/11\/nespyruoklinis-susukamas-ciuzinys-amber-hybrid.jpg",800,800,false],"1536x1536":["https:\/\/djbaldaiwood.lt\/wp-content\/uploads\/2025\/11\/nespyruoklinis-susukamas-ciuzinys-amber-hybrid.jpg",800,800,false],"2048x2048":["https:\/\/djbaldaiwood.lt\/wp-content\/uploads\/2025\/11\/nespyruoklinis-susukamas-ciuzinys-amber-hybrid.jpg",800,800,false],"trp-custom-language-flag":["https:\/\/djbaldaiwood.lt\/wp-content\/uploads\/2025\/11\/nespyruoklinis-susukamas-ciuzinys-amber-hybrid-12x12.jpg",12,12,true],"woocommerce_thumbnail":["https:\/\/djbaldaiwood.lt\/wp-content\/uploads\/2025\/11\/nespyruoklinis-susukamas-ciuzinys-amber-hybrid-300x300.jpg",300,300,true],"woocommerce_single":["https:\/\/djbaldaiwood.lt\/wp-content\/uploads\/2025\/11\/nespyruoklinis-susukamas-ciuzinys-amber-hybrid-600x600.jpg",600,600,true],"woocommerce_gallery_thumbnail":["https:\/\/djbaldaiwood.lt\/wp-content\/uploads\/2025\/11\/nespyruoklinis-susukamas-ciuzinys-amber-hybrid-100x100.jpg",100,100,true],"dgwt-wcas-product-suggestion":["https:\/\/djbaldaiwood.lt\/wp-content\/uploads\/2025\/11\/nespyruoklinis-susukamas-ciuzinys-amber-hybrid-64x64.jpg",64,64,true]},"uagb_author_info":{"display_name":"u9335422869@gmail.com","author_link":"https:\/\/djbaldaiwood.lt\/lt\/author\/"},"uagb_comment_info":0,"uagb_excerpt":"Nespyruoklinis \u010diu\u017einys AMBER Hybrid -tai tobulas miego pagrindas tiems kurie, savo poilsiui, renkasi vidutinio kietumo lov\u0105. Trij\u0173 sluoksni\u0173 \u010diu\u017einio branduolys sudarytas i\u0161 skirting\u0173, ypa\u010d elasting\u0173 med\u017eiag\u0173, kurios papildydamos viena kit\u0105, sukuria patogios, stabilios atramos pagrind\u0105. \u010ciu\u017einio savyb\u0117s: Trij\u0173 sluoksni\u0173 branduolys i\u0161 Hybrid ir \u201eTiger Touch\u201c put\u0173 poliuretano bei \u201eClima\u201c latekso optimaliam komfortui pasiekti. Ypatingai tamprus&hellip;","_links":{"self":[{"href":"https:\/\/djbaldaiwood.lt\/lt\/wp-json\/wp\/v2\/product\/3680","targetHints":{"allow":["GET"]}}],"collection":[{"href":"https:\/\/djbaldaiwood.lt\/lt\/wp-json\/wp\/v2\/product"}],"about":[{"href":"https:\/\/djbaldaiwood.lt\/lt\/wp-json\/wp\/v2\/types\/product"}],"wp:featuredmedia":[{"embeddable":true,"href":"https:\/\/djbaldaiwood.lt\/lt\/wp-json\/wp\/v2\/media\/3687"}],"wp:attachment":[{"href":"https:\/\/djbaldaiwood.lt\/lt\/wp-json\/wp\/v2\/media?parent=3680"}],"wp:term":[{"taxonomy":"product_brand","embeddable":true,"href":"https:\/\/djbaldaiwood.lt\/lt\/wp-json\/wp\/v2\/product_brand?post=3680"},{"taxonomy":"product_cat","embeddable":true,"href":"https:\/\/djbaldaiwood.lt\/lt\/wp-json\/wp\/v2\/product_cat?post=3680"},{"taxonomy":"product_tag","embeddable":true,"href":"https:\/\/djbaldaiwood.lt\/lt\/wp-json\/wp\/v2\/product_tag?post=3680"}],"curies":[{"name":"wp","href":"https:\/\/api.w.org\/{rel}","templated":true}]}}