{"id":3666,"date":"2025-11-29T12:43:27","date_gmt":"2025-11-29T12:43:27","guid":{"rendered":"https:\/\/djbaldaiwood.lt\/?post_type=product&#038;p=3666"},"modified":"2025-11-29T19:20:13","modified_gmt":"2025-11-29T19:20:13","slug":"alanta","status":"publish","type":"product","link":"https:\/\/djbaldaiwood.lt\/lt\/product\/alanta\/","title":{"rendered":"ALANTA"},"content":{"rendered":"<p style=\"font-weight: 400;\">Nespyruoklinis \u010diu\u017einys ALANTA &#8211; klasikinis skirtingo tankio HR put\u0173 ir viskoelastin\u0117s med\u017eiagos derinys. Atpalaiduoja \u012fsitempusius k\u016bno raumenis ir suteikia nepakartojam\u0105 komfort\u0105 pavargusiai nugarai. \u0160is produktas sukurtas naudojant pa\u017eangias technologijas ir auk\u0161\u010diausios kokyb\u0117s med\u017eiagas, kad\u00a0 miegas tapt\u0173 patogus ir saugus.<\/p>\n<p style=\"font-weight: 400;\">Nespyruoklinio \u010diu\u017einio ALANTA privalumai:<\/p>\n<ul style=\"font-weight: 400;\">\n<li>Viskoelastin\u0117 med\u017eiaga suteikia \u010diu\u017einiui nepakartojam\u0105 komforto poj\u016bt\u012f,\u00a0\u0161i moderni med\u017eiaga prisitaiko prie k\u016bno form\u0173 ma\u017eindama spaudim\u0105<\/li>\n<li>\u010ciu\u017einys tolygiai paskirsto svor\u012f, u\u017etikrindamas optimali\u0105 param\u0105 visam k\u016bnui.<\/li>\n<li>Elastingas, stabilios atramos \u010diu\u017einys padeda atpalaiduoti \u012fsitempusius raumenis, suteikdamas gil\u0173 ir atkuriam\u0105j\u012f mieg\u0105.<\/li>\n<li>Dvipusis dizainas suteikia\u00a0galimyb\u0119 naudoti \u010diu\u017ein\u012f i\u0161 abiej\u0173 pusi\u0173, tai leid\u017eia tur\u0117ti \u0161iek tiek kietesn\u012f arba vidutinio kietumo pagrind\u0105.<\/li>\n<li>Tinka ir modernioms lovoms turin\u010dioms pad\u0117\u010di\u0173 nustatymo mechanizm\u0105, kuris leid\u017eia reguliuoti vertikalumo re\u017eim\u0105.<\/li>\n<li>\u010ciu\u017einio \u00a0u\u017evalkalas lengvai\u00a0 nuimamas u\u017etrauktuku, tai pagerina \u010diu\u017einio prie\u017ei\u016br\u0105 ir jo valym\u0105.<\/li>\n<\/ul>\n<p style=\"font-weight: 400;\">Nespyruoklinio \u010diu\u017einio ALANTA sud\u0117tyje naudojamas inovatyvus \u201cVitaRest origin BIO green\u201d sluoksnis\u00a0\u2013 tai pa\u017eangi med\u017eiaga, kuri garantuoja auk\u0161\u010diausi\u0105 miego kokyb\u0119. Viskoelastin\u0117 med\u017eiaga, dar vadinama atminties putomis, reaguoja \u012f k\u016bno \u0161ilum\u0105 ir prisitaiko prie k\u016bno linij\u0173, tolygiai paskirstydama svor\u012f ir u\u017etikrindama maksimal\u0173 komfort\u0105.<\/p>\n<p style=\"font-weight: 400;\">\u012esigydami\u00a0\u00a0\u010diu\u017ein\u012f,\u00a0 galite b\u016bti tikri, kad miegosite ant med\u017eiag\u0173, kurios yra draugi\u0161kos tiek Jums, tiek ir Jus supan\u010diai aplinkai. Visos gamyboje naudojamos med\u017eiagos yra sertifikuotos ir patikrintos. Naudojamas dviej\u0173 miegan\u010di\u0173j\u0173 ( kaip pvz. 160&#215;200 \u010diu\u017einys) neperduoda judesi\u0173.<\/p>\n<p style=\"font-weight: 400;\">\u0160velnus \u010diu\u017einio u\u017evalkalas\u00a0pagamintas i\u0161 auk\u0161tos kokyb\u0117s trikota\u017einio audinio. Antialergin\u0117 med\u017eiaga, kuri yra daigstyta i\u0161 abiej\u0173 u\u017evalkalo pusi\u0173, suteikia papildom\u0105 komfort\u0105 ir saugum\u0105. U\u017evalkalas yra lengvai nuimamas ir skalbiamas iki 40 \u00baC temperat\u016broje , u\u017etikrinant jo higien\u0105 ir \u0161var\u0105.<\/p>\n<p style=\"font-weight: 400;\">\u010ciu\u017einio auk\u0161tis su u\u017evalkalu apie: 18 cm.<\/p>\n<hr \/>\n<h3 class=\"mt-5\">Audiniai<\/h3>\n<p>&nbsp;<\/p>\n<div style=\"display: flex; gap: 10px;\" data-wp-editing=\"1\">\n<div style=\"flex: 1;\">\n<p><img decoding=\"async\" class=\"aligncenter\" style=\"width: 150px; height: 150px; object-fit: cover; border-radius: 50%;\" src=\"https:\/\/djbaldaiwood.lt\/wp-content\/uploads\/2025\/11\/1724929233-Trikotazinis-baltas-audinys-Nr.-10.png\" alt=\"Trikota\u017einis baltas (Nr.10)\" \/><\/p>\n<p style=\"text-align: center;\"><strong>Trikota\u017einis <\/strong> <strong>baltas <\/strong><\/p>\n<p style=\"text-align: center;\"><strong>(Nr.10) <\/strong><\/p>\n<p style=\"text-align: center;\">(16% viskoz\u0117,<\/p>\n<p style=\"text-align: center;\">84% poliesteris)<\/p>\n<\/div>\n<div style=\"flex: 1;\">\n<p style=\"text-align: center;\"><img decoding=\"async\" style=\"width: 150px; height: 150px; object-fit: cover; border-radius: 50%;\" src=\"https:\/\/djbaldaiwood.lt\/wp-content\/uploads\/2025\/11\/1726773334-IMG_5456.png\" alt=\"Trikota\u017einis su bambuku (Nr.17)\" \/><\/p>\n<p style=\"text-align: center;\"><strong> Trikota\u017einis su <\/strong><\/p>\n<p style=\"text-align: center;\"><strong>bambuku (Nr.17)<\/strong><\/p>\n<p style=\"text-align: center;\">(36% bambukas,<\/p>\n<p style=\"text-align: center;\">64% poliesteris)<\/p>\n<\/div>\n<div style=\"flex: 1;\">\n<p style=\"text-align: center;\"><img decoding=\"async\" style=\"width: 150px; height: 150px; object-fit: cover; border-radius: 50%;\" src=\"https:\/\/djbaldaiwood.lt\/wp-content\/uploads\/2025\/11\/1724929414-Trikotazinis-audinys-Aloe-Vera-Nr.-32-1.png\" alt=\"Trikota\u017einis Aloe Vera (Nr.32)\" \/><\/p>\n<p style=\"text-align: center;\"><strong>Trikota\u017einis Aloe <\/strong><\/p>\n<p style=\"text-align: center;\"><strong>Vera (Nr.32)<\/strong><\/p>\n<p style=\"text-align: center;\">(26% viskoz\u0117,<\/p>\n<p style=\"text-align: center;\">74% poliesteris)<\/p>\n<\/div>\n<div style=\"flex: 1;\">\n<p style=\"text-align: center;\"><img decoding=\"async\" style=\"width: 150px; height: 150px; object-fit: cover; border-radius: 50%;\" src=\"https:\/\/djbaldaiwood.lt\/wp-content\/uploads\/2025\/11\/1724929456-Trikotazinis-lino-spalvos-audinys-Nr.-39-1.png\" alt=\"Trikota\u017einis lino spalvos (Nr. 39))\" \/><\/p>\n<p style=\"text-align: center;\"><strong>Trikota\u017einis lino <\/strong><\/p>\n<p style=\"text-align: center;\"><strong>spalvos (Nr. 39)<\/strong><\/p>\n<p style=\"text-align: center;\">(23% viskoz\u0117,<\/p>\n<p style=\"text-align: center;\">77% poliesteris)<\/p>\n<\/div>\n<div style=\"flex: 1;\">\n<p style=\"text-align: center;\"><img decoding=\"async\" style=\"width: 150px; height: 150px; object-fit: cover; border-radius: 50%;\" src=\"https:\/\/djbaldaiwood.lt\/wp-content\/uploads\/2025\/11\/1724929487-Audinys-nr.58_auraplus.eu_-23.png\" alt=\"Trikota\u017einis audinys (Nr. 58)\" \/><\/p>\n<p style=\"text-align: center;\"><strong>Trikota\u017einis <\/strong><\/p>\n<p style=\"text-align: center;\"><strong>audinys (Nr. 58)<\/strong><\/p>\n<p style=\"text-align: center;\">(30% viskoz\u0117,<\/p>\n<p style=\"text-align: center;\">70% poliesteris)<\/p>\n<\/div>\n<\/div>\n","protected":false},"excerpt":{"rendered":"<p>Nespyruoklinis \u010diu\u017einys ALANTA &#8211; klasikinis skirtingo tankio HR put\u0173 ir viskoelastin\u0117s med\u017eiagos derinys. Atpalaiduoja \u012fsitempusius k\u016bno raumenis ir suteikia nepakartojam\u0105 komfort\u0105 pavargusiai nugarai. \u0160is produktas sukurtas naudojant pa\u017eangias technologijas ir auk\u0161\u010diausios kokyb\u0117s med\u017eiagas, kad\u00a0 miegas tapt\u0173 patogus ir saugus. Nespyruoklinio \u010diu\u017einio ALANTA privalumai: Viskoelastin\u0117 med\u017eiaga suteikia \u010diu\u017einiui nepakartojam\u0105 komforto poj\u016bt\u012f,\u00a0\u0161i moderni med\u017eiaga prisitaiko prie k\u016bno [&hellip;]<\/p>\n","protected":false},"featured_media":3671,"template":"","meta":{"_uag_custom_page_level_css":"","site-sidebar-layout":"default","site-content-layout":"","ast-site-content-layout":"default","site-content-style":"default","site-sidebar-style":"default","ast-global-header-display":"","ast-banner-title-visibility":"","ast-main-header-display":"","ast-hfb-above-header-display":"","ast-hfb-below-header-display":"","ast-hfb-mobile-header-display":"","site-post-title":"","ast-breadcrumbs-content":"","ast-featured-img":"","footer-sml-layout":"","ast-disable-related-posts":"","theme-transparent-header-meta":"default","adv-header-id-meta":"","stick-header-meta":"","header-above-stick-meta":"","header-main-stick-meta":"","header-below-stick-meta":"","astra-migrate-meta-layouts":"set","ast-page-background-enabled":"default","ast-page-background-meta":{"desktop":{"background-color":"","background-image":"","background-repeat":"repeat","background-position":"center center","background-size":"auto","background-attachment":"scroll","background-type":"","background-media":"","overlay-type":"","overlay-color":"","overlay-opacity":"","overlay-gradient":""},"tablet":{"background-color":"","background-image":"","background-repeat":"repeat","background-position":"center center","background-size":"auto","background-attachment":"scroll","background-type":"","background-media":"","overlay-type":"","overlay-color":"","overlay-opacity":"","overlay-gradient":""},"mobile":{"background-color":"","background-image":"","background-repeat":"repeat","background-position":"center center","background-size":"auto","background-attachment":"scroll","background-type":"","background-media":"","overlay-type":"","overlay-color":"","overlay-opacity":"","overlay-gradient":""}},"ast-content-background-meta":{"desktop":{"background-color":"var(--ast-global-color-5)","background-image":"","background-repeat":"repeat","background-position":"center center","background-size":"auto","background-attachment":"scroll","background-type":"","background-media":"","overlay-type":"","overlay-color":"","overlay-opacity":"","overlay-gradient":""},"tablet":{"background-color":"var(--ast-global-color-5)","background-image":"","background-repeat":"repeat","background-position":"center center","background-size":"auto","background-attachment":"scroll","background-type":"","background-media":"","overlay-type":"","overlay-color":"","overlay-opacity":"","overlay-gradient":""},"mobile":{"background-color":"var(--ast-global-color-5)","background-image":"","background-repeat":"repeat","background-position":"center center","background-size":"auto","background-attachment":"scroll","background-type":"","background-media":"","overlay-type":"","overlay-color":"","overlay-opacity":"","overlay-gradient":""}}},"product_brand":[],"product_cat":[160,159],"product_tag":[],"class_list":{"0":"post-3666","1":"product","2":"type-product","3":"status-publish","4":"has-post-thumbnail","6":"product_cat-bespyruokliniai-ciuziniai","7":"product_cat-ciuziniai","8":"desktop-align-left","9":"tablet-align-left","10":"mobile-align-left","12":"first","13":"instock","14":"shipping-taxable","15":"product-type-simple"},"uagb_featured_image_src":{"full":["https:\/\/djbaldaiwood.lt\/wp-content\/uploads\/2025\/11\/nespyruoklinis-ciuzinys-alanta10.jpg",800,800,false],"thumbnail":["https:\/\/djbaldaiwood.lt\/wp-content\/uploads\/2025\/11\/nespyruoklinis-ciuzinys-alanta10-150x150.jpg",150,150,true],"medium":["https:\/\/djbaldaiwood.lt\/wp-content\/uploads\/2025\/11\/nespyruoklinis-ciuzinys-alanta10-300x300.jpg",300,300,true],"medium_large":["https:\/\/djbaldaiwood.lt\/wp-content\/uploads\/2025\/11\/nespyruoklinis-ciuzinys-alanta10-768x768.jpg",768,768,true],"large":["https:\/\/djbaldaiwood.lt\/wp-content\/uploads\/2025\/11\/nespyruoklinis-ciuzinys-alanta10.jpg",800,800,false],"1536x1536":["https:\/\/djbaldaiwood.lt\/wp-content\/uploads\/2025\/11\/nespyruoklinis-ciuzinys-alanta10.jpg",800,800,false],"2048x2048":["https:\/\/djbaldaiwood.lt\/wp-content\/uploads\/2025\/11\/nespyruoklinis-ciuzinys-alanta10.jpg",800,800,false],"trp-custom-language-flag":["https:\/\/djbaldaiwood.lt\/wp-content\/uploads\/2025\/11\/nespyruoklinis-ciuzinys-alanta10-12x12.jpg",12,12,true],"woocommerce_thumbnail":["https:\/\/djbaldaiwood.lt\/wp-content\/uploads\/2025\/11\/nespyruoklinis-ciuzinys-alanta10-300x300.jpg",300,300,true],"woocommerce_single":["https:\/\/djbaldaiwood.lt\/wp-content\/uploads\/2025\/11\/nespyruoklinis-ciuzinys-alanta10-600x600.jpg",600,600,true],"woocommerce_gallery_thumbnail":["https:\/\/djbaldaiwood.lt\/wp-content\/uploads\/2025\/11\/nespyruoklinis-ciuzinys-alanta10-100x100.jpg",100,100,true],"dgwt-wcas-product-suggestion":["https:\/\/djbaldaiwood.lt\/wp-content\/uploads\/2025\/11\/nespyruoklinis-ciuzinys-alanta10-64x64.jpg",64,64,true]},"uagb_author_info":{"display_name":"u9335422869@gmail.com","author_link":"https:\/\/djbaldaiwood.lt\/lt\/author\/"},"uagb_comment_info":0,"uagb_excerpt":"Nespyruoklinis \u010diu\u017einys ALANTA &#8211; klasikinis skirtingo tankio HR put\u0173 ir viskoelastin\u0117s med\u017eiagos derinys. Atpalaiduoja \u012fsitempusius k\u016bno raumenis ir suteikia nepakartojam\u0105 komfort\u0105 pavargusiai nugarai. \u0160is produktas sukurtas naudojant pa\u017eangias technologijas ir auk\u0161\u010diausios kokyb\u0117s med\u017eiagas, kad\u00a0 miegas tapt\u0173 patogus ir saugus. Nespyruoklinio \u010diu\u017einio ALANTA privalumai: Viskoelastin\u0117 med\u017eiaga suteikia \u010diu\u017einiui nepakartojam\u0105 komforto poj\u016bt\u012f,\u00a0\u0161i moderni med\u017eiaga prisitaiko prie k\u016bno&hellip;","_links":{"self":[{"href":"https:\/\/djbaldaiwood.lt\/lt\/wp-json\/wp\/v2\/product\/3666","targetHints":{"allow":["GET"]}}],"collection":[{"href":"https:\/\/djbaldaiwood.lt\/lt\/wp-json\/wp\/v2\/product"}],"about":[{"href":"https:\/\/djbaldaiwood.lt\/lt\/wp-json\/wp\/v2\/types\/product"}],"wp:featuredmedia":[{"embeddable":true,"href":"https:\/\/djbaldaiwood.lt\/lt\/wp-json\/wp\/v2\/media\/3671"}],"wp:attachment":[{"href":"https:\/\/djbaldaiwood.lt\/lt\/wp-json\/wp\/v2\/media?parent=3666"}],"wp:term":[{"taxonomy":"product_brand","embeddable":true,"href":"https:\/\/djbaldaiwood.lt\/lt\/wp-json\/wp\/v2\/product_brand?post=3666"},{"taxonomy":"product_cat","embeddable":true,"href":"https:\/\/djbaldaiwood.lt\/lt\/wp-json\/wp\/v2\/product_cat?post=3666"},{"taxonomy":"product_tag","embeddable":true,"href":"https:\/\/djbaldaiwood.lt\/lt\/wp-json\/wp\/v2\/product_tag?post=3666"}],"curies":[{"name":"wp","href":"https:\/\/api.w.org\/{rel}","templated":true}]}}