{"id":2754,"date":"2025-11-15T20:58:18","date_gmt":"2025-11-15T20:58:18","guid":{"rendered":"https:\/\/djbaldaiwood.lt\/about\/"},"modified":"2025-11-22T21:44:01","modified_gmt":"2025-11-22T21:44:01","slug":"about","status":"publish","type":"page","link":"https:\/\/djbaldaiwood.lt\/lt\/about\/","title":{"rendered":"Apie"},"content":{"rendered":"\n<div class=\"wp-block-uagb-container uagb-block-1b3539fb alignwide uagb-is-root-container\">\n<div class=\"wp-block-uagb-advanced-heading uagb-block-1e9f933f\"><h1 class=\"uagb-heading-text\">Apie mus<\/h1><\/div>\n<\/div>\n\n\n\n<div class=\"wp-block-uagb-container uagb-block-a26a8cee alignfull uagb-is-root-container\">\n<div class=\"wp-block-uagb-container uagb-layout-grid uagb-block-bcab295c\">\n<div class=\"wp-block-uagb-info-box uagb-block-5ba8c1e6 uagb-infobox__content-wrap  uagb-infobox-icon-above-title uagb-infobox-image-valign-top\"><div class=\"uagb-ifb-content\"><div class=\"uagb-ifb-title-wrap\"><div class=\"uagb-ifb-separator\"><\/div><h2 class=\"uagb-ifb-title\">Mes<\/h2><\/div><p class=\"uagb-ifb-desc\">\u012emon\u0117, kuri specializuojasi auk\u0161tos kokyb\u0117s medini\u0173 bald\u0173 gamyboje, sukurta tiems, kurie vertina nat\u016bralias med\u017eiagas, ilgaam\u017ei\u0161kum\u0105 ir apgalvot\u0105 dizain\u0105. Jau daugel\u012f met\u0173 medien\u0105 perdirbame \u012f gaminius, kurie tarnauja de\u0161imtme\u010dius ir tampa jaukaus bei stilingo interjero dalimi.<\/p><\/div><\/div>\n\n\n\n<div class=\"wp-block-uagb-image uagb-block-f00e7286 wp-block-uagb-image--layout-default wp-block-uagb-image--effect-static wp-block-uagb-image--align-none\"><figure class=\"wp-block-uagb-image__figure\"><img decoding=\"async\" srcset=\"https:\/\/djbaldaiwood.lt\/wp-content\/uploads\/2025\/11\/carpenter-process-professional-tool-precision-drilling-wood-1024x355.jpg ,https:\/\/djbaldaiwood.lt\/wp-content\/uploads\/2025\/11\/carpenter-process-professional-tool-precision-drilling-wood-scaled.jpg 780w, https:\/\/djbaldaiwood.lt\/wp-content\/uploads\/2025\/11\/carpenter-process-professional-tool-precision-drilling-wood-scaled.jpg 360w\" sizes=\"auto, (max-width: 480px) 150px\" src=\"https:\/\/djbaldaiwood.lt\/wp-content\/uploads\/2025\/11\/carpenter-process-professional-tool-precision-drilling-wood-1024x355.jpg\" alt=\"a carpenter in the process, a professional tool for precision drilling in wood.\" class=\"uag-image-3188\" width=\"776\" height=\"436\" title=\"a carpenter in the process, a professional tool for precision drilling in wood.\" loading=\"lazy\" role=\"img\"\/><\/figure><\/div>\n<\/div>\n<\/div>\n\n\n\n<div class=\"wp-block-uagb-container uagb-block-c21e87fc alignfull uagb-is-root-container\"><div class=\"uagb-container-inner-blocks-wrap\">\n<div class=\"wp-block-uagb-info-box uagb-block-3a2a356e uagb-infobox__content-wrap  uagb-infobox-icon-above-title uagb-infobox-image-valign-top\"><div class=\"uagb-ifb-content\"><div class=\"uagb-ifb-separator\"><\/div><div class=\"uagb-ifb-title-wrap\"><h2 class=\"uagb-ifb-title\">Kod\u0117l verta rinktis mus\u200b<\/h2><\/div><p class=\"uagb-ifb-desc\"><strong>Nat\u016bralios med\u017eiagos<\/strong> \u2013 naudojame tik kruop\u0161\u010diai atrinkt\u0105 medien\u0105. <br><strong>Gamyba savo j\u0117gomis <\/strong>\u2013 visi\u0161ka kokyb\u0117s kontrol\u0117 kiekviename etape. <br><strong>Individualus po\u017ei\u016bris<\/strong> \u2013 baldus kuriame pagal kliento i\u0161matavimus ir pageidavimus. <br><strong>Patvarumas<\/strong> \u2013 m\u016bs\u0173 gaminiai sukurti ilgam naudojimui. <br><strong>Ekologi\u0161ki <\/strong>\u2013 laikom\u0117s saugos ir aplinkai nekenksming\u0173 gamybos standart\u0173.<\/p><\/div><\/div>\n\n\n\n<div class=\"wp-block-uagb-container uagb-block-7f8d1a41\">\n<h3 class=\"wp-block-heading\">M\u016bs\u0173 misija<\/h3>\n\n\n\n<p>Kurti baldus, kurie namus padaryt\u0173 jaukesnius, o erdves \u2013 harmoningesnes. Siekiame u\u017etikrinti, kad kiekvienas baldas atspind\u0117t\u0173 savininko asmenyb\u0119 ir teikt\u0173 d\u017eiaugsm\u0105 ilgus metus.<\/p>\n\n\n\n<h3 class=\"wp-block-heading\">M\u016bs\u0173 komanda<\/h3>\n\n\n\n<p>Mus vienija meil\u0117 med\u017eiui ir pagarba meistri\u0161kumui. Patyr\u0119 meistrai, dizaineriai ir technologai dirba kartu, kad u\u017etikrint\u0173 nepriekai\u0161ting\u0105 kiekvien\u0105 detal\u0119 \u2013 nuo \u200b\u200bpradin\u0117s id\u0117jos iki galutinio produkto.<\/p>\n<\/div>\n<\/div><\/div>\n\n\n\n<div class=\"wp-block-uagb-container uagb-block-c905cc36 alignfull uagb-is-root-container\"><div class=\"uagb-container-inner-blocks-wrap\">\n<div class=\"wp-block-uagb-container uagb-block-b400cc24\">\n<div class=\"wp-block-uagb-info-box uagb-block-f948c7b8 uagb-infobox__content-wrap  uagb-infobox-icon-above-title uagb-infobox-image-valign-top\"><div class=\"uagb-ifb-content\"><div class=\"uagb-ifb-title-wrap\"><div class=\"uagb-ifb-separator\"><\/div><h2 class=\"uagb-ifb-title\">Prenumeruoti<\/h2><\/div><\/div><\/div>\n\n\n\n<div data-aos= \"fade\" data-aos-duration=\"400\" data-aos-delay=\"0\" data-aos-easing=\"ease\" data-aos-once=\"true\" class=\"wp-block-uagb-social-share uagb-social-share__outer-wrap uagb-social-share__layout-horizontal uagb-block-b80ea331\">\n<div class=\"wp-block-uagb-social-share-child uagb-ss-repeater uagb-ss__wrapper uagb-block-1fc986a2\"><span class=\"uagb-ss__link\" data-href=\"https:\/\/www.facebook.com\/sharer.php?u=\" tabindex=\"0\" role=\"button\" aria-label=\"facebook\"><span class=\"uagb-ss__source-wrap\"><span class=\"uagb-ss__source-icon\"><svg xmlns=\"https:\/\/www.w3.org\/2000\/svg\" viewBox=\"0 0 320 512\"><path d=\"M279.1 288l14.22-92.66h-88.91v-60.13c0-25.35 12.42-50.06 52.24-50.06h40.42V6.26S260.4 0 225.4 0c-73.22 0-121.1 44.38-121.1 124.7v70.62H22.89V288h81.39v224h100.2V288z\"><\/path><\/svg><\/span><\/span><\/span><\/div>\n\n\n\n<div class=\"wp-block-uagb-social-share-child uagb-ss-repeater uagb-ss__wrapper uagb-block-93f76d47\"><span class=\"uagb-ss__link\" data-href=\"https:\/\/www.linkedin.com\/shareArticle?url=\" tabindex=\"0\" role=\"button\" aria-label=\"linkedin\"><span class=\"uagb-ss__source-wrap\"><span class=\"uagb-ss__source-icon\"><svg xmlns=\"https:\/\/www.w3.org\/2000\/svg\" viewBox=\"0 0 448 512\"><path d=\"M416 32H31.9C14.3 32 0 46.5 0 64.3v383.4C0 465.5 14.3 480 31.9 480H416c17.6 0 32-14.5 32-32.3V64.3c0-17.8-14.4-32.3-32-32.3zM135.4 416H69V202.2h66.5V416zm-33.2-243c-21.3 0-38.5-17.3-38.5-38.5S80.9 96 102.2 96c21.2 0 38.5 17.3 38.5 38.5 0 21.3-17.2 38.5-38.5 38.5zm282.1 243h-66.4V312c0-24.8-.5-56.7-34.5-56.7-34.6 0-39.9 27-39.9 54.9V416h-66.4V202.2h63.7v29.2h.9c8.9-16.8 30.6-34.5 62.9-34.5 67.2 0 79.7 44.3 79.7 101.9V416z\"><\/path><\/svg><\/span><\/span><\/span><\/div>\n<\/div>\n<\/div>\n<\/div><\/div>\n\n\n\n<div class=\"wp-block-uagb-container uagb-layout-grid uagb-block-561f3a7c alignfull uagb-is-root-container\"><div class=\"uagb-container-inner-blocks-wrap\">\n<div class=\"wp-block-uagb-info-box uagb-block-f16575e2 uagb-infobox__content-wrap  uagb-infobox-icon-above-title uagb-infobox-image-valign-top wp-block-uagb-info-box--has-margin\"><div class=\"uagb-infobox-margin-wrapper\"><div class=\"uagb-ifb-content\"><div class=\"uagb-ifb-icon-wrap\"><svg xmlns=\"https:\/\/www.w3.org\/2000\/svg\" viewBox=\"0 0 512 512\"><path d=\"M352 256C352 278.2 350.8 299.6 348.7 320H163.3C161.2 299.6 159.1 278.2 159.1 256C159.1 233.8 161.2 212.4 163.3 192H348.7C350.8 212.4 352 233.8 352 256zM503.9 192C509.2 212.5 512 233.9 512 256C512 278.1 509.2 299.5 503.9 320H380.8C382.9 299.4 384 277.1 384 256C384 234 382.9 212.6 380.8 192H503.9zM493.4 160H376.7C366.7 96.14 346.9 42.62 321.4 8.442C399.8 29.09 463.4 85.94 493.4 160zM344.3 160H167.7C173.8 123.6 183.2 91.38 194.7 65.35C205.2 41.74 216.9 24.61 228.2 13.81C239.4 3.178 248.7 0 256 0C263.3 0 272.6 3.178 283.8 13.81C295.1 24.61 306.8 41.74 317.3 65.35C328.8 91.38 338.2 123.6 344.3 160H344.3zM18.61 160C48.59 85.94 112.2 29.09 190.6 8.442C165.1 42.62 145.3 96.14 135.3 160H18.61zM131.2 192C129.1 212.6 127.1 234 127.1 256C127.1 277.1 129.1 299.4 131.2 320H8.065C2.8 299.5 0 278.1 0 256C0 233.9 2.8 212.5 8.065 192H131.2zM194.7 446.6C183.2 420.6 173.8 388.4 167.7 352H344.3C338.2 388.4 328.8 420.6 317.3 446.6C306.8 470.3 295.1 487.4 283.8 498.2C272.6 508.8 263.3 512 255.1 512C248.7 512 239.4 508.8 228.2 498.2C216.9 487.4 205.2 470.3 194.7 446.6H194.7zM190.6 503.6C112.2 482.9 48.59 426.1 18.61 352H135.3C145.3 415.9 165.1 469.4 190.6 503.6V503.6zM321.4 503.6C346.9 469.4 366.7 415.9 376.7 352H493.4C463.4 426.1 399.8 482.9 321.4 503.6V503.6z\"><\/path><\/svg><\/div><div class=\"uagb-ifb-title-wrap\"><h5 class=\"uagb-ifb-title\">Pasaulio dizainas<\/h5><\/div><p class=\"uagb-ifb-desc\">kai erdv\u0117 kalba pati u\u017e save.<\/p><\/div><\/div><\/div>\n\n\n\n<div class=\"wp-block-uagb-info-box uagb-block-0baf8502 uagb-infobox__content-wrap  uagb-infobox-icon-above-title uagb-infobox-image-valign-top wp-block-uagb-info-box--has-margin\"><div class=\"uagb-infobox-margin-wrapper\"><div class=\"uagb-ifb-content\"><div class=\"uagb-ifb-icon-wrap\"><svg xmlns=\"https:\/\/www.w3.org\/2000\/svg\" viewBox=\"0 0 448 512\"><path d=\"M438.6 105.4C451.1 117.9 451.1 138.1 438.6 150.6L182.6 406.6C170.1 419.1 149.9 419.1 137.4 406.6L9.372 278.6C-3.124 266.1-3.124 245.9 9.372 233.4C21.87 220.9 42.13 220.9 54.63 233.4L159.1 338.7L393.4 105.4C405.9 92.88 426.1 92.88 438.6 105.4H438.6z\"><\/path><\/svg><\/div><div class=\"uagb-ifb-title-wrap\"><h5 class=\"uagb-ifb-title\">Puiki kokyb\u0117<\/h5><\/div><p class=\"uagb-ifb-desc\">i\u0161 pirmo \u017evilgsnio ir daugel\u012f met\u0173.<\/p><\/div><\/div><\/div>\n\n\n\n<div class=\"wp-block-uagb-info-box uagb-block-854fd21b uagb-infobox__content-wrap  uagb-infobox-icon-above-title uagb-infobox-image-valign-top wp-block-uagb-info-box--has-margin\"><div class=\"uagb-infobox-margin-wrapper\"><div class=\"uagb-ifb-content\"><div class=\"uagb-ifb-icon-wrap\"><svg xmlns=\"https:\/\/www.w3.org\/2000\/svg\" viewBox=\"0 0 448 512\"><path d=\"M48 32H197.5C214.5 32 230.7 38.74 242.7 50.75L418.7 226.7C443.7 251.7 443.7 292.3 418.7 317.3L285.3 450.7C260.3 475.7 219.7 475.7 194.7 450.7L18.75 274.7C6.743 262.7 0 246.5 0 229.5V80C0 53.49 21.49 32 48 32L48 32zM112 176C129.7 176 144 161.7 144 144C144 126.3 129.7 112 112 112C94.33 112 80 126.3 80 144C80 161.7 94.33 176 112 176z\"><\/path><\/svg><\/div><div class=\"uagb-ifb-title-wrap\"><h5 class=\"uagb-ifb-title\">Geriausias pasi\u016blymas<\/h5><\/div><p class=\"uagb-ifb-desc\">\u0161iandien j\u016bs\u0173 namams.<\/p><\/div><\/div><\/div>\n\n\n\n<div class=\"wp-block-uagb-info-box uagb-block-1202da09 uagb-infobox__content-wrap  uagb-infobox-icon-above-title uagb-infobox-image-valign-top wp-block-uagb-info-box--has-margin\"><div class=\"uagb-infobox-margin-wrapper\"><div class=\"uagb-ifb-content\"><div class=\"uagb-ifb-icon-wrap\"><svg xmlns=\"https:\/\/www.w3.org\/2000\/svg\" viewBox=\"0 0 448 512\"><path d=\"M80 192V144C80 64.47 144.5 0 224 0C303.5 0 368 64.47 368 144V192H384C419.3 192 448 220.7 448 256V448C448 483.3 419.3 512 384 512H64C28.65 512 0 483.3 0 448V256C0 220.7 28.65 192 64 192H80zM144 192H304V144C304 99.82 268.2 64 224 64C179.8 64 144 99.82 144 144V192z\"><\/path><\/svg><\/div><div class=\"uagb-ifb-title-wrap\"><h5 class=\"uagb-ifb-title\">Patikimumas<\/h5><\/div><p class=\"uagb-ifb-desc\">d\u0117l ramyb\u0117s kiekvien\u0105 dien\u0105.<\/p><\/div><\/div><\/div>\n<\/div><\/div>\n\n\n\n<p><\/p>\n","protected":false},"excerpt":{"rendered":"<p>Apie mus M\u016bs\u0173 misija Kurti baldus, kurie namus padaryt\u0173 jaukesnius, o erdves \u2013 harmoningesnes. Siekiame u\u017etikrinti, kad kiekvienas baldas atspind\u0117t\u0173 savininko asmenyb\u0119 ir teikt\u0173 d\u017eiaugsm\u0105 ilgus metus. M\u016bs\u0173 komanda Mus vienija meil\u0117 med\u017eiui ir pagarba meistri\u0161kumui. Patyr\u0119 meistrai, dizaineriai ir technologai dirba kartu, kad u\u017etikrint\u0173 nepriekai\u0161ting\u0105 kiekvien\u0105 detal\u0119 \u2013 nuo \u200b\u200bpradin\u0117s id\u0117jos iki galutinio produkto.<\/p>\n","protected":false},"author":1,"featured_media":0,"parent":0,"menu_order":0,"comment_status":"closed","ping_status":"closed","template":"","meta":{"_uag_custom_page_level_css":"","site-sidebar-layout":"no-sidebar","site-content-layout":"plain-container","ast-site-content-layout":"full-width-container","site-content-style":"default","site-sidebar-style":"default","ast-global-header-display":"","ast-banner-title-visibility":"","ast-main-header-display":"","ast-hfb-above-header-display":"","ast-hfb-below-header-display":"","ast-hfb-mobile-header-display":"","site-post-title":"disabled","ast-breadcrumbs-content":"","ast-featured-img":"","footer-sml-layout":"","ast-disable-related-posts":"","theme-transparent-header-meta":"enabled","adv-header-id-meta":"","stick-header-meta":"","header-above-stick-meta":"","header-main-stick-meta":"","header-below-stick-meta":"","astra-migrate-meta-layouts":"set","ast-page-background-enabled":"default","ast-page-background-meta":{"desktop":{"background-color":"","background-image":"","background-repeat":"repeat","background-position":"center center","background-size":"auto","background-attachment":"scroll","background-type":"","background-media":"","overlay-type":"","overlay-color":"","overlay-opacity":"","overlay-gradient":""},"tablet":{"background-color":"","background-image":"","background-repeat":"repeat","background-position":"center center","background-size":"auto","background-attachment":"scroll","background-type":"","background-media":"","overlay-type":"","overlay-color":"","overlay-opacity":"","overlay-gradient":""},"mobile":{"background-color":"","background-image":"","background-repeat":"repeat","background-position":"center center","background-size":"auto","background-attachment":"scroll","background-type":"","background-media":"","overlay-type":"","overlay-color":"","overlay-opacity":"","overlay-gradient":""}},"ast-content-background-meta":{"desktop":{"background-color":"var(--ast-global-color-5)","background-image":"","background-repeat":"repeat","background-position":"center center","background-size":"auto","background-attachment":"scroll","background-type":"","background-media":"","overlay-type":"","overlay-color":"","overlay-opacity":"","overlay-gradient":""},"tablet":{"background-color":"var(--ast-global-color-5)","background-image":"","background-repeat":"repeat","background-position":"center center","background-size":"auto","background-attachment":"scroll","background-type":"","background-media":"","overlay-type":"","overlay-color":"","overlay-opacity":"","overlay-gradient":""},"mobile":{"background-color":"var(--ast-global-color-5)","background-image":"","background-repeat":"repeat","background-position":"center center","background-size":"auto","background-attachment":"scroll","background-type":"","background-media":"","overlay-type":"","overlay-color":"","overlay-opacity":"","overlay-gradient":""}},"footnotes":""},"class_list":["post-2754","page","type-page","status-publish","hentry"],"_hostinger_reach_plugin_has_subscription_block":false,"_hostinger_reach_plugin_is_elementor":false,"uagb_featured_image_src":{"full":false,"thumbnail":false,"medium":false,"medium_large":false,"large":false,"1536x1536":false,"2048x2048":false,"trp-custom-language-flag":false,"woocommerce_thumbnail":false,"woocommerce_single":false,"woocommerce_gallery_thumbnail":false,"dgwt-wcas-product-suggestion":false},"uagb_author_info":{"display_name":"u9335422869@gmail.com","author_link":"https:\/\/djbaldaiwood.lt\/lt\/author\/u9335422869gmail-com\/"},"uagb_comment_info":0,"uagb_excerpt":"Apie mus M\u016bs\u0173 misija Kurti baldus, kurie namus padaryt\u0173 jaukesnius, o erdves \u2013 harmoningesnes. Siekiame u\u017etikrinti, kad kiekvienas baldas atspind\u0117t\u0173 savininko asmenyb\u0119 ir teikt\u0173 d\u017eiaugsm\u0105 ilgus metus. M\u016bs\u0173 komanda Mus vienija meil\u0117 med\u017eiui ir pagarba meistri\u0161kumui. Patyr\u0119 meistrai, dizaineriai ir technologai dirba kartu, kad u\u017etikrint\u0173 nepriekai\u0161ting\u0105 kiekvien\u0105 detal\u0119 \u2013 nuo \u200b\u200bpradin\u0117s id\u0117jos iki galutinio produkto.","_links":{"self":[{"href":"https:\/\/djbaldaiwood.lt\/lt\/wp-json\/wp\/v2\/pages\/2754","targetHints":{"allow":["GET"]}}],"collection":[{"href":"https:\/\/djbaldaiwood.lt\/lt\/wp-json\/wp\/v2\/pages"}],"about":[{"href":"https:\/\/djbaldaiwood.lt\/lt\/wp-json\/wp\/v2\/types\/page"}],"author":[{"embeddable":true,"href":"https:\/\/djbaldaiwood.lt\/lt\/wp-json\/wp\/v2\/users\/1"}],"replies":[{"embeddable":true,"href":"https:\/\/djbaldaiwood.lt\/lt\/wp-json\/wp\/v2\/comments?post=2754"}],"version-history":[{"count":16,"href":"https:\/\/djbaldaiwood.lt\/lt\/wp-json\/wp\/v2\/pages\/2754\/revisions"}],"predecessor-version":[{"id":3624,"href":"https:\/\/djbaldaiwood.lt\/lt\/wp-json\/wp\/v2\/pages\/2754\/revisions\/3624"}],"wp:attachment":[{"href":"https:\/\/djbaldaiwood.lt\/lt\/wp-json\/wp\/v2\/media?parent=2754"}],"curies":[{"name":"wp","href":"https:\/\/api.w.org\/{rel}","templated":true}]}}