{"id":3702,"date":"2025-11-29T18:41:20","date_gmt":"2025-11-29T18:41:20","guid":{"rendered":"https:\/\/djbaldaiwood.lt\/?post_type=product&#038;p=3702"},"modified":"2025-11-29T18:48:06","modified_gmt":"2025-11-29T18:48:06","slug":"nojus","status":"publish","type":"product","link":"https:\/\/djbaldaiwood.lt\/en\/product\/nojus\/","title":{"rendered":"NOJUS"},"content":{"rendered":"<p style=\"font-weight: 400;\">NOJUS spring mattress is an exclusive, reversible mattress designed specifically for those who value natural materials, the highest level of comfort, and maximum adaptation to the body.<\/p>\n<p style=\"font-weight: 400;\">Mattress features:<\/p>\n<ul style=\"font-weight: 400;\">\n<li>7-zone Multipocket spring block \u2013 perfect support for the spine.<\/li>\n<li>Durable, double-sided mattress.<\/li>\n<li>Clima latex will ensure that you feel comfortable and relaxed all night long.<\/li>\n<li>Natural linen fiber is a healthy choice for your sleep, creating a thermoregulatory effect and allowing the skin to breathe freely.<\/li>\n<li>Environmentally friendly and durable glues are used in the production of the mattress.<\/li>\n<li>Additional ventilation holes \u2013 ensure maximum ventilation and hygiene of the mattress.<\/li>\n<li>The mattress cover is removable with a zipper - easy to keep clean.<\/li>\n<\/ul>\n<p style=\"font-weight: 400;\">The NOJUS spring mattress is made on the basis of Multipocket springs, where each spring reacts individually, adapting to your body shape and weight, thus ensuring proper spinal support and maximum comfort in any sleeping position.<\/p>\n<p style=\"font-weight: 400;\">A 5 cm Pulse latex layer is used on one side of the mattress, an extremely comfortable material - regardless of whether you sleep on your side, back, or stomach. This latex is soft and elastic with many holes, has excellent ventilation properties, allows the skin to breathe and maintains optimal body temperature.<\/p>\n<p style=\"font-weight: 400;\">The natural combination of linen fiber with Clima latex on the other side of the mattress is a healthy choice for your sleep. Linen fiber has antibacterial and anti-allergic properties, creates a thermoregulatory effect, and is a breathable material. Therefore, with the NOJUS mattress you will sleep peacefully and healthily.<\/p>\n<p style=\"font-weight: 400;\">Papildomos v\u0117dinimo angel\u0117s visuose \u010diu\u017einio bortuose u\u017etikrina maksimal\u0173 \u010diu\u017einio v\u0117dinim\u0105 ir higieni\u0161kum\u0105. \u010ciu\u017einio gamyboje naudojami nekenksmingi ir patvar\u016bs klijai, kuri\u0173 sud\u0117tyje n\u0117ra laki\u0173j\u0173 chemini\u0173 med\u017eiag\u0173. \u0160ie klijai yra saug\u016bs ir draugi\u0161ki sveikatai.<\/p>\n<p style=\"font-weight: 400;\">The mattress cover is made of high-quality knitted fabric with bamboo thread, which ensures a comfortable sleep. The fabric with bamboo thread has antibacterial and anti-allergic properties, is soft and pleasant to the touch, and also perfectly regulates temperature and maintains optimal humidity. The cover is easily removed with a zipper and can be washed at 40\u00b0C or can be dry-cleaned.<\/p>\n<p style=\"font-weight: 400;\">Experience unparalleled comfort and healthy sleep with the NOJUS mattress!<\/p>\n<p style=\"font-weight: 400;\">Mattress height with cover approx.: 24 cm<\/p>\n<hr \/>\n<h3 class=\"mt-5\">Fabrics<\/h3>\n<p>&nbsp;<\/p>\n<div style=\"display: flex; gap: 10px;\" data-wp-editing=\"1\">\n<div style=\"flex: 1;\">\n<p><img decoding=\"async\" class=\"aligncenter\" style=\"width: 150px; height: 150px; object-fit: cover; border-radius: 50%;\" src=\"https:\/\/djbaldaiwood.lt\/wp-content\/uploads\/2025\/11\/1724929233-Trikotazinis-baltas-audinys-Nr.-10.png\" alt=\"Trikota\u017einis baltas (Nr.10)\" \/><\/p>\n<p style=\"text-align: center;\"><strong>Knitwear <\/strong> <strong>white <\/strong><\/p>\n<p style=\"text-align: center;\"><strong>(Nr.10) <\/strong><\/p>\n<p style=\"text-align: center;\">(16% viscose,<\/p>\n<p style=\"text-align: center;\">84% polyester)<\/p>\n<\/div>\n<div style=\"flex: 1;\">\n<p style=\"text-align: center;\"><img decoding=\"async\" style=\"width: 150px; height: 150px; object-fit: cover; border-radius: 50%;\" src=\"https:\/\/djbaldaiwood.lt\/wp-content\/uploads\/2025\/11\/1726773334-IMG_5456.png\" alt=\"Trikota\u017einis su bambuku (Nr.17)\" \/><\/p>\n<p style=\"text-align: center;\"><strong> Knitted with <\/strong><\/p>\n<p style=\"text-align: center;\"><strong>bamboo (No.17)<\/strong><\/p>\n<p style=\"text-align: center;\">(36% bamboo,<\/p>\n<p style=\"text-align: center;\">64% polyester)<\/p>\n<\/div>\n<div style=\"flex: 1;\">\n<p style=\"text-align: center;\"><img decoding=\"async\" style=\"width: 150px; height: 150px; object-fit: cover; border-radius: 50%;\" src=\"https:\/\/djbaldaiwood.lt\/wp-content\/uploads\/2025\/11\/1724929414-Trikotazinis-audinys-Aloe-Vera-Nr.-32-1.png\" alt=\"Trikota\u017einis Aloe Vera (Nr.32)\" \/><\/p>\n<p style=\"text-align: center;\"><strong>Knitted Aloe <\/strong><\/p>\n<p style=\"text-align: center;\"><strong>Vera (Nr.32)<\/strong><\/p>\n<p style=\"text-align: center;\">(26% viscose,<\/p>\n<p style=\"text-align: center;\">74% polyester)<\/p>\n<\/div>\n<div style=\"flex: 1;\">\n<p style=\"text-align: center;\"><img decoding=\"async\" style=\"width: 150px; height: 150px; object-fit: cover; border-radius: 50%;\" src=\"https:\/\/djbaldaiwood.lt\/wp-content\/uploads\/2025\/11\/1724929456-Trikotazinis-lino-spalvos-audinys-Nr.-39-1.png\" alt=\"Trikota\u017einis lino spalvos (Nr. 39))\" \/><\/p>\n<p style=\"text-align: center;\"><strong>Knitted linen <\/strong><\/p>\n<p style=\"text-align: center;\"><strong>colors (No. 39)<\/strong><\/p>\n<p style=\"text-align: center;\">(23% viscose,<\/p>\n<p style=\"text-align: center;\">77% polyester)<\/p>\n<\/div>\n<div style=\"flex: 1;\">\n<p style=\"text-align: center;\"><img decoding=\"async\" style=\"width: 150px; height: 150px; object-fit: cover; border-radius: 50%;\" src=\"https:\/\/djbaldaiwood.lt\/wp-content\/uploads\/2025\/11\/1724929487-Audinys-nr.58_auraplus.eu_-23.png\" alt=\"Trikota\u017einis audinys (Nr. 58)\" \/><\/p>\n<p style=\"text-align: center;\"><strong>Knitwear <\/strong><\/p>\n<p style=\"text-align: center;\"><strong>fabric (No. 58)<\/strong><\/p>\n<p style=\"text-align: center;\">(30% viscose,<\/p>\n<p style=\"text-align: center;\">70% polyester)<\/p>\n<\/div>\n<\/div>","protected":false},"excerpt":{"rendered":"<p>Spyruoklinis \u010diu\u017einys NOJUS \u2013 i\u0161skirtinis, dvipusis \u010diu\u017einys sukurtas specialiai tiems, kurie vertina nat\u016bralias med\u017eiagas, auk\u0161\u010diausio lygio patogum\u0105 ir maksimal\u0173 prisitaikym\u0105 prie k\u016bno. \u010ciu\u017einio savyb\u0117s: 7 zon\u0173 Multipocket spyruokli\u0173 blokas \u2013 nepriekai\u0161tinga atrama stuburui. Patvarus, dvipusis \u010diu\u017einys. Clima lateksas pasir\u016bpins, kad jaustum\u0117t\u0117s patogiai ir atsipalaidav\u0119 vis\u0105 nakt\u012f. Nat\u016bralus lino pluo\u0161tas \u2013 sveikas pasirinkimas j\u016bs\u0173 miegui, sukuria [&hellip;]<\/p>","protected":false},"featured_media":3703,"template":"","meta":{"_uag_custom_page_level_css":"","site-sidebar-layout":"default","site-content-layout":"","ast-site-content-layout":"default","site-content-style":"default","site-sidebar-style":"default","ast-global-header-display":"","ast-banner-title-visibility":"","ast-main-header-display":"","ast-hfb-above-header-display":"","ast-hfb-below-header-display":"","ast-hfb-mobile-header-display":"","site-post-title":"","ast-breadcrumbs-content":"","ast-featured-img":"","footer-sml-layout":"","ast-disable-related-posts":"","theme-transparent-header-meta":"default","adv-header-id-meta":"","stick-header-meta":"","header-above-stick-meta":"","header-main-stick-meta":"","header-below-stick-meta":"","astra-migrate-meta-layouts":"set","ast-page-background-enabled":"default","ast-page-background-meta":{"desktop":{"background-color":"","background-image":"","background-repeat":"repeat","background-position":"center center","background-size":"auto","background-attachment":"scroll","background-type":"","background-media":"","overlay-type":"","overlay-color":"","overlay-opacity":"","overlay-gradient":""},"tablet":{"background-color":"","background-image":"","background-repeat":"repeat","background-position":"center center","background-size":"auto","background-attachment":"scroll","background-type":"","background-media":"","overlay-type":"","overlay-color":"","overlay-opacity":"","overlay-gradient":""},"mobile":{"background-color":"","background-image":"","background-repeat":"repeat","background-position":"center center","background-size":"auto","background-attachment":"scroll","background-type":"","background-media":"","overlay-type":"","overlay-color":"","overlay-opacity":"","overlay-gradient":""}},"ast-content-background-meta":{"desktop":{"background-color":"var(--ast-global-color-5)","background-image":"","background-repeat":"repeat","background-position":"center center","background-size":"auto","background-attachment":"scroll","background-type":"","background-media":"","overlay-type":"","overlay-color":"","overlay-opacity":"","overlay-gradient":""},"tablet":{"background-color":"var(--ast-global-color-5)","background-image":"","background-repeat":"repeat","background-position":"center center","background-size":"auto","background-attachment":"scroll","background-type":"","background-media":"","overlay-type":"","overlay-color":"","overlay-opacity":"","overlay-gradient":""},"mobile":{"background-color":"var(--ast-global-color-5)","background-image":"","background-repeat":"repeat","background-position":"center center","background-size":"auto","background-attachment":"scroll","background-type":"","background-media":"","overlay-type":"","overlay-color":"","overlay-opacity":"","overlay-gradient":""}}},"product_brand":[162],"product_cat":[159,158,32],"product_tag":[],"class_list":{"0":"post-3702","1":"product","2":"type-product","3":"status-publish","4":"has-post-thumbnail","6":"product_brand-multipocket","7":"product_cat-ciuziniai","8":"product_cat-ciuziniai-su-spyruokliniu-bloku-multipocket","9":"product_cat-miegamojo_baldai","10":"desktop-align-left","11":"tablet-align-left","12":"mobile-align-left","14":"first","15":"instock","16":"shipping-taxable","17":"product-type-simple"},"uagb_featured_image_src":{"full":["https:\/\/djbaldaiwood.lt\/wp-content\/uploads\/2025\/11\/spyruoklinis-multipocket-ciuzinys-nojus.jpg",800,800,false],"thumbnail":["https:\/\/djbaldaiwood.lt\/wp-content\/uploads\/2025\/11\/spyruoklinis-multipocket-ciuzinys-nojus-150x150.jpg",150,150,true],"medium":["https:\/\/djbaldaiwood.lt\/wp-content\/uploads\/2025\/11\/spyruoklinis-multipocket-ciuzinys-nojus-300x300.jpg",300,300,true],"medium_large":["https:\/\/djbaldaiwood.lt\/wp-content\/uploads\/2025\/11\/spyruoklinis-multipocket-ciuzinys-nojus-768x768.jpg",768,768,true],"large":["https:\/\/djbaldaiwood.lt\/wp-content\/uploads\/2025\/11\/spyruoklinis-multipocket-ciuzinys-nojus.jpg",800,800,false],"1536x1536":["https:\/\/djbaldaiwood.lt\/wp-content\/uploads\/2025\/11\/spyruoklinis-multipocket-ciuzinys-nojus.jpg",800,800,false],"2048x2048":["https:\/\/djbaldaiwood.lt\/wp-content\/uploads\/2025\/11\/spyruoklinis-multipocket-ciuzinys-nojus.jpg",800,800,false],"trp-custom-language-flag":["https:\/\/djbaldaiwood.lt\/wp-content\/uploads\/2025\/11\/spyruoklinis-multipocket-ciuzinys-nojus-12x12.jpg",12,12,true],"woocommerce_thumbnail":["https:\/\/djbaldaiwood.lt\/wp-content\/uploads\/2025\/11\/spyruoklinis-multipocket-ciuzinys-nojus-300x300.jpg",300,300,true],"woocommerce_single":["https:\/\/djbaldaiwood.lt\/wp-content\/uploads\/2025\/11\/spyruoklinis-multipocket-ciuzinys-nojus-600x600.jpg",600,600,true],"woocommerce_gallery_thumbnail":["https:\/\/djbaldaiwood.lt\/wp-content\/uploads\/2025\/11\/spyruoklinis-multipocket-ciuzinys-nojus-100x100.jpg",100,100,true],"dgwt-wcas-product-suggestion":["https:\/\/djbaldaiwood.lt\/wp-content\/uploads\/2025\/11\/spyruoklinis-multipocket-ciuzinys-nojus-64x64.jpg",64,64,true]},"uagb_author_info":{"display_name":"u9335422869@gmail.com","author_link":"https:\/\/djbaldaiwood.lt\/en\/author\/"},"uagb_comment_info":0,"uagb_excerpt":"Spyruoklinis \u010diu\u017einys NOJUS \u2013 i\u0161skirtinis, dvipusis \u010diu\u017einys sukurtas specialiai tiems, kurie vertina nat\u016bralias med\u017eiagas, auk\u0161\u010diausio lygio patogum\u0105 ir maksimal\u0173 prisitaikym\u0105 prie k\u016bno. \u010ciu\u017einio savyb\u0117s: 7 zon\u0173 Multipocket spyruokli\u0173 blokas \u2013 nepriekai\u0161tinga atrama stuburui. Patvarus, dvipusis \u010diu\u017einys. Clima lateksas pasir\u016bpins, kad jaustum\u0117t\u0117s patogiai ir atsipalaidav\u0119 vis\u0105 nakt\u012f. Nat\u016bralus lino pluo\u0161tas \u2013 sveikas pasirinkimas j\u016bs\u0173 miegui, sukuria&hellip;","_links":{"self":[{"href":"https:\/\/djbaldaiwood.lt\/en\/wp-json\/wp\/v2\/product\/3702","targetHints":{"allow":["GET"]}}],"collection":[{"href":"https:\/\/djbaldaiwood.lt\/en\/wp-json\/wp\/v2\/product"}],"about":[{"href":"https:\/\/djbaldaiwood.lt\/en\/wp-json\/wp\/v2\/types\/product"}],"wp:featuredmedia":[{"embeddable":true,"href":"https:\/\/djbaldaiwood.lt\/en\/wp-json\/wp\/v2\/media\/3703"}],"wp:attachment":[{"href":"https:\/\/djbaldaiwood.lt\/en\/wp-json\/wp\/v2\/media?parent=3702"}],"wp:term":[{"taxonomy":"product_brand","embeddable":true,"href":"https:\/\/djbaldaiwood.lt\/en\/wp-json\/wp\/v2\/product_brand?post=3702"},{"taxonomy":"product_cat","embeddable":true,"href":"https:\/\/djbaldaiwood.lt\/en\/wp-json\/wp\/v2\/product_cat?post=3702"},{"taxonomy":"product_tag","embeddable":true,"href":"https:\/\/djbaldaiwood.lt\/en\/wp-json\/wp\/v2\/product_tag?post=3702"}],"curies":[{"name":"wp","href":"https:\/\/api.w.org\/{rel}","templated":true}]}}