{"id":3689,"date":"2025-11-29T18:35:00","date_gmt":"2025-11-29T18:35:00","guid":{"rendered":"https:\/\/djbaldaiwood.lt\/?post_type=product&#038;p=3689"},"modified":"2025-11-29T18:47:26","modified_gmt":"2025-11-29T18:47:26","slug":"salve","status":"publish","type":"product","link":"https:\/\/djbaldaiwood.lt\/en\/product\/salve\/","title":{"rendered":"SALV\u0116"},"content":{"rendered":"<p style=\"font-weight: 400;\">The SALV\u0116 spring mattress is a combination of individual, pocket-wound springs and HR high-elasticity polyurethane foam. A fairly simple in its composition but reliably stable mattress that guarantees that each part of your body receives individual support and comfort, regardless of whether you sleep on your side, back or stomach. Movements are not transmitted through the mattress, so you will not disturb your partner if you share a double bed (e.g. mattress 160\u00d7200).<\/p>\n<p style=\"font-weight: 400;\">Advantages of the SALV\u0116 mattress:<\/p>\n<ul style=\"font-weight: 400;\">\n<li>7-zone soft-touch pocket springs: individual comfort and support for every part of the body.<\/li>\n<li>Reversible mattress with the option to choose a slightly firmer or softer side.<\/li>\n<li>Individually wound springs dampen movement and are quiet.<\/li>\n<li>Ventilation holes on all sides and a removable, washable cover provide air circulation and the ability to maintain hygienic cleanliness.<\/li>\n<li>A wide selection of quality knitwear: white, brown, linen, with Aloe Vera extract, Bambo with bamboo thread, etc.<\/li>\n<\/ul>\n<p style=\"font-weight: 400;\">The spring mattress SALV\u0116 is of a fairly standard, comfortable height, ensuring optimal body support and comfort during sleep, and the mattress is adapted to many bed designs. It does not complicate the bed structure, because it is light enough if we talk about mattresses. It does not creak and additional ventilation holes, as well as breathable open-pore polyurethane foam, guarantee excellent air circulation. Depending on personal needs, there is an opportunity to choose a harder or softer side of the mattress.<\/p>\n<p style=\"font-weight: 400;\">The soft knitted cover with anti-allergic fluffy material provides not only a pleasant touch, but also hygiene. The easily removable cover with a zipper can be washed at up to 40\u00b0C or dry cleaned, and the fabric, for your convenience, you can even choose from several colors.<\/p>\n<p style=\"font-weight: 400;\">A new mattress is an investment in quality sleep and better well-being. Improve your sleep with the SALV\u0116 mattress!<\/p>\n<p style=\"font-weight: 400;\">Mattress height with cover: approx. 19 cm.<\/p>\n<hr \/>\n<h3 class=\"mt-5\">Fabrics<\/h3>\n<p>&nbsp;<\/p>\n<div style=\"display: flex; gap: 10px;\" data-wp-editing=\"1\">\n<div style=\"flex: 1;\">\n<p><img decoding=\"async\" class=\"aligncenter\" style=\"width: 150px; height: 150px; object-fit: cover; border-radius: 50%;\" src=\"https:\/\/djbaldaiwood.lt\/wp-content\/uploads\/2025\/11\/1724929233-Trikotazinis-baltas-audinys-Nr.-10.png\" alt=\"Trikota\u017einis baltas (Nr.10)\" \/><\/p>\n<p style=\"text-align: center;\"><strong>Knitwear <\/strong> <strong>white <\/strong><\/p>\n<p style=\"text-align: center;\"><strong>(Nr.10) <\/strong><\/p>\n<p style=\"text-align: center;\">(16% viscose,<\/p>\n<p style=\"text-align: center;\">84% polyester)<\/p>\n<\/div>\n<div style=\"flex: 1;\">\n<p style=\"text-align: center;\"><img decoding=\"async\" style=\"width: 150px; height: 150px; object-fit: cover; border-radius: 50%;\" src=\"https:\/\/djbaldaiwood.lt\/wp-content\/uploads\/2025\/11\/1726773334-IMG_5456.png\" alt=\"Trikota\u017einis su bambuku (Nr.17)\" \/><\/p>\n<p style=\"text-align: center;\"><strong> Knitted with <\/strong><\/p>\n<p style=\"text-align: center;\"><strong>bamboo (No.17)<\/strong><\/p>\n<p style=\"text-align: center;\">(36% bamboo,<\/p>\n<p style=\"text-align: center;\">64% polyester)<\/p>\n<\/div>\n<div style=\"flex: 1;\">\n<p style=\"text-align: center;\"><img decoding=\"async\" style=\"width: 150px; height: 150px; object-fit: cover; border-radius: 50%;\" src=\"https:\/\/djbaldaiwood.lt\/wp-content\/uploads\/2025\/11\/1724929414-Trikotazinis-audinys-Aloe-Vera-Nr.-32-1.png\" alt=\"Trikota\u017einis Aloe Vera (Nr.32)\" \/><\/p>\n<p style=\"text-align: center;\"><strong>Knitted Aloe <\/strong><\/p>\n<p style=\"text-align: center;\"><strong>Vera (Nr.32)<\/strong><\/p>\n<p style=\"text-align: center;\">(26% viscose,<\/p>\n<p style=\"text-align: center;\">74% polyester)<\/p>\n<\/div>\n<div style=\"flex: 1;\">\n<p style=\"text-align: center;\"><img decoding=\"async\" style=\"width: 150px; height: 150px; object-fit: cover; border-radius: 50%;\" src=\"https:\/\/djbaldaiwood.lt\/wp-content\/uploads\/2025\/11\/1724929456-Trikotazinis-lino-spalvos-audinys-Nr.-39-1.png\" alt=\"Trikota\u017einis lino spalvos (Nr. 39))\" \/><\/p>\n<p style=\"text-align: center;\"><strong>Knitted linen <\/strong><\/p>\n<p style=\"text-align: center;\"><strong>colors (No. 39)<\/strong><\/p>\n<p style=\"text-align: center;\">(23% viscose,<\/p>\n<p style=\"text-align: center;\">77% polyester)<\/p>\n<\/div>\n<div style=\"flex: 1;\">\n<p style=\"text-align: center;\"><img decoding=\"async\" style=\"width: 150px; height: 150px; object-fit: cover; border-radius: 50%;\" src=\"https:\/\/djbaldaiwood.lt\/wp-content\/uploads\/2025\/11\/1724929487-Audinys-nr.58_auraplus.eu_-23.png\" alt=\"Trikota\u017einis audinys (Nr. 58)\" \/><\/p>\n<p style=\"text-align: center;\"><strong>Knitwear <\/strong><\/p>\n<p style=\"text-align: center;\"><strong>fabric (No. 58)<\/strong><\/p>\n<p style=\"text-align: center;\">(30% viscose,<\/p>\n<p style=\"text-align: center;\">70% polyester)<\/p>\n<\/div>\n<\/div>","protected":false},"excerpt":{"rendered":"<p>Spyruoklinis \u010diu\u017einys SALV\u0116 \u2013 tai atskir\u0173, vilkt\u0173 mai\u0161eliuose spyruokli\u0173 ir HR padidinto elastingumo put\u0173 poliuretanu derinys. Pakankamai paprastas savo sud\u0117timi bet u\u017etikrintai stabilus \u010diu\u017einys garantuojantis, kad kiekviena J\u016bs\u0173 k\u016bno dalis gaut\u0173 individual\u0173 palaikym\u0105 ir komfort\u0105, nesvarbu, ar miegate ant \u0161ono, nugaros ar pilvo. Judesiai nepersiduoda per \u010diu\u017ein\u012f, tod\u0117l netrukdysite savo partneriui, jeigu dalinat\u0117s dvigule lova [&hellip;]<\/p>","protected":false},"featured_media":3690,"template":"","meta":{"_uag_custom_page_level_css":"","site-sidebar-layout":"default","site-content-layout":"","ast-site-content-layout":"default","site-content-style":"default","site-sidebar-style":"default","ast-global-header-display":"","ast-banner-title-visibility":"","ast-main-header-display":"","ast-hfb-above-header-display":"","ast-hfb-below-header-display":"","ast-hfb-mobile-header-display":"","site-post-title":"","ast-breadcrumbs-content":"","ast-featured-img":"","footer-sml-layout":"","ast-disable-related-posts":"","theme-transparent-header-meta":"default","adv-header-id-meta":"","stick-header-meta":"","header-above-stick-meta":"","header-main-stick-meta":"","header-below-stick-meta":"","astra-migrate-meta-layouts":"set","ast-page-background-enabled":"default","ast-page-background-meta":{"desktop":{"background-color":"","background-image":"","background-repeat":"repeat","background-position":"center center","background-size":"auto","background-attachment":"scroll","background-type":"","background-media":"","overlay-type":"","overlay-color":"","overlay-opacity":"","overlay-gradient":""},"tablet":{"background-color":"","background-image":"","background-repeat":"repeat","background-position":"center center","background-size":"auto","background-attachment":"scroll","background-type":"","background-media":"","overlay-type":"","overlay-color":"","overlay-opacity":"","overlay-gradient":""},"mobile":{"background-color":"","background-image":"","background-repeat":"repeat","background-position":"center center","background-size":"auto","background-attachment":"scroll","background-type":"","background-media":"","overlay-type":"","overlay-color":"","overlay-opacity":"","overlay-gradient":""}},"ast-content-background-meta":{"desktop":{"background-color":"var(--ast-global-color-5)","background-image":"","background-repeat":"repeat","background-position":"center center","background-size":"auto","background-attachment":"scroll","background-type":"","background-media":"","overlay-type":"","overlay-color":"","overlay-opacity":"","overlay-gradient":""},"tablet":{"background-color":"var(--ast-global-color-5)","background-image":"","background-repeat":"repeat","background-position":"center center","background-size":"auto","background-attachment":"scroll","background-type":"","background-media":"","overlay-type":"","overlay-color":"","overlay-opacity":"","overlay-gradient":""},"mobile":{"background-color":"var(--ast-global-color-5)","background-image":"","background-repeat":"repeat","background-position":"center center","background-size":"auto","background-attachment":"scroll","background-type":"","background-media":"","overlay-type":"","overlay-color":"","overlay-opacity":"","overlay-gradient":""}}},"product_brand":[161],"product_cat":[159,157,32],"product_tag":[],"class_list":{"0":"post-3689","1":"product","2":"type-product","3":"status-publish","4":"has-post-thumbnail","6":"product_brand-pocket","7":"product_cat-ciuziniai","8":"product_cat-ciuziniai-su-spyruoklemis-pocket","9":"product_cat-miegamojo_baldai","10":"desktop-align-left","11":"tablet-align-left","12":"mobile-align-left","14":"first","15":"instock","16":"shipping-taxable","17":"product-type-simple"},"uagb_featured_image_src":{"full":["https:\/\/djbaldaiwood.lt\/wp-content\/uploads\/2025\/11\/spyruoklinis-pocket-ciuzinys-salve.jpg",800,800,false],"thumbnail":["https:\/\/djbaldaiwood.lt\/wp-content\/uploads\/2025\/11\/spyruoklinis-pocket-ciuzinys-salve-150x150.jpg",150,150,true],"medium":["https:\/\/djbaldaiwood.lt\/wp-content\/uploads\/2025\/11\/spyruoklinis-pocket-ciuzinys-salve-300x300.jpg",300,300,true],"medium_large":["https:\/\/djbaldaiwood.lt\/wp-content\/uploads\/2025\/11\/spyruoklinis-pocket-ciuzinys-salve-768x768.jpg",768,768,true],"large":["https:\/\/djbaldaiwood.lt\/wp-content\/uploads\/2025\/11\/spyruoklinis-pocket-ciuzinys-salve.jpg",800,800,false],"1536x1536":["https:\/\/djbaldaiwood.lt\/wp-content\/uploads\/2025\/11\/spyruoklinis-pocket-ciuzinys-salve.jpg",800,800,false],"2048x2048":["https:\/\/djbaldaiwood.lt\/wp-content\/uploads\/2025\/11\/spyruoklinis-pocket-ciuzinys-salve.jpg",800,800,false],"trp-custom-language-flag":["https:\/\/djbaldaiwood.lt\/wp-content\/uploads\/2025\/11\/spyruoklinis-pocket-ciuzinys-salve-12x12.jpg",12,12,true],"woocommerce_thumbnail":["https:\/\/djbaldaiwood.lt\/wp-content\/uploads\/2025\/11\/spyruoklinis-pocket-ciuzinys-salve-300x300.jpg",300,300,true],"woocommerce_single":["https:\/\/djbaldaiwood.lt\/wp-content\/uploads\/2025\/11\/spyruoklinis-pocket-ciuzinys-salve-600x600.jpg",600,600,true],"woocommerce_gallery_thumbnail":["https:\/\/djbaldaiwood.lt\/wp-content\/uploads\/2025\/11\/spyruoklinis-pocket-ciuzinys-salve-100x100.jpg",100,100,true],"dgwt-wcas-product-suggestion":["https:\/\/djbaldaiwood.lt\/wp-content\/uploads\/2025\/11\/spyruoklinis-pocket-ciuzinys-salve-64x64.jpg",64,64,true]},"uagb_author_info":{"display_name":"u9335422869@gmail.com","author_link":"https:\/\/djbaldaiwood.lt\/en\/author\/"},"uagb_comment_info":0,"uagb_excerpt":"Spyruoklinis \u010diu\u017einys SALV\u0116 \u2013 tai atskir\u0173, vilkt\u0173 mai\u0161eliuose spyruokli\u0173 ir HR padidinto elastingumo put\u0173 poliuretanu derinys. Pakankamai paprastas savo sud\u0117timi bet u\u017etikrintai stabilus \u010diu\u017einys garantuojantis, kad kiekviena J\u016bs\u0173 k\u016bno dalis gaut\u0173 individual\u0173 palaikym\u0105 ir komfort\u0105, nesvarbu, ar miegate ant \u0161ono, nugaros ar pilvo. Judesiai nepersiduoda per \u010diu\u017ein\u012f, tod\u0117l netrukdysite savo partneriui, jeigu dalinat\u0117s dvigule lova&hellip;","_links":{"self":[{"href":"https:\/\/djbaldaiwood.lt\/en\/wp-json\/wp\/v2\/product\/3689","targetHints":{"allow":["GET"]}}],"collection":[{"href":"https:\/\/djbaldaiwood.lt\/en\/wp-json\/wp\/v2\/product"}],"about":[{"href":"https:\/\/djbaldaiwood.lt\/en\/wp-json\/wp\/v2\/types\/product"}],"wp:featuredmedia":[{"embeddable":true,"href":"https:\/\/djbaldaiwood.lt\/en\/wp-json\/wp\/v2\/media\/3690"}],"wp:attachment":[{"href":"https:\/\/djbaldaiwood.lt\/en\/wp-json\/wp\/v2\/media?parent=3689"}],"wp:term":[{"taxonomy":"product_brand","embeddable":true,"href":"https:\/\/djbaldaiwood.lt\/en\/wp-json\/wp\/v2\/product_brand?post=3689"},{"taxonomy":"product_cat","embeddable":true,"href":"https:\/\/djbaldaiwood.lt\/en\/wp-json\/wp\/v2\/product_cat?post=3689"},{"taxonomy":"product_tag","embeddable":true,"href":"https:\/\/djbaldaiwood.lt\/en\/wp-json\/wp\/v2\/product_tag?post=3689"}],"curies":[{"name":"wp","href":"https:\/\/api.w.org\/{rel}","templated":true}]}}