{"id":3680,"date":"2025-11-29T17:37:50","date_gmt":"2025-11-29T17:37:50","guid":{"rendered":"https:\/\/djbaldaiwood.lt\/?post_type=product&#038;p=3680"},"modified":"2025-11-29T18:43:45","modified_gmt":"2025-11-29T18:43:45","slug":"amber-hybrid","status":"publish","type":"product","link":"https:\/\/djbaldaiwood.lt\/en\/product\/amber-hybrid\/","title":{"rendered":"AMBER Hybrid"},"content":{"rendered":"<p style=\"font-weight: 400;\">The AMBER Hybrid springless mattress is the perfect sleeping base for those who prefer a medium-firm bed for their rest. The three-layer mattress core is made up of different, highly elastic materials, which complement each other to create a comfortable, stable support base.<\/p>\n<p style=\"font-weight: 400;\">Mattress features:<\/p>\n<ul style=\"font-weight: 400;\">\n<li>Three-layer core of Hybrid and Tiger Touch polyurethane foam and Clima latex for optimal comfort.<\/li>\n<li>Extremely stretchy and elastic.<\/li>\n<li>Also suitable for modern beds with a position adjustment mechanism that allows you to adjust the vertical mode.<\/li>\n<li>The mattress cover is easily removable with a zipper, which improves mattress care and cleaning.<\/li>\n<li>Rolled, easy to transport. (can be straight)<\/li>\n<\/ul>\n<p style=\"font-weight: 400;\">We have created a combination of three, especially elastic parts for a smooth sleep experience. The main part of the mattress core is Hybrid foam polyurethane in combination with layers of newly extracted high-quality polyurethane \"Tiger Touch\" and \"Clima\" latex, which will help you immerse yourself in an oasis of comfortable rest. High-quality Hybrid foam polyurethane, where high-elastic cold foam is perfected to provide excellent support for the sleeper's body, is an extremely elastic and stretchy material for a firmer, more stable sleeping base. \"Tiger Touch\" foam polyurethane has excellent air permeability, moisture regulation, antibacterial properties and provides a unique feeling of comfort. The top layer of \"Clima\" latex provides elasticity, is softer to the touch and has greater softness.<\/p>\n<p style=\"font-weight: 400;\">The AMBER Hybrid springless mattress is quiet, helps relax tense muscles, providing deep, restorative sleep. When purchasing this mattress, you can be sure that you will sleep on materials that are friendly to both you and the environment. All materials used in production are tested and certified.<\/p>\n<p style=\"font-weight: 400;\">High-quality, knitted mattress cover is surrounded on all sides by a 3D mesh, does not accumulate moisture. It is removable with a zipper, practical and can be washed at a temperature of up to 40 \u00b0C or dry cleaned as needed, thus ensuring perfect hygiene of the cover. It is also possible to choose the color of the cover, as well as its composition or processing options, from several descriptions below.<\/p>\n<p style=\"font-weight: 400;\">Mattress height with cover approx.: 18 cm.<\/p>\n<p style=\"font-weight: 400;\">Orthopedic load for 1 person up to 110 kg.<\/p>\n<hr \/>\n<h3 class=\"mt-5\">Fabrics<\/h3>\n<p>&nbsp;<\/p>\n<div style=\"display: flex; gap: 10px;\" data-wp-editing=\"1\">\n<div style=\"flex: 1;\">\n<p><img decoding=\"async\" class=\"aligncenter\" style=\"width: 150px; height: 150px; object-fit: cover; border-radius: 50%;\" src=\"https:\/\/djbaldaiwood.lt\/wp-content\/uploads\/2025\/11\/1724929233-Trikotazinis-baltas-audinys-Nr.-10.png\" alt=\"Trikota\u017einis baltas (Nr.10)\" \/><\/p>\n<p style=\"text-align: center;\"><strong>Knitwear <\/strong> <strong>white <\/strong><\/p>\n<p style=\"text-align: center;\"><strong>(Nr.10) <\/strong><\/p>\n<p style=\"text-align: center;\">(16% viscose,<\/p>\n<p style=\"text-align: center;\">84% polyester)<\/p>\n<\/div>\n<div style=\"flex: 1;\">\n<p style=\"text-align: center;\"><img decoding=\"async\" style=\"width: 150px; height: 150px; object-fit: cover; border-radius: 50%;\" src=\"https:\/\/djbaldaiwood.lt\/wp-content\/uploads\/2025\/11\/1726773334-IMG_5456.png\" alt=\"Trikota\u017einis su bambuku (Nr.17)\" \/><\/p>\n<p style=\"text-align: center;\"><strong> Knitted with <\/strong><\/p>\n<p style=\"text-align: center;\"><strong>bamboo (No.17)<\/strong><\/p>\n<p style=\"text-align: center;\">(36% bamboo,<\/p>\n<p style=\"text-align: center;\">64% polyester)<\/p>\n<\/div>\n<div style=\"flex: 1;\">\n<p style=\"text-align: center;\"><img decoding=\"async\" style=\"width: 150px; height: 150px; object-fit: cover; border-radius: 50%;\" src=\"https:\/\/djbaldaiwood.lt\/wp-content\/uploads\/2025\/11\/1724929414-Trikotazinis-audinys-Aloe-Vera-Nr.-32-1.png\" alt=\"Trikota\u017einis Aloe Vera (Nr.32)\" \/><\/p>\n<p style=\"text-align: center;\"><strong>Knitted Aloe <\/strong><\/p>\n<p style=\"text-align: center;\"><strong>Vera (Nr.32)<\/strong><\/p>\n<p style=\"text-align: center;\">(26% viscose,<\/p>\n<p style=\"text-align: center;\">74% polyester)<\/p>\n<\/div>\n<div style=\"flex: 1;\">\n<p style=\"text-align: center;\"><img decoding=\"async\" style=\"width: 150px; height: 150px; object-fit: cover; border-radius: 50%;\" src=\"https:\/\/djbaldaiwood.lt\/wp-content\/uploads\/2025\/11\/1724929456-Trikotazinis-lino-spalvos-audinys-Nr.-39-1.png\" alt=\"Trikota\u017einis lino spalvos (Nr. 39))\" \/><\/p>\n<p style=\"text-align: center;\"><strong>Knitted linen <\/strong><\/p>\n<p style=\"text-align: center;\"><strong>colors (No. 39)<\/strong><\/p>\n<p style=\"text-align: center;\">(23% viscose,<\/p>\n<p style=\"text-align: center;\">77% polyester)<\/p>\n<\/div>\n<div style=\"flex: 1;\">\n<p style=\"text-align: center;\"><img decoding=\"async\" style=\"width: 150px; height: 150px; object-fit: cover; border-radius: 50%;\" src=\"https:\/\/djbaldaiwood.lt\/wp-content\/uploads\/2025\/11\/1724929487-Audinys-nr.58_auraplus.eu_-23.png\" alt=\"Trikota\u017einis audinys (Nr. 58)\" \/><\/p>\n<p style=\"text-align: center;\"><strong>Knitwear <\/strong><\/p>\n<p style=\"text-align: center;\"><strong>fabric (No. 58)<\/strong><\/p>\n<p style=\"text-align: center;\">(30% viscose,<\/p>\n<p style=\"text-align: center;\">70% polyester)<\/p>\n<\/div>\n<\/div>","protected":false},"excerpt":{"rendered":"<p>Nespyruoklinis \u010diu\u017einys AMBER Hybrid -tai tobulas miego pagrindas tiems kurie, savo poilsiui, renkasi vidutinio kietumo lov\u0105. Trij\u0173 sluoksni\u0173 \u010diu\u017einio branduolys sudarytas i\u0161 skirting\u0173, ypa\u010d elasting\u0173 med\u017eiag\u0173, kurios papildydamos viena kit\u0105, sukuria patogios, stabilios atramos pagrind\u0105. \u010ciu\u017einio savyb\u0117s: Trij\u0173 sluoksni\u0173 branduolys i\u0161 Hybrid ir \u201eTiger Touch\u201c put\u0173 poliuretano bei \u201eClima\u201c latekso optimaliam komfortui pasiekti. Ypatingai tamprus [&hellip;]<\/p>","protected":false},"featured_media":3687,"template":"","meta":{"_uag_custom_page_level_css":"","site-sidebar-layout":"default","site-content-layout":"","ast-site-content-layout":"default","site-content-style":"default","site-sidebar-style":"default","ast-global-header-display":"","ast-banner-title-visibility":"","ast-main-header-display":"","ast-hfb-above-header-display":"","ast-hfb-below-header-display":"","ast-hfb-mobile-header-display":"","site-post-title":"","ast-breadcrumbs-content":"","ast-featured-img":"","footer-sml-layout":"","ast-disable-related-posts":"","theme-transparent-header-meta":"default","adv-header-id-meta":"","stick-header-meta":"","header-above-stick-meta":"","header-main-stick-meta":"","header-below-stick-meta":"","astra-migrate-meta-layouts":"set","ast-page-background-enabled":"default","ast-page-background-meta":{"desktop":{"background-color":"","background-image":"","background-repeat":"repeat","background-position":"center center","background-size":"auto","background-attachment":"scroll","background-type":"","background-media":"","overlay-type":"","overlay-color":"","overlay-opacity":"","overlay-gradient":""},"tablet":{"background-color":"","background-image":"","background-repeat":"repeat","background-position":"center center","background-size":"auto","background-attachment":"scroll","background-type":"","background-media":"","overlay-type":"","overlay-color":"","overlay-opacity":"","overlay-gradient":""},"mobile":{"background-color":"","background-image":"","background-repeat":"repeat","background-position":"center center","background-size":"auto","background-attachment":"scroll","background-type":"","background-media":"","overlay-type":"","overlay-color":"","overlay-opacity":"","overlay-gradient":""}},"ast-content-background-meta":{"desktop":{"background-color":"var(--ast-global-color-5)","background-image":"","background-repeat":"repeat","background-position":"center center","background-size":"auto","background-attachment":"scroll","background-type":"","background-media":"","overlay-type":"","overlay-color":"","overlay-opacity":"","overlay-gradient":""},"tablet":{"background-color":"var(--ast-global-color-5)","background-image":"","background-repeat":"repeat","background-position":"center center","background-size":"auto","background-attachment":"scroll","background-type":"","background-media":"","overlay-type":"","overlay-color":"","overlay-opacity":"","overlay-gradient":""},"mobile":{"background-color":"var(--ast-global-color-5)","background-image":"","background-repeat":"repeat","background-position":"center center","background-size":"auto","background-attachment":"scroll","background-type":"","background-media":"","overlay-type":"","overlay-color":"","overlay-opacity":"","overlay-gradient":""}}},"product_brand":[],"product_cat":[160,159,32],"product_tag":[],"class_list":{"0":"post-3680","1":"product","2":"type-product","3":"status-publish","4":"has-post-thumbnail","6":"product_cat-bespyruokliniai-ciuziniai","7":"product_cat-ciuziniai","8":"product_cat-miegamojo_baldai","9":"desktop-align-left","10":"tablet-align-left","11":"mobile-align-left","13":"first","14":"instock","15":"shipping-taxable","16":"product-type-simple"},"uagb_featured_image_src":{"full":["https:\/\/djbaldaiwood.lt\/wp-content\/uploads\/2025\/11\/nespyruoklinis-susukamas-ciuzinys-amber-hybrid.jpg",800,800,false],"thumbnail":["https:\/\/djbaldaiwood.lt\/wp-content\/uploads\/2025\/11\/nespyruoklinis-susukamas-ciuzinys-amber-hybrid-150x150.jpg",150,150,true],"medium":["https:\/\/djbaldaiwood.lt\/wp-content\/uploads\/2025\/11\/nespyruoklinis-susukamas-ciuzinys-amber-hybrid-300x300.jpg",300,300,true],"medium_large":["https:\/\/djbaldaiwood.lt\/wp-content\/uploads\/2025\/11\/nespyruoklinis-susukamas-ciuzinys-amber-hybrid-768x768.jpg",768,768,true],"large":["https:\/\/djbaldaiwood.lt\/wp-content\/uploads\/2025\/11\/nespyruoklinis-susukamas-ciuzinys-amber-hybrid.jpg",800,800,false],"1536x1536":["https:\/\/djbaldaiwood.lt\/wp-content\/uploads\/2025\/11\/nespyruoklinis-susukamas-ciuzinys-amber-hybrid.jpg",800,800,false],"2048x2048":["https:\/\/djbaldaiwood.lt\/wp-content\/uploads\/2025\/11\/nespyruoklinis-susukamas-ciuzinys-amber-hybrid.jpg",800,800,false],"trp-custom-language-flag":["https:\/\/djbaldaiwood.lt\/wp-content\/uploads\/2025\/11\/nespyruoklinis-susukamas-ciuzinys-amber-hybrid-12x12.jpg",12,12,true],"woocommerce_thumbnail":["https:\/\/djbaldaiwood.lt\/wp-content\/uploads\/2025\/11\/nespyruoklinis-susukamas-ciuzinys-amber-hybrid-300x300.jpg",300,300,true],"woocommerce_single":["https:\/\/djbaldaiwood.lt\/wp-content\/uploads\/2025\/11\/nespyruoklinis-susukamas-ciuzinys-amber-hybrid-600x600.jpg",600,600,true],"woocommerce_gallery_thumbnail":["https:\/\/djbaldaiwood.lt\/wp-content\/uploads\/2025\/11\/nespyruoklinis-susukamas-ciuzinys-amber-hybrid-100x100.jpg",100,100,true],"dgwt-wcas-product-suggestion":["https:\/\/djbaldaiwood.lt\/wp-content\/uploads\/2025\/11\/nespyruoklinis-susukamas-ciuzinys-amber-hybrid-64x64.jpg",64,64,true]},"uagb_author_info":{"display_name":"u9335422869@gmail.com","author_link":"https:\/\/djbaldaiwood.lt\/en\/author\/"},"uagb_comment_info":0,"uagb_excerpt":"Nespyruoklinis \u010diu\u017einys AMBER Hybrid -tai tobulas miego pagrindas tiems kurie, savo poilsiui, renkasi vidutinio kietumo lov\u0105. Trij\u0173 sluoksni\u0173 \u010diu\u017einio branduolys sudarytas i\u0161 skirting\u0173, ypa\u010d elasting\u0173 med\u017eiag\u0173, kurios papildydamos viena kit\u0105, sukuria patogios, stabilios atramos pagrind\u0105. \u010ciu\u017einio savyb\u0117s: Trij\u0173 sluoksni\u0173 branduolys i\u0161 Hybrid ir \u201eTiger Touch\u201c put\u0173 poliuretano bei \u201eClima\u201c latekso optimaliam komfortui pasiekti. Ypatingai tamprus&hellip;","_links":{"self":[{"href":"https:\/\/djbaldaiwood.lt\/en\/wp-json\/wp\/v2\/product\/3680","targetHints":{"allow":["GET"]}}],"collection":[{"href":"https:\/\/djbaldaiwood.lt\/en\/wp-json\/wp\/v2\/product"}],"about":[{"href":"https:\/\/djbaldaiwood.lt\/en\/wp-json\/wp\/v2\/types\/product"}],"wp:featuredmedia":[{"embeddable":true,"href":"https:\/\/djbaldaiwood.lt\/en\/wp-json\/wp\/v2\/media\/3687"}],"wp:attachment":[{"href":"https:\/\/djbaldaiwood.lt\/en\/wp-json\/wp\/v2\/media?parent=3680"}],"wp:term":[{"taxonomy":"product_brand","embeddable":true,"href":"https:\/\/djbaldaiwood.lt\/en\/wp-json\/wp\/v2\/product_brand?post=3680"},{"taxonomy":"product_cat","embeddable":true,"href":"https:\/\/djbaldaiwood.lt\/en\/wp-json\/wp\/v2\/product_cat?post=3680"},{"taxonomy":"product_tag","embeddable":true,"href":"https:\/\/djbaldaiwood.lt\/en\/wp-json\/wp\/v2\/product_tag?post=3680"}],"curies":[{"name":"wp","href":"https:\/\/api.w.org\/{rel}","templated":true}]}}