{"id":3666,"date":"2025-11-29T12:43:27","date_gmt":"2025-11-29T12:43:27","guid":{"rendered":"https:\/\/djbaldaiwood.lt\/?post_type=product&#038;p=3666"},"modified":"2025-11-29T19:20:13","modified_gmt":"2025-11-29T19:20:13","slug":"alanta","status":"publish","type":"product","link":"https:\/\/djbaldaiwood.lt\/en\/product\/alanta\/","title":{"rendered":"ALANTA"},"content":{"rendered":"<p style=\"font-weight: 400;\">Springless mattress ALANTA \u2013 a classic combination of different density HR foam and viscoelastic material. Relaxes tense body muscles and provides unique comfort for a tired back. This product is created using advanced technologies and the highest quality materials to make sleep comfortable and safe.<\/p>\n<p style=\"font-weight: 400;\">Advantages of the ALANTA spring mattress:<\/p>\n<ul style=\"font-weight: 400;\">\n<li>Viscoelastic material gives the mattress a unique feeling of comfort, this modern material adapts to the body's shape, reducing pressure.<\/li>\n<li>The mattress distributes weight evenly, providing optimal support for the entire body.<\/li>\n<li>A resilient, stable support mattress helps relax tense muscles, providing deep and restorative sleep.<\/li>\n<li>The reversible design allows you to use the mattress on both sides, allowing you to have a slightly firmer or medium firm base.<\/li>\n<li>Also suitable for modern beds with a position adjustment mechanism that allows you to adjust the vertical mode.<\/li>\n<li>The mattress cover is easily removable with a zipper, which improves mattress care and cleaning.<\/li>\n<\/ul>\n<p style=\"font-weight: 400;\">The ALANTA springless mattress uses an innovative \u201cVitaRest origin BIO green\u201d layer \u2013 an advanced material that guarantees the highest quality of sleep. The viscoelastic material, also known as memory foam, reacts to body heat and adapts to the contours of the body, evenly distributing weight and ensuring maximum comfort.<\/p>\n<p style=\"font-weight: 400;\">When purchasing a mattress, you can be sure that you will sleep on materials that are friendly to both you and the environment. All materials used in production are certified and tested. When used by two sleepers (such as a 160\u00d7200 mattress), it does not transmit movements.<\/p>\n<p style=\"font-weight: 400;\">The soft mattress cover is made of high-quality knitted fabric. The anti-allergic material, which is sewn on both sides of the cover, provides additional comfort and safety. The cover is easily removable and washable at up to 40 \u00baC, ensuring its hygiene and cleanliness.<\/p>\n<p style=\"font-weight: 400;\">Mattress height with cover approx.: 18 cm.<\/p>\n<hr \/>\n<h3 class=\"mt-5\">Fabrics<\/h3>\n<p>&nbsp;<\/p>\n<div style=\"display: flex; gap: 10px;\" data-wp-editing=\"1\">\n<div style=\"flex: 1;\">\n<p><img decoding=\"async\" class=\"aligncenter\" style=\"width: 150px; height: 150px; object-fit: cover; border-radius: 50%;\" src=\"https:\/\/djbaldaiwood.lt\/wp-content\/uploads\/2025\/11\/1724929233-Trikotazinis-baltas-audinys-Nr.-10.png\" alt=\"Trikota\u017einis baltas (Nr.10)\" \/><\/p>\n<p style=\"text-align: center;\"><strong>Knitwear <\/strong> <strong>white <\/strong><\/p>\n<p style=\"text-align: center;\"><strong>(Nr.10) <\/strong><\/p>\n<p style=\"text-align: center;\">(16% viscose,<\/p>\n<p style=\"text-align: center;\">84% polyester)<\/p>\n<\/div>\n<div style=\"flex: 1;\">\n<p style=\"text-align: center;\"><img decoding=\"async\" style=\"width: 150px; height: 150px; object-fit: cover; border-radius: 50%;\" src=\"https:\/\/djbaldaiwood.lt\/wp-content\/uploads\/2025\/11\/1726773334-IMG_5456.png\" alt=\"Trikota\u017einis su bambuku (Nr.17)\" \/><\/p>\n<p style=\"text-align: center;\"><strong> Knitted with <\/strong><\/p>\n<p style=\"text-align: center;\"><strong>bamboo (No.17)<\/strong><\/p>\n<p style=\"text-align: center;\">(36% bamboo,<\/p>\n<p style=\"text-align: center;\">64% polyester)<\/p>\n<\/div>\n<div style=\"flex: 1;\">\n<p style=\"text-align: center;\"><img decoding=\"async\" style=\"width: 150px; height: 150px; object-fit: cover; border-radius: 50%;\" src=\"https:\/\/djbaldaiwood.lt\/wp-content\/uploads\/2025\/11\/1724929414-Trikotazinis-audinys-Aloe-Vera-Nr.-32-1.png\" alt=\"Trikota\u017einis Aloe Vera (Nr.32)\" \/><\/p>\n<p style=\"text-align: center;\"><strong>Knitted Aloe <\/strong><\/p>\n<p style=\"text-align: center;\"><strong>Vera (Nr.32)<\/strong><\/p>\n<p style=\"text-align: center;\">(26% viscose,<\/p>\n<p style=\"text-align: center;\">74% polyester)<\/p>\n<\/div>\n<div style=\"flex: 1;\">\n<p style=\"text-align: center;\"><img decoding=\"async\" style=\"width: 150px; height: 150px; object-fit: cover; border-radius: 50%;\" src=\"https:\/\/djbaldaiwood.lt\/wp-content\/uploads\/2025\/11\/1724929456-Trikotazinis-lino-spalvos-audinys-Nr.-39-1.png\" alt=\"Trikota\u017einis lino spalvos (Nr. 39))\" \/><\/p>\n<p style=\"text-align: center;\"><strong>Knitted linen <\/strong><\/p>\n<p style=\"text-align: center;\"><strong>colors (No. 39)<\/strong><\/p>\n<p style=\"text-align: center;\">(23% viscose,<\/p>\n<p style=\"text-align: center;\">77% polyester)<\/p>\n<\/div>\n<div style=\"flex: 1;\">\n<p style=\"text-align: center;\"><img decoding=\"async\" style=\"width: 150px; height: 150px; object-fit: cover; border-radius: 50%;\" src=\"https:\/\/djbaldaiwood.lt\/wp-content\/uploads\/2025\/11\/1724929487-Audinys-nr.58_auraplus.eu_-23.png\" alt=\"Trikota\u017einis audinys (Nr. 58)\" \/><\/p>\n<p style=\"text-align: center;\"><strong>Knitwear <\/strong><\/p>\n<p style=\"text-align: center;\"><strong>fabric (No. 58)<\/strong><\/p>\n<p style=\"text-align: center;\">(30% viscose,<\/p>\n<p style=\"text-align: center;\">70% polyester)<\/p>\n<\/div>\n<\/div>","protected":false},"excerpt":{"rendered":"<p>Nespyruoklinis \u010diu\u017einys ALANTA &#8211; klasikinis skirtingo tankio HR put\u0173 ir viskoelastin\u0117s med\u017eiagos derinys. Atpalaiduoja \u012fsitempusius k\u016bno raumenis ir suteikia nepakartojam\u0105 komfort\u0105 pavargusiai nugarai. \u0160is produktas sukurtas naudojant pa\u017eangias technologijas ir auk\u0161\u010diausios kokyb\u0117s med\u017eiagas, kad\u00a0 miegas tapt\u0173 patogus ir saugus. Nespyruoklinio \u010diu\u017einio ALANTA privalumai: Viskoelastin\u0117 med\u017eiaga suteikia \u010diu\u017einiui nepakartojam\u0105 komforto poj\u016bt\u012f,\u00a0\u0161i moderni med\u017eiaga prisitaiko prie k\u016bno [&hellip;]<\/p>","protected":false},"featured_media":3671,"template":"","meta":{"_uag_custom_page_level_css":"","site-sidebar-layout":"default","site-content-layout":"","ast-site-content-layout":"default","site-content-style":"default","site-sidebar-style":"default","ast-global-header-display":"","ast-banner-title-visibility":"","ast-main-header-display":"","ast-hfb-above-header-display":"","ast-hfb-below-header-display":"","ast-hfb-mobile-header-display":"","site-post-title":"","ast-breadcrumbs-content":"","ast-featured-img":"","footer-sml-layout":"","ast-disable-related-posts":"","theme-transparent-header-meta":"default","adv-header-id-meta":"","stick-header-meta":"","header-above-stick-meta":"","header-main-stick-meta":"","header-below-stick-meta":"","astra-migrate-meta-layouts":"set","ast-page-background-enabled":"default","ast-page-background-meta":{"desktop":{"background-color":"","background-image":"","background-repeat":"repeat","background-position":"center center","background-size":"auto","background-attachment":"scroll","background-type":"","background-media":"","overlay-type":"","overlay-color":"","overlay-opacity":"","overlay-gradient":""},"tablet":{"background-color":"","background-image":"","background-repeat":"repeat","background-position":"center center","background-size":"auto","background-attachment":"scroll","background-type":"","background-media":"","overlay-type":"","overlay-color":"","overlay-opacity":"","overlay-gradient":""},"mobile":{"background-color":"","background-image":"","background-repeat":"repeat","background-position":"center center","background-size":"auto","background-attachment":"scroll","background-type":"","background-media":"","overlay-type":"","overlay-color":"","overlay-opacity":"","overlay-gradient":""}},"ast-content-background-meta":{"desktop":{"background-color":"var(--ast-global-color-5)","background-image":"","background-repeat":"repeat","background-position":"center center","background-size":"auto","background-attachment":"scroll","background-type":"","background-media":"","overlay-type":"","overlay-color":"","overlay-opacity":"","overlay-gradient":""},"tablet":{"background-color":"var(--ast-global-color-5)","background-image":"","background-repeat":"repeat","background-position":"center center","background-size":"auto","background-attachment":"scroll","background-type":"","background-media":"","overlay-type":"","overlay-color":"","overlay-opacity":"","overlay-gradient":""},"mobile":{"background-color":"var(--ast-global-color-5)","background-image":"","background-repeat":"repeat","background-position":"center center","background-size":"auto","background-attachment":"scroll","background-type":"","background-media":"","overlay-type":"","overlay-color":"","overlay-opacity":"","overlay-gradient":""}}},"product_brand":[],"product_cat":[160,159],"product_tag":[],"class_list":{"0":"post-3666","1":"product","2":"type-product","3":"status-publish","4":"has-post-thumbnail","6":"product_cat-bespyruokliniai-ciuziniai","7":"product_cat-ciuziniai","8":"desktop-align-left","9":"tablet-align-left","10":"mobile-align-left","12":"first","13":"instock","14":"shipping-taxable","15":"product-type-simple"},"uagb_featured_image_src":{"full":["https:\/\/djbaldaiwood.lt\/wp-content\/uploads\/2025\/11\/nespyruoklinis-ciuzinys-alanta10.jpg",800,800,false],"thumbnail":["https:\/\/djbaldaiwood.lt\/wp-content\/uploads\/2025\/11\/nespyruoklinis-ciuzinys-alanta10-150x150.jpg",150,150,true],"medium":["https:\/\/djbaldaiwood.lt\/wp-content\/uploads\/2025\/11\/nespyruoklinis-ciuzinys-alanta10-300x300.jpg",300,300,true],"medium_large":["https:\/\/djbaldaiwood.lt\/wp-content\/uploads\/2025\/11\/nespyruoklinis-ciuzinys-alanta10-768x768.jpg",768,768,true],"large":["https:\/\/djbaldaiwood.lt\/wp-content\/uploads\/2025\/11\/nespyruoklinis-ciuzinys-alanta10.jpg",800,800,false],"1536x1536":["https:\/\/djbaldaiwood.lt\/wp-content\/uploads\/2025\/11\/nespyruoklinis-ciuzinys-alanta10.jpg",800,800,false],"2048x2048":["https:\/\/djbaldaiwood.lt\/wp-content\/uploads\/2025\/11\/nespyruoklinis-ciuzinys-alanta10.jpg",800,800,false],"trp-custom-language-flag":["https:\/\/djbaldaiwood.lt\/wp-content\/uploads\/2025\/11\/nespyruoklinis-ciuzinys-alanta10-12x12.jpg",12,12,true],"woocommerce_thumbnail":["https:\/\/djbaldaiwood.lt\/wp-content\/uploads\/2025\/11\/nespyruoklinis-ciuzinys-alanta10-300x300.jpg",300,300,true],"woocommerce_single":["https:\/\/djbaldaiwood.lt\/wp-content\/uploads\/2025\/11\/nespyruoklinis-ciuzinys-alanta10-600x600.jpg",600,600,true],"woocommerce_gallery_thumbnail":["https:\/\/djbaldaiwood.lt\/wp-content\/uploads\/2025\/11\/nespyruoklinis-ciuzinys-alanta10-100x100.jpg",100,100,true],"dgwt-wcas-product-suggestion":["https:\/\/djbaldaiwood.lt\/wp-content\/uploads\/2025\/11\/nespyruoklinis-ciuzinys-alanta10-64x64.jpg",64,64,true]},"uagb_author_info":{"display_name":"u9335422869@gmail.com","author_link":"https:\/\/djbaldaiwood.lt\/en\/author\/"},"uagb_comment_info":0,"uagb_excerpt":"Nespyruoklinis \u010diu\u017einys ALANTA &#8211; klasikinis skirtingo tankio HR put\u0173 ir viskoelastin\u0117s med\u017eiagos derinys. Atpalaiduoja \u012fsitempusius k\u016bno raumenis ir suteikia nepakartojam\u0105 komfort\u0105 pavargusiai nugarai. \u0160is produktas sukurtas naudojant pa\u017eangias technologijas ir auk\u0161\u010diausios kokyb\u0117s med\u017eiagas, kad\u00a0 miegas tapt\u0173 patogus ir saugus. Nespyruoklinio \u010diu\u017einio ALANTA privalumai: Viskoelastin\u0117 med\u017eiaga suteikia \u010diu\u017einiui nepakartojam\u0105 komforto poj\u016bt\u012f,\u00a0\u0161i moderni med\u017eiaga prisitaiko prie k\u016bno&hellip;","_links":{"self":[{"href":"https:\/\/djbaldaiwood.lt\/en\/wp-json\/wp\/v2\/product\/3666","targetHints":{"allow":["GET"]}}],"collection":[{"href":"https:\/\/djbaldaiwood.lt\/en\/wp-json\/wp\/v2\/product"}],"about":[{"href":"https:\/\/djbaldaiwood.lt\/en\/wp-json\/wp\/v2\/types\/product"}],"wp:featuredmedia":[{"embeddable":true,"href":"https:\/\/djbaldaiwood.lt\/en\/wp-json\/wp\/v2\/media\/3671"}],"wp:attachment":[{"href":"https:\/\/djbaldaiwood.lt\/en\/wp-json\/wp\/v2\/media?parent=3666"}],"wp:term":[{"taxonomy":"product_brand","embeddable":true,"href":"https:\/\/djbaldaiwood.lt\/en\/wp-json\/wp\/v2\/product_brand?post=3666"},{"taxonomy":"product_cat","embeddable":true,"href":"https:\/\/djbaldaiwood.lt\/en\/wp-json\/wp\/v2\/product_cat?post=3666"},{"taxonomy":"product_tag","embeddable":true,"href":"https:\/\/djbaldaiwood.lt\/en\/wp-json\/wp\/v2\/product_tag?post=3666"}],"curies":[{"name":"wp","href":"https:\/\/api.w.org\/{rel}","templated":true}]}}